{"id":163,"date":"2025-06-05T17:10:28","date_gmt":"2025-06-05T15:10:28","guid":{"rendered":"https:\/\/rotomoulage.yohanndeprez.com\/?page_id=163"},"modified":"2025-06-15T18:57:35","modified_gmt":"2025-06-15T16:57:35","slug":"agriculture","status":"publish","type":"page","link":"https:\/\/rotomoulage.org\/en\/applications\/agriculture\/","title":{"rendered":"Agriculture"},"content":{"rendered":"<div data-elementor-type=\"wp-page\" data-elementor-id=\"163\" class=\"elementor elementor-163\" data-elementor-post-type=\"page\">\n\t\t\t\t<div class=\"elementor-element elementor-element-62f9174 e-flex e-con-boxed e-con e-parent\" data-id=\"62f9174\" data-element_type=\"container\" data-e-type=\"container\" data-settings=\"{&quot;jet_parallax_layout_list&quot;:[]}\">\n\t\t\t\t\t<div class=\"e-con-inner\">\n\t\t\t\t<div class=\"elementor-element elementor-element-a00db81 elementor-widget elementor-widget-heading\" data-id=\"a00db81\" data-element_type=\"widget\" data-e-type=\"widget\" data-widget_type=\"heading.default\">\n\t\t\t\t<div class=\"elementor-widget-container\">\n\t\t\t\t\t<h1 class=\"elementor-heading-title elementor-size-default\">Agriculture<\/h1>\t\t\t\t<\/div>\n\t\t\t\t<\/div>\n\t\t\t\t<div class=\"elementor-element elementor-element-8010348 elementor-widget-divider--view-line elementor-widget elementor-widget-divider\" data-id=\"8010348\" data-element_type=\"widget\" data-e-type=\"widget\" data-widget_type=\"divider.default\">\n\t\t\t\t<div class=\"elementor-widget-container\">\n\t\t\t\t\t\t\t<div class=\"elementor-divider\">\n\t\t\t<span class=\"elementor-divider-separator\">\n\t\t\t\t\t\t<\/span>\n\t\t<\/div>\n\t\t\t\t\t\t<\/div>\n\t\t\t\t<\/div>\n\t\t\t\t\t<\/div>\n\t\t\t\t<\/div>\n\t\t<div class=\"elementor-element elementor-element-a1869a9 e-flex e-con-boxed e-con e-parent\" data-id=\"a1869a9\" data-element_type=\"container\" data-e-type=\"container\" data-settings=\"{&quot;jet_parallax_layout_list&quot;:[]}\">\n\t\t\t\t\t<div class=\"e-con-inner\">\n\t\t<div class=\"elementor-element elementor-element-966ecb1 e-grid e-con-full e-con e-child\" data-id=\"966ecb1\" data-element_type=\"container\" data-e-type=\"container\" data-settings=\"{&quot;jet_parallax_layout_list&quot;:[]}\">\n\t\t<div class=\"elementor-element elementor-element-1f6538e e-con-full e-flex e-con e-child\" data-id=\"1f6538e\" data-element_type=\"container\" data-e-type=\"container\" data-settings=\"{&quot;jet_parallax_layout_list&quot;:[]}\">\n\t\t\t\t<div class=\"elementor-element elementor-element-f983104 dce_masking-none elementor-widget elementor-widget-image\" data-id=\"f983104\" data-element_type=\"widget\" data-e-type=\"widget\" data-widget_type=\"image.default\">\n\t\t\t\t<div class=\"elementor-widget-container\">\n\t\t\t\t\t\t\t\t\t\t\t\t\t\t\t<img fetchpriority=\"high\" decoding=\"async\" width=\"512\" height=\"341\" src=\"https:\/\/rotomoulage.org\/wp-content\/uploads\/2025\/06\/ROTOPLUS-LA-BUVETTE-Chariot-Alimentation-3.jpg\" class=\"attachment-large size-large wp-image-445\" alt=\"\" srcset=\"https:\/\/rotomoulage.org\/wp-content\/uploads\/2025\/06\/ROTOPLUS-LA-BUVETTE-Chariot-Alimentation-3.jpg 512w, https:\/\/rotomoulage.org\/wp-content\/uploads\/2025\/06\/ROTOPLUS-LA-BUVETTE-Chariot-Alimentation-3-300x200.jpg 300w, https:\/\/rotomoulage.org\/wp-content\/uploads\/2025\/06\/ROTOPLUS-LA-BUVETTE-Chariot-Alimentation-3-18x12.jpg 18w\" sizes=\"(max-width: 512px) 100vw, 512px\" \/>\t\t\t\t\t\t\t\t\t\t\t\t\t\t\t<\/div>\n\t\t\t\t<\/div>\n\t\t\t\t<div class=\"elementor-element elementor-element-4749fab elementor-widget elementor-widget-heading\" data-id=\"4749fab\" data-element_type=\"widget\" data-e-type=\"widget\" data-widget_type=\"heading.default\">\n\t\t\t\t<div class=\"elementor-widget-container\">\n\t\t\t\t\t<h2 class=\"elementor-heading-title elementor-size-default\">Agricultural food trolley\n<\/h2>\t\t\t\t<\/div>\n\t\t\t\t<\/div>\n\t\t\t\t<div class=\"elementor-element elementor-element-8555aaf elementor-widget elementor-widget-text-editor\" data-id=\"8555aaf\" data-element_type=\"widget\" data-e-type=\"widget\" data-widget_type=\"text-editor.default\">\n\t\t\t\t<div class=\"elementor-widget-container\">\n\t\t\t\t\t\t\t\t\t<p>Rotoplus | La Buvette<\/p>\t\t\t\t\t\t\t\t<\/div>\n\t\t\t\t<\/div>\n\t\t\t\t<\/div>\n\t\t<div class=\"elementor-element elementor-element-af0c2aa e-con-full e-flex e-con e-child\" data-id=\"af0c2aa\" data-element_type=\"container\" data-e-type=\"container\" data-settings=\"{&quot;jet_parallax_layout_list&quot;:[]}\">\n\t\t\t\t<div class=\"elementor-element elementor-element-1edc1e3 dce_masking-none elementor-widget elementor-widget-image\" data-id=\"1edc1e3\" data-element_type=\"widget\" data-e-type=\"widget\" data-widget_type=\"image.default\">\n\t\t\t\t<div class=\"elementor-widget-container\">\n\t\t\t\t\t\t\t\t\t\t\t\t\t\t\t<img decoding=\"async\" width=\"512\" height=\"341\" src=\"https:\/\/rotomoulage.org\/wp-content\/uploads\/2025\/06\/ROTOPLUS-Mangeoire.jpg\" class=\"attachment-large size-large wp-image-444\" alt=\"\" srcset=\"https:\/\/rotomoulage.org\/wp-content\/uploads\/2025\/06\/ROTOPLUS-Mangeoire.jpg 512w, https:\/\/rotomoulage.org\/wp-content\/uploads\/2025\/06\/ROTOPLUS-Mangeoire-300x200.jpg 300w, https:\/\/rotomoulage.org\/wp-content\/uploads\/2025\/06\/ROTOPLUS-Mangeoire-18x12.jpg 18w\" sizes=\"(max-width: 512px) 100vw, 512px\" \/>\t\t\t\t\t\t\t\t\t\t\t\t\t\t\t<\/div>\n\t\t\t\t<\/div>\n\t\t\t\t<div class=\"elementor-element elementor-element-19ddcf5 elementor-widget elementor-widget-heading\" data-id=\"19ddcf5\" data-element_type=\"widget\" data-e-type=\"widget\" data-widget_type=\"heading.default\">\n\t\t\t\t<div class=\"elementor-widget-container\">\n\t\t\t\t\t<h2 class=\"elementor-heading-title elementor-size-default\">Feeding trough for horses\n<\/h2>\t\t\t\t<\/div>\n\t\t\t\t<\/div>\n\t\t\t\t<div class=\"elementor-element elementor-element-662dc8c elementor-widget elementor-widget-text-editor\" data-id=\"662dc8c\" data-element_type=\"widget\" data-e-type=\"widget\" data-widget_type=\"text-editor.default\">\n\t\t\t\t<div class=\"elementor-widget-container\">\n\t\t\t\t\t\t\t\t\t<p>Rotoplus<\/p>\t\t\t\t\t\t\t\t<\/div>\n\t\t\t\t<\/div>\n\t\t\t\t<\/div>\n\t\t<div class=\"elementor-element elementor-element-9aea039 e-con-full e-flex e-con e-child\" data-id=\"9aea039\" data-element_type=\"container\" data-e-type=\"container\" data-settings=\"{&quot;jet_parallax_layout_list&quot;:[]}\">\n\t\t\t\t<div class=\"elementor-element elementor-element-a968400 dce_masking-none elementor-widget elementor-widget-image\" data-id=\"a968400\" data-element_type=\"widget\" data-e-type=\"widget\" data-widget_type=\"image.default\">\n\t\t\t\t<div class=\"elementor-widget-container\">\n\t\t\t\t\t\t\t\t\t\t\t\t\t\t\t<img decoding=\"async\" width=\"570\" height=\"570\" src=\"https:\/\/rotomoulage.org\/wp-content\/uploads\/2025\/06\/Citerne-Rotomade.png\" class=\"attachment-large size-large wp-image-443\" alt=\"\" srcset=\"https:\/\/rotomoulage.org\/wp-content\/uploads\/2025\/06\/Citerne-Rotomade.png 570w, https:\/\/rotomoulage.org\/wp-content\/uploads\/2025\/06\/Citerne-Rotomade-300x300.png 300w, https:\/\/rotomoulage.org\/wp-content\/uploads\/2025\/06\/Citerne-Rotomade-150x150.png 150w, https:\/\/rotomoulage.org\/wp-content\/uploads\/2025\/06\/Citerne-Rotomade-12x12.png 12w\" sizes=\"(max-width: 570px) 100vw, 570px\" \/>\t\t\t\t\t\t\t\t\t\t\t\t\t\t\t<\/div>\n\t\t\t\t<\/div>\n\t\t\t\t<div class=\"elementor-element elementor-element-f371f98 elementor-widget elementor-widget-heading\" data-id=\"f371f98\" data-element_type=\"widget\" data-e-type=\"widget\" data-widget_type=\"heading.default\">\n\t\t\t\t<div class=\"elementor-widget-container\">\n\t\t\t\t\t<h2 class=\"elementor-heading-title elementor-size-default\">Tanker\n<\/h2>\t\t\t\t<\/div>\n\t\t\t\t<\/div>\n\t\t\t\t<div class=\"elementor-element elementor-element-94a4179 elementor-widget elementor-widget-text-editor\" data-id=\"94a4179\" data-element_type=\"widget\" data-e-type=\"widget\" data-widget_type=\"text-editor.default\">\n\t\t\t\t<div class=\"elementor-widget-container\">\n\t\t\t\t\t\t\t\t\t<div id=\"bee3D-board\" class=\"bee3D--parent bee3D--effect__carousel draggable\"><div class=\"contain_poles\"><section class=\"bee3D--slide bee3D--slide__active\"><div class=\"contain_pole\"><p>Rotomade<\/p><\/div><\/section><\/div><\/div>\t\t\t\t\t\t\t\t<\/div>\n\t\t\t\t<\/div>\n\t\t\t\t<\/div>\n\t\t\t\t<\/div>\n\t\t\t\t\t<\/div>\n\t\t\t\t<\/div>\n\t\t<div class=\"elementor-element elementor-element-eec511c e-flex e-con-boxed e-con e-parent\" data-id=\"eec511c\" data-element_type=\"container\" data-e-type=\"container\" data-settings=\"{&quot;jet_parallax_layout_list&quot;:[],&quot;background_background&quot;:&quot;classic&quot;}\">\n\t\t\t\t\t<div class=\"e-con-inner\">\n\t\t\t\t<div class=\"elementor-element elementor-element-dc4c14f elementor-widget elementor-widget-heading\" data-id=\"dc4c14f\" data-element_type=\"widget\" data-e-type=\"widget\" data-widget_type=\"heading.default\">\n\t\t\t\t<div class=\"elementor-widget-container\">\n\t\t\t\t\t<h2 class=\"elementor-heading-title elementor-size-default\">Agriculture and rotational moulding\n<\/h2>\t\t\t\t<\/div>\n\t\t\t\t<\/div>\n\t\t\t\t<div class=\"elementor-element elementor-element-b590fa7 elementor-widget elementor-widget-text-editor\" data-id=\"b590fa7\" data-element_type=\"widget\" data-e-type=\"widget\" data-widget_type=\"text-editor.default\">\n\t\t\t\t<div class=\"elementor-widget-container\">\n\t\t\t\t\t\t\t\t\t<div class=\"row romain\"><p>From viticulture to livestock and cereal production, the world of agriculture is full of rotomoulded parts. The agricultural sector reaps the benefits of these rotomoulded solutions with waterproof and airtight applications that can be used to build storage tanks or troughs. The size of the hollow parts makes them ideal for storing large quantities of material or rearing animals.<\/p><\/div>\t\t\t\t\t\t\t\t<\/div>\n\t\t\t\t<\/div>\n\t\t\t\t<div class=\"elementor-element elementor-element-f199084 elementor-widget elementor-widget-text-editor\" data-id=\"f199084\" data-element_type=\"widget\" data-e-type=\"widget\" data-widget_type=\"text-editor.default\">\n\t\t\t\t<div class=\"elementor-widget-container\">\n\t\t\t\t\t\t\t\t\t<div class=\"row romain\"><p><strong>Examples of applications:<\/strong><\/p><\/div>\t\t\t\t\t\t\t\t<\/div>\n\t\t\t\t<\/div>\n\t\t\t\t<div class=\"elementor-element elementor-element-169dcc8 elementor-icon-list--layout-traditional elementor-list-item-link-full_width elementor-widget elementor-widget-icon-list\" data-id=\"169dcc8\" data-element_type=\"widget\" data-e-type=\"widget\" data-widget_type=\"icon-list.default\">\n\t\t\t\t<div class=\"elementor-widget-container\">\n\t\t\t\t\t\t\t<ul class=\"elementor-icon-list-items\">\n\t\t\t\t\t\t\t<li class=\"elementor-icon-list-item\">\n\t\t\t\t\t\t\t\t\t\t\t<span class=\"elementor-icon-list-icon\">\n\t\t\t\t\t\t\t<i aria-hidden=\"true\" class=\"fas fa-chevron-circle-right\"><\/i>\t\t\t\t\t\t<\/span>\n\t\t\t\t\t\t\t\t\t\t<span class=\"elementor-icon-list-text\">Storage tanks<\/span>\n\t\t\t\t\t\t\t\t\t<\/li>\n\t\t\t\t\t\t\t\t<li class=\"elementor-icon-list-item\">\n\t\t\t\t\t\t\t\t\t\t\t<span class=\"elementor-icon-list-icon\">\n\t\t\t\t\t\t\t<i aria-hidden=\"true\" class=\"fas fa-chevron-circle-right\"><\/i>\t\t\t\t\t\t<\/span>\n\t\t\t\t\t\t\t\t\t\t<span class=\"elementor-icon-list-text\">Silos<\/span>\n\t\t\t\t\t\t\t\t\t<\/li>\n\t\t\t\t\t\t\t\t<li class=\"elementor-icon-list-item\">\n\t\t\t\t\t\t\t\t\t\t\t<span class=\"elementor-icon-list-icon\">\n\t\t\t\t\t\t\t<i aria-hidden=\"true\" class=\"fas fa-chevron-circle-right\"><\/i>\t\t\t\t\t\t<\/span>\n\t\t\t\t\t\t\t\t\t\t<span class=\"elementor-icon-list-text\">Tanks on trailers for spreading pesticides and fertilisers<\/span>\n\t\t\t\t\t\t\t\t\t<\/li>\n\t\t\t\t\t\t\t\t<li class=\"elementor-icon-list-item\">\n\t\t\t\t\t\t\t\t\t\t\t<span class=\"elementor-icon-list-icon\">\n\t\t\t\t\t\t\t<i aria-hidden=\"true\" class=\"fas fa-chevron-circle-right\"><\/i>\t\t\t\t\t\t<\/span>\n\t\t\t\t\t\t\t\t\t\t<span class=\"elementor-icon-list-text\">Calf kennel<\/span>\n\t\t\t\t\t\t\t\t\t<\/li>\n\t\t\t\t\t\t\t\t<li class=\"elementor-icon-list-item\">\n\t\t\t\t\t\t\t\t\t\t\t<span class=\"elementor-icon-list-icon\">\n\t\t\t\t\t\t\t<i aria-hidden=\"true\" class=\"fas fa-chevron-circle-right\"><\/i>\t\t\t\t\t\t<\/span>\n\t\t\t\t\t\t\t\t\t\t<span class=\"elementor-icon-list-text\">Bins<\/span>\n\t\t\t\t\t\t\t\t\t<\/li>\n\t\t\t\t\t\t\t\t<li class=\"elementor-icon-list-item\">\n\t\t\t\t\t\t\t\t\t\t\t<span class=\"elementor-icon-list-icon\">\n\t\t\t\t\t\t\t<i aria-hidden=\"true\" class=\"fas fa-chevron-circle-right\"><\/i>\t\t\t\t\t\t<\/span>\n\t\t\t\t\t\t\t\t\t\t<span class=\"elementor-icon-list-text\">Harvesting hood<\/span>\n\t\t\t\t\t\t\t\t\t<\/li>\n\t\t\t\t\t\t\t\t<li class=\"elementor-icon-list-item\">\n\t\t\t\t\t\t\t\t\t\t\t<span class=\"elementor-icon-list-icon\">\n\t\t\t\t\t\t\t<i aria-hidden=\"true\" class=\"fas fa-chevron-circle-right\"><\/i>\t\t\t\t\t\t<\/span>\n\t\t\t\t\t\t\t\t\t\t<span class=\"elementor-icon-list-text\">Drinking troughs<\/span>\n\t\t\t\t\t\t\t\t\t<\/li>\n\t\t\t\t\t\t<\/ul>\n\t\t\t\t\t\t<\/div>\n\t\t\t\t<\/div>\n\t\t\t\t\t<\/div>\n\t\t\t\t<\/div>\n\t\t<div class=\"elementor-element elementor-element-5e2ad2c e-flex e-con-boxed e-con e-parent\" data-id=\"5e2ad2c\" data-element_type=\"container\" data-e-type=\"container\" data-settings=\"{&quot;jet_parallax_layout_list&quot;:[]}\">\n\t\t\t\t\t<div class=\"e-con-inner\">\n\t\t<div class=\"elementor-element elementor-element-f69a5db e-grid e-con-full e-con e-child\" data-id=\"f69a5db\" data-element_type=\"container\" data-e-type=\"container\" data-settings=\"{&quot;jet_parallax_layout_list&quot;:[]}\">\n\t\t<div class=\"elementor-element elementor-element-0125455 e-con-full e-flex e-con e-child\" data-id=\"0125455\" data-element_type=\"container\" data-e-type=\"container\" data-settings=\"{&quot;jet_parallax_layout_list&quot;:[]}\">\n\t\t\t\t<div class=\"elementor-element elementor-element-40d7eb6 dce_masking-none elementor-widget elementor-widget-image\" data-id=\"40d7eb6\" data-element_type=\"widget\" data-e-type=\"widget\" data-widget_type=\"image.default\">\n\t\t\t\t<div class=\"elementor-widget-container\">\n\t\t\t\t\t\t\t\t\t\t\t\t\t\t\t<img loading=\"lazy\" decoding=\"async\" width=\"472\" height=\"315\" src=\"https:\/\/rotomoulage.org\/wp-content\/uploads\/2025\/06\/ROTOPLUS-Brouette-Electrique.jpg\" class=\"attachment-large size-large wp-image-454\" alt=\"\" srcset=\"https:\/\/rotomoulage.org\/wp-content\/uploads\/2025\/06\/ROTOPLUS-Brouette-Electrique.jpg 472w, https:\/\/rotomoulage.org\/wp-content\/uploads\/2025\/06\/ROTOPLUS-Brouette-Electrique-300x200.jpg 300w, https:\/\/rotomoulage.org\/wp-content\/uploads\/2025\/06\/ROTOPLUS-Brouette-Electrique-18x12.jpg 18w\" sizes=\"(max-width: 472px) 100vw, 472px\" \/>\t\t\t\t\t\t\t\t\t\t\t\t\t\t\t<\/div>\n\t\t\t\t<\/div>\n\t\t\t\t<div class=\"elementor-element elementor-element-0725108 elementor-widget elementor-widget-heading\" data-id=\"0725108\" data-element_type=\"widget\" data-e-type=\"widget\" data-widget_type=\"heading.default\">\n\t\t\t\t<div class=\"elementor-widget-container\">\n\t\t\t\t\t<h2 class=\"elementor-heading-title elementor-size-default\">Rotomoulded wheelbarrow<\/h2>\t\t\t\t<\/div>\n\t\t\t\t<\/div>\n\t\t\t\t<div class=\"elementor-element elementor-element-3ae2aaf elementor-widget elementor-widget-text-editor\" data-id=\"3ae2aaf\" data-element_type=\"widget\" data-e-type=\"widget\" data-widget_type=\"text-editor.default\">\n\t\t\t\t<div class=\"elementor-widget-container\">\n\t\t\t\t\t\t\t\t\t<p>Rotoplus<\/p>\t\t\t\t\t\t\t\t<\/div>\n\t\t\t\t<\/div>\n\t\t\t\t<\/div>\n\t\t<div class=\"elementor-element elementor-element-dfdefbc e-con-full e-flex e-con e-child\" data-id=\"dfdefbc\" data-element_type=\"container\" data-e-type=\"container\" data-settings=\"{&quot;jet_parallax_layout_list&quot;:[]}\">\n\t\t\t\t<div class=\"elementor-element elementor-element-b396f4a dce_masking-none elementor-widget elementor-widget-image\" data-id=\"b396f4a\" data-element_type=\"widget\" data-e-type=\"widget\" data-widget_type=\"image.default\">\n\t\t\t\t<div class=\"elementor-widget-container\">\n\t\t\t\t\t\t\t\t\t\t\t\t\t\t\t<img loading=\"lazy\" decoding=\"async\" width=\"512\" height=\"341\" src=\"https:\/\/rotomoulage.org\/wp-content\/uploads\/2025\/06\/Promens-rservoir.jpg\" class=\"attachment-large size-large wp-image-453\" alt=\"\" srcset=\"https:\/\/rotomoulage.org\/wp-content\/uploads\/2025\/06\/Promens-rservoir.jpg 512w, https:\/\/rotomoulage.org\/wp-content\/uploads\/2025\/06\/Promens-rservoir-300x200.jpg 300w, https:\/\/rotomoulage.org\/wp-content\/uploads\/2025\/06\/Promens-rservoir-18x12.jpg 18w\" sizes=\"(max-width: 512px) 100vw, 512px\" \/>\t\t\t\t\t\t\t\t\t\t\t\t\t\t\t<\/div>\n\t\t\t\t<\/div>\n\t\t\t\t<div class=\"elementor-element elementor-element-97aaf7f elementor-widget elementor-widget-heading\" data-id=\"97aaf7f\" data-element_type=\"widget\" data-e-type=\"widget\" data-widget_type=\"heading.default\">\n\t\t\t\t<div class=\"elementor-widget-container\">\n\t\t\t\t\t<h2 class=\"elementor-heading-title elementor-size-default\">Tractor tank\n<\/h2>\t\t\t\t<\/div>\n\t\t\t\t<\/div>\n\t\t\t\t<div class=\"elementor-element elementor-element-13c38e6 elementor-widget elementor-widget-text-editor\" data-id=\"13c38e6\" data-element_type=\"widget\" data-e-type=\"widget\" data-widget_type=\"text-editor.default\">\n\t\t\t\t<div class=\"elementor-widget-container\">\n\t\t\t\t\t\t\t\t\t<div id=\"bee3D-board-2\" class=\"bee3D--parent bee3D--effect__carousel draggable\"><div class=\"contain_poles\"><section class=\"bee3D--slide bee3D--slide__active\"><div class=\"contain_pole\"><p>Promens France<\/p><\/div><\/section><\/div><\/div>\t\t\t\t\t\t\t\t<\/div>\n\t\t\t\t<\/div>\n\t\t\t\t<\/div>\n\t\t\t\t<\/div>\n\t\t\t\t\t<\/div>\n\t\t\t\t<\/div>\n\t\t\t\t<\/div>","protected":false},"excerpt":{"rendered":"<p>Chariot alimentation agricole Rotoplus | La Buvette Mangeoire pour chevaux Rotoplus Citerne Rotomade Agriculture et rotomoulage De la viticulture,en passant par l\u2019\u00e9levage ou encore la production c\u00e9r\u00e9ali\u00e8re, le monde agricole regorge de pi\u00e8ces rotomoul\u00e9es. Le secteur agricole tire les b\u00e9n\u00e9fices de ces solutions rotomoul\u00e9es avec des applications imperm\u00e9ables et herm\u00e9tiques qui peuvent servir pour\u00a0la construction [&hellip;]<\/p>\n","protected":false},"author":1,"featured_media":0,"parent":31,"menu_order":0,"comment_status":"closed","ping_status":"closed","template":"elementor_header_footer","meta":{"footnotes":""},"class_list":["post-163","page","type-page","status-publish","hentry"],"yoast_head":"<!-- This site is optimized with the Yoast SEO plugin v27.5 - https:\/\/yoast.com\/product\/yoast-seo-wordpress\/ -->\n<title>Agriculture - AFR<\/title>\n<meta name=\"robots\" content=\"index, follow, max-snippet:-1, max-image-preview:large, max-video-preview:-1\" \/>\n<link rel=\"canonical\" href=\"https:\/\/rotomoulage.org\/en\/applications\/agriculture\/\" \/>\n<meta property=\"og:locale\" content=\"en_GB\" \/>\n<meta property=\"og:type\" content=\"article\" \/>\n<meta property=\"og:title\" content=\"Agriculture - AFR\" \/>\n<meta property=\"og:description\" content=\"Chariot alimentation agricole Rotoplus | La Buvette Mangeoire pour chevaux Rotoplus Citerne Rotomade Agriculture et rotomoulage De la viticulture,en passant par l\u2019\u00e9levage ou encore la production c\u00e9r\u00e9ali\u00e8re, le monde agricole regorge de pi\u00e8ces rotomoul\u00e9es. Le secteur agricole tire les b\u00e9n\u00e9fices de ces solutions rotomoul\u00e9es avec des applications imperm\u00e9ables et herm\u00e9tiques qui peuvent servir pour\u00a0la construction [&hellip;]\" \/>\n<meta property=\"og:url\" content=\"https:\/\/rotomoulage.org\/en\/applications\/agriculture\/\" \/>\n<meta property=\"og:site_name\" content=\"AFR\" \/>\n<meta property=\"article:modified_time\" content=\"2025-06-15T16:57:35+00:00\" \/>\n<meta property=\"og:image\" content=\"https:\/\/rotomoulage.org\/wp-content\/uploads\/2025\/06\/ROTOPLUS-LA-BUVETTE-Chariot-Alimentation-3.jpg\" \/>\n\t<meta property=\"og:image:width\" content=\"512\" \/>\n\t<meta property=\"og:image:height\" content=\"341\" \/>\n\t<meta property=\"og:image:type\" content=\"image\/jpeg\" \/>\n<meta name=\"twitter:card\" content=\"summary_large_image\" \/>\n<meta name=\"twitter:label1\" content=\"Estimated reading time\" \/>\n\t<meta name=\"twitter:data1\" content=\"2 minutes\" \/>\n<script type=\"application\/ld+json\" class=\"yoast-schema-graph\">{\"@context\":\"https:\\\/\\\/schema.org\",\"@graph\":[{\"@type\":\"WebPage\",\"@id\":\"https:\\\/\\\/rotomoulage.org\\\/applications\\\/agriculture\\\/\",\"url\":\"https:\\\/\\\/rotomoulage.org\\\/applications\\\/agriculture\\\/\",\"name\":\"Agriculture - AFR\",\"isPartOf\":{\"@id\":\"https:\\\/\\\/rotomoulage.org\\\/#website\"},\"primaryImageOfPage\":{\"@id\":\"https:\\\/\\\/rotomoulage.org\\\/applications\\\/agriculture\\\/#primaryimage\"},\"image\":{\"@id\":\"https:\\\/\\\/rotomoulage.org\\\/applications\\\/agriculture\\\/#primaryimage\"},\"thumbnailUrl\":\"https:\\\/\\\/rotomoulage.org\\\/wp-content\\\/uploads\\\/2025\\\/06\\\/ROTOPLUS-LA-BUVETTE-Chariot-Alimentation-3.jpg\",\"datePublished\":\"2025-06-05T15:10:28+00:00\",\"dateModified\":\"2025-06-15T16:57:35+00:00\",\"breadcrumb\":{\"@id\":\"https:\\\/\\\/rotomoulage.org\\\/applications\\\/agriculture\\\/#breadcrumb\"},\"inLanguage\":\"en-GB\",\"potentialAction\":[{\"@type\":\"ReadAction\",\"target\":[\"https:\\\/\\\/rotomoulage.org\\\/applications\\\/agriculture\\\/\"]}]},{\"@type\":\"ImageObject\",\"inLanguage\":\"en-GB\",\"@id\":\"https:\\\/\\\/rotomoulage.org\\\/applications\\\/agriculture\\\/#primaryimage\",\"url\":\"https:\\\/\\\/rotomoulage.org\\\/wp-content\\\/uploads\\\/2025\\\/06\\\/ROTOPLUS-LA-BUVETTE-Chariot-Alimentation-3.jpg\",\"contentUrl\":\"https:\\\/\\\/rotomoulage.org\\\/wp-content\\\/uploads\\\/2025\\\/06\\\/ROTOPLUS-LA-BUVETTE-Chariot-Alimentation-3.jpg\"},{\"@type\":\"BreadcrumbList\",\"@id\":\"https:\\\/\\\/rotomoulage.org\\\/applications\\\/agriculture\\\/#breadcrumb\",\"itemListElement\":[{\"@type\":\"ListItem\",\"position\":1,\"name\":\"Accueil\",\"item\":\"https:\\\/\\\/rotomoulage.org\\\/\"},{\"@type\":\"ListItem\",\"position\":2,\"name\":\"Applications\",\"item\":\"https:\\\/\\\/rotomoulage.org\\\/applications\\\/\"},{\"@type\":\"ListItem\",\"position\":3,\"name\":\"Agriculture\"}]},{\"@type\":\"WebSite\",\"@id\":\"https:\\\/\\\/rotomoulage.org\\\/#website\",\"url\":\"https:\\\/\\\/rotomoulage.org\\\/\",\"name\":\"AFR\",\"description\":\"Association Francophone du Rotomoulage\",\"potentialAction\":[{\"@type\":\"SearchAction\",\"target\":{\"@type\":\"EntryPoint\",\"urlTemplate\":\"https:\\\/\\\/rotomoulage.org\\\/?s={search_term_string}\"},\"query-input\":{\"@type\":\"PropertyValueSpecification\",\"valueRequired\":true,\"valueName\":\"search_term_string\"}}],\"inLanguage\":\"en-GB\"}]}<\/script>\n<!-- \/ Yoast SEO plugin. -->","yoast_head_json":{"title":"Agriculture - AFR","robots":{"index":"index","follow":"follow","max-snippet":"max-snippet:-1","max-image-preview":"max-image-preview:large","max-video-preview":"max-video-preview:-1"},"canonical":"https:\/\/rotomoulage.org\/en\/applications\/agriculture\/","og_locale":"en_GB","og_type":"article","og_title":"Agriculture - AFR","og_description":"Chariot alimentation agricole Rotoplus | La Buvette Mangeoire pour chevaux Rotoplus Citerne Rotomade Agriculture et rotomoulage De la viticulture,en passant par l\u2019\u00e9levage ou encore la production c\u00e9r\u00e9ali\u00e8re, le monde agricole regorge de pi\u00e8ces rotomoul\u00e9es. Le secteur agricole tire les b\u00e9n\u00e9fices de ces solutions rotomoul\u00e9es avec des applications imperm\u00e9ables et herm\u00e9tiques qui peuvent servir pour\u00a0la construction [&hellip;]","og_url":"https:\/\/rotomoulage.org\/en\/applications\/agriculture\/","og_site_name":"AFR","article_modified_time":"2025-06-15T16:57:35+00:00","og_image":[{"width":512,"height":341,"url":"https:\/\/rotomoulage.org\/wp-content\/uploads\/2025\/06\/ROTOPLUS-LA-BUVETTE-Chariot-Alimentation-3.jpg","type":"image\/jpeg"}],"twitter_card":"summary_large_image","twitter_misc":{"Estimated reading time":"2 minutes"},"schema":{"@context":"https:\/\/schema.org","@graph":[{"@type":"WebPage","@id":"https:\/\/rotomoulage.org\/applications\/agriculture\/","url":"https:\/\/rotomoulage.org\/applications\/agriculture\/","name":"Agriculture - AFR","isPartOf":{"@id":"https:\/\/rotomoulage.org\/#website"},"primaryImageOfPage":{"@id":"https:\/\/rotomoulage.org\/applications\/agriculture\/#primaryimage"},"image":{"@id":"https:\/\/rotomoulage.org\/applications\/agriculture\/#primaryimage"},"thumbnailUrl":"https:\/\/rotomoulage.org\/wp-content\/uploads\/2025\/06\/ROTOPLUS-LA-BUVETTE-Chariot-Alimentation-3.jpg","datePublished":"2025-06-05T15:10:28+00:00","dateModified":"2025-06-15T16:57:35+00:00","breadcrumb":{"@id":"https:\/\/rotomoulage.org\/applications\/agriculture\/#breadcrumb"},"inLanguage":"en-GB","potentialAction":[{"@type":"ReadAction","target":["https:\/\/rotomoulage.org\/applications\/agriculture\/"]}]},{"@type":"ImageObject","inLanguage":"en-GB","@id":"https:\/\/rotomoulage.org\/applications\/agriculture\/#primaryimage","url":"https:\/\/rotomoulage.org\/wp-content\/uploads\/2025\/06\/ROTOPLUS-LA-BUVETTE-Chariot-Alimentation-3.jpg","contentUrl":"https:\/\/rotomoulage.org\/wp-content\/uploads\/2025\/06\/ROTOPLUS-LA-BUVETTE-Chariot-Alimentation-3.jpg"},{"@type":"BreadcrumbList","@id":"https:\/\/rotomoulage.org\/applications\/agriculture\/#breadcrumb","itemListElement":[{"@type":"ListItem","position":1,"name":"Accueil","item":"https:\/\/rotomoulage.org\/"},{"@type":"ListItem","position":2,"name":"Applications","item":"https:\/\/rotomoulage.org\/applications\/"},{"@type":"ListItem","position":3,"name":"Agriculture"}]},{"@type":"WebSite","@id":"https:\/\/rotomoulage.org\/#website","url":"https:\/\/rotomoulage.org\/","name":"AFR","description":"Association Francophone du Rotomoulage","potentialAction":[{"@type":"SearchAction","target":{"@type":"EntryPoint","urlTemplate":"https:\/\/rotomoulage.org\/?s={search_term_string}"},"query-input":{"@type":"PropertyValueSpecification","valueRequired":true,"valueName":"search_term_string"}}],"inLanguage":"en-GB"}]}},"_links":{"self":[{"href":"https:\/\/rotomoulage.org\/en\/wp-json\/wp\/v2\/pages\/163","targetHints":{"allow":["GET"]}}],"collection":[{"href":"https:\/\/rotomoulage.org\/en\/wp-json\/wp\/v2\/pages"}],"about":[{"href":"https:\/\/rotomoulage.org\/en\/wp-json\/wp\/v2\/types\/page"}],"author":[{"embeddable":true,"href":"https:\/\/rotomoulage.org\/en\/wp-json\/wp\/v2\/users\/1"}],"replies":[{"embeddable":true,"href":"https:\/\/rotomoulage.org\/en\/wp-json\/wp\/v2\/comments?post=163"}],"version-history":[{"count":31,"href":"https:\/\/rotomoulage.org\/en\/wp-json\/wp\/v2\/pages\/163\/revisions"}],"predecessor-version":[{"id":491,"href":"https:\/\/rotomoulage.org\/en\/wp-json\/wp\/v2\/pages\/163\/revisions\/491"}],"up":[{"embeddable":true,"href":"https:\/\/rotomoulage.org\/en\/wp-json\/wp\/v2\/pages\/31"}],"wp:attachment":[{"href":"https:\/\/rotomoulage.org\/en\/wp-json\/wp\/v2\/media?parent=163"}],"curies":[{"name":"wp","href":"https:\/\/api.w.org\/{rel}","templated":true}]}}