{"id":169,"date":"2025-06-05T17:11:48","date_gmt":"2025-06-05T15:11:48","guid":{"rendered":"https:\/\/rotomoulage.yohanndeprez.com\/?page_id=169"},"modified":"2025-06-17T12:06:31","modified_gmt":"2025-06-17T10:06:31","slug":"health-and-safety","status":"publish","type":"page","link":"https:\/\/rotomoulage.org\/en\/applications\/sante-et-securite\/","title":{"rendered":"Health &amp; Safety"},"content":{"rendered":"<div data-elementor-type=\"wp-page\" data-elementor-id=\"169\" class=\"elementor elementor-169\" data-elementor-post-type=\"page\">\n\t\t\t\t<div class=\"elementor-element elementor-element-0f9d58c e-flex e-con-boxed e-con e-parent\" data-id=\"0f9d58c\" data-element_type=\"container\" data-e-type=\"container\" data-settings=\"{&quot;jet_parallax_layout_list&quot;:[]}\">\n\t\t\t\t\t<div class=\"e-con-inner\">\n\t\t\t\t<div class=\"elementor-element elementor-element-4949eac elementor-widget elementor-widget-heading\" data-id=\"4949eac\" data-element_type=\"widget\" data-e-type=\"widget\" data-widget_type=\"heading.default\">\n\t\t\t\t<div class=\"elementor-widget-container\">\n\t\t\t\t\t<h1 class=\"elementor-heading-title elementor-size-default\">Health &amp; Safety<\/h1>\t\t\t\t<\/div>\n\t\t\t\t<\/div>\n\t\t\t\t<div class=\"elementor-element elementor-element-c099ab0 elementor-widget-divider--view-line elementor-widget elementor-widget-divider\" data-id=\"c099ab0\" data-element_type=\"widget\" data-e-type=\"widget\" data-widget_type=\"divider.default\">\n\t\t\t\t<div class=\"elementor-widget-container\">\n\t\t\t\t\t\t\t<div class=\"elementor-divider\">\n\t\t\t<span class=\"elementor-divider-separator\">\n\t\t\t\t\t\t<\/span>\n\t\t<\/div>\n\t\t\t\t\t\t<\/div>\n\t\t\t\t<\/div>\n\t\t\t\t\t<\/div>\n\t\t\t\t<\/div>\n\t\t<div class=\"elementor-element elementor-element-5602aa8 e-flex e-con-boxed e-con e-parent\" data-id=\"5602aa8\" data-element_type=\"container\" data-e-type=\"container\" data-settings=\"{&quot;jet_parallax_layout_list&quot;:[]}\">\n\t\t\t\t\t<div class=\"e-con-inner\">\n\t\t<div class=\"elementor-element elementor-element-b4d6d66 e-grid e-con-full e-con e-child\" data-id=\"b4d6d66\" data-element_type=\"container\" data-e-type=\"container\" data-settings=\"{&quot;jet_parallax_layout_list&quot;:[]}\">\n\t\t<div class=\"elementor-element elementor-element-a1410a8 e-con-full e-flex e-con e-child\" data-id=\"a1410a8\" data-element_type=\"container\" data-e-type=\"container\" data-settings=\"{&quot;jet_parallax_layout_list&quot;:[]}\">\n\t\t\t\t<div class=\"elementor-element elementor-element-a9f9857 dce_masking-none elementor-widget elementor-widget-image\" data-id=\"a9f9857\" data-element_type=\"widget\" data-e-type=\"widget\" data-widget_type=\"image.default\">\n\t\t\t\t<div class=\"elementor-widget-container\">\n\t\t\t\t\t\t\t\t\t\t\t\t\t\t\t<img fetchpriority=\"high\" decoding=\"async\" width=\"512\" height=\"341\" src=\"https:\/\/rotomoulage.org\/wp-content\/uploads\/2025\/06\/Sant-Scurit-DALY-PLASTICS-Poire.jpg\" class=\"attachment-large size-large wp-image-584\" alt=\"\" srcset=\"https:\/\/rotomoulage.org\/wp-content\/uploads\/2025\/06\/Sant-Scurit-DALY-PLASTICS-Poire.jpg 512w, https:\/\/rotomoulage.org\/wp-content\/uploads\/2025\/06\/Sant-Scurit-DALY-PLASTICS-Poire-300x200.jpg 300w, https:\/\/rotomoulage.org\/wp-content\/uploads\/2025\/06\/Sant-Scurit-DALY-PLASTICS-Poire-18x12.jpg 18w\" sizes=\"(max-width: 512px) 100vw, 512px\" \/>\t\t\t\t\t\t\t\t\t\t\t\t\t\t\t<\/div>\n\t\t\t\t<\/div>\n\t\t\t\t<div class=\"elementor-element elementor-element-8ff00d0 elementor-widget elementor-widget-heading\" data-id=\"8ff00d0\" data-element_type=\"widget\" data-e-type=\"widget\" data-widget_type=\"heading.default\">\n\t\t\t\t<div class=\"elementor-widget-container\">\n\t\t\t\t\t<h2 class=\"elementor-heading-title elementor-size-default\">Inflation bulb\n<\/h2>\t\t\t\t<\/div>\n\t\t\t\t<\/div>\n\t\t\t\t<div class=\"elementor-element elementor-element-8bb15b5 elementor-widget elementor-widget-text-editor\" data-id=\"8bb15b5\" data-element_type=\"widget\" data-e-type=\"widget\" data-widget_type=\"text-editor.default\">\n\t\t\t\t<div class=\"elementor-widget-container\">\n\t\t\t\t\t\t\t\t\t<p>Daly Plastic<\/p>\t\t\t\t\t\t\t\t<\/div>\n\t\t\t\t<\/div>\n\t\t\t\t<\/div>\n\t\t<div class=\"elementor-element elementor-element-2853ec5 e-con-full e-flex e-con e-child\" data-id=\"2853ec5\" data-element_type=\"container\" data-e-type=\"container\" data-settings=\"{&quot;jet_parallax_layout_list&quot;:[]}\">\n\t\t\t\t<div class=\"elementor-element elementor-element-1ed0dd7 dce_masking-none elementor-widget elementor-widget-image\" data-id=\"1ed0dd7\" data-element_type=\"widget\" data-e-type=\"widget\" data-widget_type=\"image.default\">\n\t\t\t\t<div class=\"elementor-widget-container\">\n\t\t\t\t\t\t\t\t\t\t\t\t\t\t\t<img decoding=\"async\" width=\"512\" height=\"341\" src=\"https:\/\/rotomoulage.org\/wp-content\/uploads\/2025\/06\/Sant-Scurit-DALY-PLASTICS-Poire-mdicale.jpg\" class=\"attachment-large size-large wp-image-585\" alt=\"\" srcset=\"https:\/\/rotomoulage.org\/wp-content\/uploads\/2025\/06\/Sant-Scurit-DALY-PLASTICS-Poire-mdicale.jpg 512w, https:\/\/rotomoulage.org\/wp-content\/uploads\/2025\/06\/Sant-Scurit-DALY-PLASTICS-Poire-mdicale-300x200.jpg 300w, https:\/\/rotomoulage.org\/wp-content\/uploads\/2025\/06\/Sant-Scurit-DALY-PLASTICS-Poire-mdicale-18x12.jpg 18w\" sizes=\"(max-width: 512px) 100vw, 512px\" \/>\t\t\t\t\t\t\t\t\t\t\t\t\t\t\t<\/div>\n\t\t\t\t<\/div>\n\t\t\t\t<div class=\"elementor-element elementor-element-99ff6b5 elementor-widget elementor-widget-heading\" data-id=\"99ff6b5\" data-element_type=\"widget\" data-e-type=\"widget\" data-widget_type=\"heading.default\">\n\t\t\t\t<div class=\"elementor-widget-container\">\n\t\t\t\t\t<h2 class=\"elementor-heading-title elementor-size-default\">Medical bulb\n<\/h2>\t\t\t\t<\/div>\n\t\t\t\t<\/div>\n\t\t\t\t<div class=\"elementor-element elementor-element-0717c70 elementor-widget elementor-widget-text-editor\" data-id=\"0717c70\" data-element_type=\"widget\" data-e-type=\"widget\" data-widget_type=\"text-editor.default\">\n\t\t\t\t<div class=\"elementor-widget-container\">\n\t\t\t\t\t\t\t\t\t<p>Daly Plastic<\/p>\t\t\t\t\t\t\t\t<\/div>\n\t\t\t\t<\/div>\n\t\t\t\t<\/div>\n\t\t\t\t<\/div>\n\t\t\t\t\t<\/div>\n\t\t\t\t<\/div>\n\t\t<div class=\"elementor-element elementor-element-dfd1918 e-flex e-con-boxed e-con e-parent\" data-id=\"dfd1918\" data-element_type=\"container\" data-e-type=\"container\" data-settings=\"{&quot;jet_parallax_layout_list&quot;:[],&quot;background_background&quot;:&quot;classic&quot;}\">\n\t\t\t\t\t<div class=\"e-con-inner\">\n\t\t\t\t<div class=\"elementor-element elementor-element-3399232 elementor-widget elementor-widget-heading\" data-id=\"3399232\" data-element_type=\"widget\" data-e-type=\"widget\" data-widget_type=\"heading.default\">\n\t\t\t\t<div class=\"elementor-widget-container\">\n\t\t\t\t\t<h2 class=\"elementor-heading-title elementor-size-default\">Health and safety and rotational moulding\n<\/h2>\t\t\t\t<\/div>\n\t\t\t\t<\/div>\n\t\t\t\t<div class=\"elementor-element elementor-element-fea9c8d elementor-widget elementor-widget-text-editor\" data-id=\"fea9c8d\" data-element_type=\"widget\" data-e-type=\"widget\" data-widget_type=\"text-editor.default\">\n\t\t\t\t<div class=\"elementor-widget-container\">\n\t\t\t\t\t\t\t\t\t<p>There are a variety of applications in the medical and safety sectors. These applications range from the small, such as medical light bulbs, to the large, such as marine buoys.<\/p><p>In the medical world, hygiene properties are essential to prevent microbial growth on products. The use of anti-microbial additives can even reduce the risk of infection.<\/p><p>In the safety sector, it is the mechanical properties of rotational moulding that will be increasingly sought after to provide a range of safety applications. Shock absorption, for example, will ensure greater safety in transport.<\/p>\t\t\t\t\t\t\t\t<\/div>\n\t\t\t\t<\/div>\n\t\t\t\t<div class=\"elementor-element elementor-element-150ecef elementor-widget elementor-widget-text-editor\" data-id=\"150ecef\" data-element_type=\"widget\" data-e-type=\"widget\" data-widget_type=\"text-editor.default\">\n\t\t\t\t<div class=\"elementor-widget-container\">\n\t\t\t\t\t\t\t\t\t<div class=\"row romain\"><p><strong>Examples of applications:<\/strong><\/p><\/div>\t\t\t\t\t\t\t\t<\/div>\n\t\t\t\t<\/div>\n\t\t\t\t<div class=\"elementor-element elementor-element-daf8b0b elementor-icon-list--layout-traditional elementor-list-item-link-full_width elementor-widget elementor-widget-icon-list\" data-id=\"daf8b0b\" data-element_type=\"widget\" data-e-type=\"widget\" data-widget_type=\"icon-list.default\">\n\t\t\t\t<div class=\"elementor-widget-container\">\n\t\t\t\t\t\t\t<ul class=\"elementor-icon-list-items\">\n\t\t\t\t\t\t\t<li class=\"elementor-icon-list-item\">\n\t\t\t\t\t\t\t\t\t\t\t<span class=\"elementor-icon-list-icon\">\n\t\t\t\t\t\t\t<i aria-hidden=\"true\" class=\"fas fa-chevron-circle-right\"><\/i>\t\t\t\t\t\t<\/span>\n\t\t\t\t\t\t\t\t\t\t<span class=\"elementor-icon-list-text\">Enema pears<\/span>\n\t\t\t\t\t\t\t\t\t<\/li>\n\t\t\t\t\t\t\t\t<li class=\"elementor-icon-list-item\">\n\t\t\t\t\t\t\t\t\t\t\t<span class=\"elementor-icon-list-icon\">\n\t\t\t\t\t\t\t<i aria-hidden=\"true\" class=\"fas fa-chevron-circle-right\"><\/i>\t\t\t\t\t\t<\/span>\n\t\t\t\t\t\t\t\t\t\t<span class=\"elementor-icon-list-text\">Suction bulbs<\/span>\n\t\t\t\t\t\t\t\t\t<\/li>\n\t\t\t\t\t\t\t\t<li class=\"elementor-icon-list-item\">\n\t\t\t\t\t\t\t\t\t\t\t<span class=\"elementor-icon-list-icon\">\n\t\t\t\t\t\t\t<i aria-hidden=\"true\" class=\"fas fa-chevron-circle-right\"><\/i>\t\t\t\t\t\t<\/span>\n\t\t\t\t\t\t\t\t\t\t<span class=\"elementor-icon-list-text\">Safety bollards <\/span>\n\t\t\t\t\t\t\t\t\t<\/li>\n\t\t\t\t\t\t\t\t<li class=\"elementor-icon-list-item\">\n\t\t\t\t\t\t\t\t\t\t\t<span class=\"elementor-icon-list-icon\">\n\t\t\t\t\t\t\t<i aria-hidden=\"true\" class=\"fas fa-chevron-circle-right\"><\/i>\t\t\t\t\t\t<\/span>\n\t\t\t\t\t\t\t\t\t\t<span class=\"elementor-icon-list-text\">Maritime buoys<\/span>\n\t\t\t\t\t\t\t\t\t<\/li>\n\t\t\t\t\t\t\t\t<li class=\"elementor-icon-list-item\">\n\t\t\t\t\t\t\t\t\t\t\t<span class=\"elementor-icon-list-icon\">\n\t\t\t\t\t\t\t<i aria-hidden=\"true\" class=\"fas fa-chevron-circle-right\"><\/i>\t\t\t\t\t\t<\/span>\n\t\t\t\t\t\t\t\t\t\t<span class=\"elementor-icon-list-text\">Road separators for works<\/span>\n\t\t\t\t\t\t\t\t\t<\/li>\n\t\t\t\t\t\t\t\t<li class=\"elementor-icon-list-item\">\n\t\t\t\t\t\t\t\t\t\t\t<span class=\"elementor-icon-list-icon\">\n\t\t\t\t\t\t\t<i aria-hidden=\"true\" class=\"fas fa-chevron-circle-right\"><\/i>\t\t\t\t\t\t<\/span>\n\t\t\t\t\t\t\t\t\t\t<span class=\"elementor-icon-list-text\">Motorway signs, cones<\/span>\n\t\t\t\t\t\t\t\t\t<\/li>\n\t\t\t\t\t\t<\/ul>\n\t\t\t\t\t\t<\/div>\n\t\t\t\t<\/div>\n\t\t\t\t\t<\/div>\n\t\t\t\t<\/div>\n\t\t\t\t<\/div>","protected":false},"excerpt":{"rendered":"<p>Poire de gonflage Daly Plastic Poire m\u00e9dicale Daly Plastic Sant\u00e9\/S\u00e9curit\u00e9 et rotomoulage Diverses applications accompagnent le secteur m\u00e9dical et le secteur de la s\u00e9curit\u00e9. Ces applications peuvent \u00eatre de petites tailles comme les poires m\u00e9dicales jusqu\u2019\u00e0 des tailles plus cons\u00e9quentes comme les bou\u00e9es maritimes. Dans le monde m\u00e9dical, les propri\u00e9t\u00e9s d\u2019hygi\u00e8ne sont primordiales pour parer [&hellip;]<\/p>\n","protected":false},"author":1,"featured_media":0,"parent":31,"menu_order":0,"comment_status":"closed","ping_status":"closed","template":"elementor_header_footer","meta":{"footnotes":""},"class_list":["post-169","page","type-page","status-publish","hentry"],"yoast_head":"<!-- This site is optimized with the Yoast SEO plugin v27.5 - https:\/\/yoast.com\/product\/yoast-seo-wordpress\/ -->\n<title>Sant\u00e9 et S\u00e9curit\u00e9 - AFR<\/title>\n<meta name=\"robots\" content=\"index, follow, max-snippet:-1, max-image-preview:large, max-video-preview:-1\" \/>\n<link rel=\"canonical\" href=\"https:\/\/rotomoulage.org\/en\/applications\/health-and-safety\/\" \/>\n<meta property=\"og:locale\" content=\"en_GB\" \/>\n<meta property=\"og:type\" content=\"article\" \/>\n<meta property=\"og:title\" content=\"Sant\u00e9 et S\u00e9curit\u00e9 - AFR\" \/>\n<meta property=\"og:description\" content=\"Poire de gonflage Daly Plastic Poire m\u00e9dicale Daly Plastic Sant\u00e9\/S\u00e9curit\u00e9 et rotomoulage Diverses applications accompagnent le secteur m\u00e9dical et le secteur de la s\u00e9curit\u00e9. Ces applications peuvent \u00eatre de petites tailles comme les poires m\u00e9dicales jusqu\u2019\u00e0 des tailles plus cons\u00e9quentes comme les bou\u00e9es maritimes. Dans le monde m\u00e9dical, les propri\u00e9t\u00e9s d\u2019hygi\u00e8ne sont primordiales pour parer [&hellip;]\" \/>\n<meta property=\"og:url\" content=\"https:\/\/rotomoulage.org\/en\/applications\/health-and-safety\/\" \/>\n<meta property=\"og:site_name\" content=\"AFR\" \/>\n<meta property=\"article:modified_time\" content=\"2025-06-17T10:06:31+00:00\" \/>\n<meta property=\"og:image\" content=\"https:\/\/rotomoulage.org\/wp-content\/uploads\/2025\/06\/Sant-Scurit-DALY-PLASTICS-Poire.jpg\" \/>\n\t<meta property=\"og:image:width\" content=\"512\" \/>\n\t<meta property=\"og:image:height\" content=\"341\" \/>\n\t<meta property=\"og:image:type\" content=\"image\/jpeg\" \/>\n<meta name=\"twitter:card\" content=\"summary_large_image\" \/>\n<meta name=\"twitter:label1\" content=\"Estimated reading time\" \/>\n\t<meta name=\"twitter:data1\" content=\"2 minutes\" \/>\n<script type=\"application\/ld+json\" class=\"yoast-schema-graph\">{\"@context\":\"https:\\\/\\\/schema.org\",\"@graph\":[{\"@type\":\"WebPage\",\"@id\":\"https:\\\/\\\/rotomoulage.org\\\/applications\\\/sante-et-securite\\\/\",\"url\":\"https:\\\/\\\/rotomoulage.org\\\/applications\\\/sante-et-securite\\\/\",\"name\":\"Sant\u00e9 et S\u00e9curit\u00e9 - AFR\",\"isPartOf\":{\"@id\":\"https:\\\/\\\/rotomoulage.org\\\/#website\"},\"primaryImageOfPage\":{\"@id\":\"https:\\\/\\\/rotomoulage.org\\\/applications\\\/sante-et-securite\\\/#primaryimage\"},\"image\":{\"@id\":\"https:\\\/\\\/rotomoulage.org\\\/applications\\\/sante-et-securite\\\/#primaryimage\"},\"thumbnailUrl\":\"https:\\\/\\\/rotomoulage.org\\\/wp-content\\\/uploads\\\/2025\\\/06\\\/Sant-Scurit-DALY-PLASTICS-Poire.jpg\",\"datePublished\":\"2025-06-05T15:11:48+00:00\",\"dateModified\":\"2025-06-17T10:06:31+00:00\",\"breadcrumb\":{\"@id\":\"https:\\\/\\\/rotomoulage.org\\\/applications\\\/sante-et-securite\\\/#breadcrumb\"},\"inLanguage\":\"en-GB\",\"potentialAction\":[{\"@type\":\"ReadAction\",\"target\":[\"https:\\\/\\\/rotomoulage.org\\\/applications\\\/sante-et-securite\\\/\"]}]},{\"@type\":\"ImageObject\",\"inLanguage\":\"en-GB\",\"@id\":\"https:\\\/\\\/rotomoulage.org\\\/applications\\\/sante-et-securite\\\/#primaryimage\",\"url\":\"https:\\\/\\\/rotomoulage.org\\\/wp-content\\\/uploads\\\/2025\\\/06\\\/Sant-Scurit-DALY-PLASTICS-Poire.jpg\",\"contentUrl\":\"https:\\\/\\\/rotomoulage.org\\\/wp-content\\\/uploads\\\/2025\\\/06\\\/Sant-Scurit-DALY-PLASTICS-Poire.jpg\"},{\"@type\":\"BreadcrumbList\",\"@id\":\"https:\\\/\\\/rotomoulage.org\\\/applications\\\/sante-et-securite\\\/#breadcrumb\",\"itemListElement\":[{\"@type\":\"ListItem\",\"position\":1,\"name\":\"Accueil\",\"item\":\"https:\\\/\\\/rotomoulage.org\\\/\"},{\"@type\":\"ListItem\",\"position\":2,\"name\":\"Applications\",\"item\":\"https:\\\/\\\/rotomoulage.org\\\/applications\\\/\"},{\"@type\":\"ListItem\",\"position\":3,\"name\":\"Sant\u00e9 et S\u00e9curit\u00e9\"}]},{\"@type\":\"WebSite\",\"@id\":\"https:\\\/\\\/rotomoulage.org\\\/#website\",\"url\":\"https:\\\/\\\/rotomoulage.org\\\/\",\"name\":\"AFR\",\"description\":\"Association Francophone du Rotomoulage\",\"potentialAction\":[{\"@type\":\"SearchAction\",\"target\":{\"@type\":\"EntryPoint\",\"urlTemplate\":\"https:\\\/\\\/rotomoulage.org\\\/?s={search_term_string}\"},\"query-input\":{\"@type\":\"PropertyValueSpecification\",\"valueRequired\":true,\"valueName\":\"search_term_string\"}}],\"inLanguage\":\"en-GB\"}]}<\/script>\n<!-- \/ Yoast SEO plugin. -->","yoast_head_json":{"title":"Health and Safety - AFR","robots":{"index":"index","follow":"follow","max-snippet":"max-snippet:-1","max-image-preview":"max-image-preview:large","max-video-preview":"max-video-preview:-1"},"canonical":"https:\/\/rotomoulage.org\/en\/applications\/health-and-safety\/","og_locale":"en_GB","og_type":"article","og_title":"Sant\u00e9 et S\u00e9curit\u00e9 - AFR","og_description":"Poire de gonflage Daly Plastic Poire m\u00e9dicale Daly Plastic Sant\u00e9\/S\u00e9curit\u00e9 et rotomoulage Diverses applications accompagnent le secteur m\u00e9dical et le secteur de la s\u00e9curit\u00e9. Ces applications peuvent \u00eatre de petites tailles comme les poires m\u00e9dicales jusqu\u2019\u00e0 des tailles plus cons\u00e9quentes comme les bou\u00e9es maritimes. Dans le monde m\u00e9dical, les propri\u00e9t\u00e9s d\u2019hygi\u00e8ne sont primordiales pour parer [&hellip;]","og_url":"https:\/\/rotomoulage.org\/en\/applications\/health-and-safety\/","og_site_name":"AFR","article_modified_time":"2025-06-17T10:06:31+00:00","og_image":[{"width":512,"height":341,"url":"https:\/\/rotomoulage.org\/wp-content\/uploads\/2025\/06\/Sant-Scurit-DALY-PLASTICS-Poire.jpg","type":"image\/jpeg"}],"twitter_card":"summary_large_image","twitter_misc":{"Estimated reading time":"2 minutes"},"schema":{"@context":"https:\/\/schema.org","@graph":[{"@type":"WebPage","@id":"https:\/\/rotomoulage.org\/applications\/sante-et-securite\/","url":"https:\/\/rotomoulage.org\/applications\/sante-et-securite\/","name":"Health and Safety - AFR","isPartOf":{"@id":"https:\/\/rotomoulage.org\/#website"},"primaryImageOfPage":{"@id":"https:\/\/rotomoulage.org\/applications\/sante-et-securite\/#primaryimage"},"image":{"@id":"https:\/\/rotomoulage.org\/applications\/sante-et-securite\/#primaryimage"},"thumbnailUrl":"https:\/\/rotomoulage.org\/wp-content\/uploads\/2025\/06\/Sant-Scurit-DALY-PLASTICS-Poire.jpg","datePublished":"2025-06-05T15:11:48+00:00","dateModified":"2025-06-17T10:06:31+00:00","breadcrumb":{"@id":"https:\/\/rotomoulage.org\/applications\/sante-et-securite\/#breadcrumb"},"inLanguage":"en-GB","potentialAction":[{"@type":"ReadAction","target":["https:\/\/rotomoulage.org\/applications\/sante-et-securite\/"]}]},{"@type":"ImageObject","inLanguage":"en-GB","@id":"https:\/\/rotomoulage.org\/applications\/sante-et-securite\/#primaryimage","url":"https:\/\/rotomoulage.org\/wp-content\/uploads\/2025\/06\/Sant-Scurit-DALY-PLASTICS-Poire.jpg","contentUrl":"https:\/\/rotomoulage.org\/wp-content\/uploads\/2025\/06\/Sant-Scurit-DALY-PLASTICS-Poire.jpg"},{"@type":"BreadcrumbList","@id":"https:\/\/rotomoulage.org\/applications\/sante-et-securite\/#breadcrumb","itemListElement":[{"@type":"ListItem","position":1,"name":"Accueil","item":"https:\/\/rotomoulage.org\/"},{"@type":"ListItem","position":2,"name":"Applications","item":"https:\/\/rotomoulage.org\/applications\/"},{"@type":"ListItem","position":3,"name":"Sant\u00e9 et S\u00e9curit\u00e9"}]},{"@type":"WebSite","@id":"https:\/\/rotomoulage.org\/#website","url":"https:\/\/rotomoulage.org\/","name":"AFR","description":"Association Francophone du Rotomoulage","potentialAction":[{"@type":"SearchAction","target":{"@type":"EntryPoint","urlTemplate":"https:\/\/rotomoulage.org\/?s={search_term_string}"},"query-input":{"@type":"PropertyValueSpecification","valueRequired":true,"valueName":"search_term_string"}}],"inLanguage":"en-GB"}]}},"_links":{"self":[{"href":"https:\/\/rotomoulage.org\/en\/wp-json\/wp\/v2\/pages\/169","targetHints":{"allow":["GET"]}}],"collection":[{"href":"https:\/\/rotomoulage.org\/en\/wp-json\/wp\/v2\/pages"}],"about":[{"href":"https:\/\/rotomoulage.org\/en\/wp-json\/wp\/v2\/types\/page"}],"author":[{"embeddable":true,"href":"https:\/\/rotomoulage.org\/en\/wp-json\/wp\/v2\/users\/1"}],"replies":[{"embeddable":true,"href":"https:\/\/rotomoulage.org\/en\/wp-json\/wp\/v2\/comments?post=169"}],"version-history":[{"count":10,"href":"https:\/\/rotomoulage.org\/en\/wp-json\/wp\/v2\/pages\/169\/revisions"}],"predecessor-version":[{"id":591,"href":"https:\/\/rotomoulage.org\/en\/wp-json\/wp\/v2\/pages\/169\/revisions\/591"}],"up":[{"embeddable":true,"href":"https:\/\/rotomoulage.org\/en\/wp-json\/wp\/v2\/pages\/31"}],"wp:attachment":[{"href":"https:\/\/rotomoulage.org\/en\/wp-json\/wp\/v2\/media?parent=169"}],"curies":[{"name":"wp","href":"https:\/\/api.w.org\/{rel}","templated":true}]}}