{"id":173,"date":"2025-06-05T17:12:17","date_gmt":"2025-06-05T15:12:17","guid":{"rendered":"https:\/\/rotomoulage.yohanndeprez.com\/?page_id=173"},"modified":"2025-06-17T13:10:26","modified_gmt":"2025-06-17T11:10:26","slug":"town-planning","status":"publish","type":"page","link":"https:\/\/rotomoulage.org\/en\/applications\/urbanisme\/","title":{"rendered":"Town planning"},"content":{"rendered":"<div data-elementor-type=\"wp-page\" data-elementor-id=\"173\" class=\"elementor elementor-173\" data-elementor-post-type=\"page\">\n\t\t\t\t<div class=\"elementor-element elementor-element-3f52363 e-flex e-con-boxed e-con e-parent\" data-id=\"3f52363\" data-element_type=\"container\" data-e-type=\"container\" data-settings=\"{&quot;jet_parallax_layout_list&quot;:[]}\">\n\t\t\t\t\t<div class=\"e-con-inner\">\n\t\t\t\t<div class=\"elementor-element elementor-element-7de3362 elementor-widget elementor-widget-heading\" data-id=\"7de3362\" data-element_type=\"widget\" data-e-type=\"widget\" data-widget_type=\"heading.default\">\n\t\t\t\t<div class=\"elementor-widget-container\">\n\t\t\t\t\t<h1 class=\"elementor-heading-title elementor-size-default\">Town planning<\/h1>\t\t\t\t<\/div>\n\t\t\t\t<\/div>\n\t\t\t\t<div class=\"elementor-element elementor-element-23865ec elementor-widget-divider--view-line elementor-widget elementor-widget-divider\" data-id=\"23865ec\" data-element_type=\"widget\" data-e-type=\"widget\" data-widget_type=\"divider.default\">\n\t\t\t\t<div class=\"elementor-widget-container\">\n\t\t\t\t\t\t\t<div class=\"elementor-divider\">\n\t\t\t<span class=\"elementor-divider-separator\">\n\t\t\t\t\t\t<\/span>\n\t\t<\/div>\n\t\t\t\t\t\t<\/div>\n\t\t\t\t<\/div>\n\t\t\t\t\t<\/div>\n\t\t\t\t<\/div>\n\t\t<div class=\"elementor-element elementor-element-516dde6 e-flex e-con-boxed e-con e-parent\" data-id=\"516dde6\" data-element_type=\"container\" data-e-type=\"container\" data-settings=\"{&quot;jet_parallax_layout_list&quot;:[]}\">\n\t\t\t\t\t<div class=\"e-con-inner\">\n\t\t<div class=\"elementor-element elementor-element-a234d16 e-grid e-con-full e-con e-child\" data-id=\"a234d16\" data-element_type=\"container\" data-e-type=\"container\" data-settings=\"{&quot;jet_parallax_layout_list&quot;:[]}\">\n\t\t<div class=\"elementor-element elementor-element-26e5bba e-con-full e-flex e-con e-child\" data-id=\"26e5bba\" data-element_type=\"container\" data-e-type=\"container\" data-settings=\"{&quot;jet_parallax_layout_list&quot;:[]}\">\n\t\t\t\t<div class=\"elementor-element elementor-element-ac5adc5 dce_masking-none elementor-widget elementor-widget-image\" data-id=\"ac5adc5\" data-element_type=\"widget\" data-e-type=\"widget\" data-widget_type=\"image.default\">\n\t\t\t\t<div class=\"elementor-widget-container\">\n\t\t\t\t\t\t\t\t\t\t\t\t\t\t\t<img fetchpriority=\"high\" decoding=\"async\" width=\"512\" height=\"341\" src=\"https:\/\/rotomoulage.org\/wp-content\/uploads\/2025\/06\/APF-abris.jpg\" class=\"attachment-large size-large wp-image-637\" alt=\"\" srcset=\"https:\/\/rotomoulage.org\/wp-content\/uploads\/2025\/06\/APF-abris.jpg 512w, https:\/\/rotomoulage.org\/wp-content\/uploads\/2025\/06\/APF-abris-300x200.jpg 300w, https:\/\/rotomoulage.org\/wp-content\/uploads\/2025\/06\/APF-abris-18x12.jpg 18w\" sizes=\"(max-width: 512px) 100vw, 512px\" \/>\t\t\t\t\t\t\t\t\t\t\t\t\t\t\t<\/div>\n\t\t\t\t<\/div>\n\t\t\t\t<div class=\"elementor-element elementor-element-3db7a36 elementor-widget elementor-widget-heading\" data-id=\"3db7a36\" data-element_type=\"widget\" data-e-type=\"widget\" data-widget_type=\"heading.default\">\n\t\t\t\t<div class=\"elementor-widget-container\">\n\t\t\t\t\t<h2 class=\"elementor-heading-title elementor-size-default\">Bus shelters\n<\/h2>\t\t\t\t<\/div>\n\t\t\t\t<\/div>\n\t\t\t\t<div class=\"elementor-element elementor-element-145c070 elementor-widget elementor-widget-text-editor\" data-id=\"145c070\" data-element_type=\"widget\" data-e-type=\"widget\" data-widget_type=\"text-editor.default\">\n\t\t\t\t<div class=\"elementor-widget-container\">\n\t\t\t\t\t\t\t\t\t<p>APF<\/p>\t\t\t\t\t\t\t\t<\/div>\n\t\t\t\t<\/div>\n\t\t\t\t<\/div>\n\t\t<div class=\"elementor-element elementor-element-32b3a43 e-con-full e-flex e-con e-child\" data-id=\"32b3a43\" data-element_type=\"container\" data-e-type=\"container\" data-settings=\"{&quot;jet_parallax_layout_list&quot;:[]}\">\n\t\t\t\t<div class=\"elementor-element elementor-element-a548f10 dce_masking-none elementor-widget elementor-widget-image\" data-id=\"a548f10\" data-element_type=\"widget\" data-e-type=\"widget\" data-widget_type=\"image.default\">\n\t\t\t\t<div class=\"elementor-widget-container\">\n\t\t\t\t\t\t\t\t\t\t\t\t\t\t\t<img decoding=\"async\" width=\"512\" height=\"341\" src=\"https:\/\/rotomoulage.org\/wp-content\/uploads\/2025\/06\/Urbanisme-ROTOPLUS-Parcmetre-2.jpg\" class=\"attachment-large size-large wp-image-638\" alt=\"\" srcset=\"https:\/\/rotomoulage.org\/wp-content\/uploads\/2025\/06\/Urbanisme-ROTOPLUS-Parcmetre-2.jpg 512w, https:\/\/rotomoulage.org\/wp-content\/uploads\/2025\/06\/Urbanisme-ROTOPLUS-Parcmetre-2-300x200.jpg 300w, https:\/\/rotomoulage.org\/wp-content\/uploads\/2025\/06\/Urbanisme-ROTOPLUS-Parcmetre-2-18x12.jpg 18w\" sizes=\"(max-width: 512px) 100vw, 512px\" \/>\t\t\t\t\t\t\t\t\t\t\t\t\t\t\t<\/div>\n\t\t\t\t<\/div>\n\t\t\t\t<div class=\"elementor-element elementor-element-a010ac6 elementor-widget elementor-widget-heading\" data-id=\"a010ac6\" data-element_type=\"widget\" data-e-type=\"widget\" data-widget_type=\"heading.default\">\n\t\t\t\t<div class=\"elementor-widget-container\">\n\t\t\t\t\t<h2 class=\"elementor-heading-title elementor-size-default\">Parking meter<\/h2>\t\t\t\t<\/div>\n\t\t\t\t<\/div>\n\t\t\t\t<div class=\"elementor-element elementor-element-4635028 elementor-widget elementor-widget-text-editor\" data-id=\"4635028\" data-element_type=\"widget\" data-e-type=\"widget\" data-widget_type=\"text-editor.default\">\n\t\t\t\t<div class=\"elementor-widget-container\">\n\t\t\t\t\t\t\t\t\t<p>Rotoplus<\/p>\t\t\t\t\t\t\t\t<\/div>\n\t\t\t\t<\/div>\n\t\t\t\t<\/div>\n\t\t<div class=\"elementor-element elementor-element-86fc28c e-con-full e-flex e-con e-child\" data-id=\"86fc28c\" data-element_type=\"container\" data-e-type=\"container\" data-settings=\"{&quot;jet_parallax_layout_list&quot;:[]}\">\n\t\t\t\t<div class=\"elementor-element elementor-element-235a27c dce_masking-none elementor-widget elementor-widget-image\" data-id=\"235a27c\" data-element_type=\"widget\" data-e-type=\"widget\" data-widget_type=\"image.default\">\n\t\t\t\t<div class=\"elementor-widget-container\">\n\t\t\t\t\t\t\t\t\t\t\t\t\t\t\t<img decoding=\"async\" width=\"512\" height=\"341\" src=\"https:\/\/rotomoulage.org\/wp-content\/uploads\/2025\/06\/WESCO-jeu-plein-air-1.jpg\" class=\"attachment-large size-large wp-image-639\" alt=\"\" srcset=\"https:\/\/rotomoulage.org\/wp-content\/uploads\/2025\/06\/WESCO-jeu-plein-air-1.jpg 512w, https:\/\/rotomoulage.org\/wp-content\/uploads\/2025\/06\/WESCO-jeu-plein-air-1-300x200.jpg 300w, https:\/\/rotomoulage.org\/wp-content\/uploads\/2025\/06\/WESCO-jeu-plein-air-1-18x12.jpg 18w\" sizes=\"(max-width: 512px) 100vw, 512px\" \/>\t\t\t\t\t\t\t\t\t\t\t\t\t\t\t<\/div>\n\t\t\t\t<\/div>\n\t\t\t\t<div class=\"elementor-element elementor-element-ed8c769 elementor-widget elementor-widget-heading\" data-id=\"ed8c769\" data-element_type=\"widget\" data-e-type=\"widget\" data-widget_type=\"heading.default\">\n\t\t\t\t<div class=\"elementor-widget-container\">\n\t\t\t\t\t<h2 class=\"elementor-heading-title elementor-size-default\">Air de jeux\n<\/h2>\t\t\t\t<\/div>\n\t\t\t\t<\/div>\n\t\t\t\t<div class=\"elementor-element elementor-element-01323f9 elementor-widget elementor-widget-text-editor\" data-id=\"01323f9\" data-element_type=\"widget\" data-e-type=\"widget\" data-widget_type=\"text-editor.default\">\n\t\t\t\t<div class=\"elementor-widget-container\">\n\t\t\t\t\t\t\t\t\t<p>Wesco<\/p>\t\t\t\t\t\t\t\t<\/div>\n\t\t\t\t<\/div>\n\t\t\t\t<\/div>\n\t\t\t\t<\/div>\n\t\t\t\t\t<\/div>\n\t\t\t\t<\/div>\n\t\t<div class=\"elementor-element elementor-element-1faaa5a e-flex e-con-boxed e-con e-parent\" data-id=\"1faaa5a\" data-element_type=\"container\" data-e-type=\"container\" data-settings=\"{&quot;jet_parallax_layout_list&quot;:[],&quot;background_background&quot;:&quot;classic&quot;}\">\n\t\t\t\t\t<div class=\"e-con-inner\">\n\t\t\t\t<div class=\"elementor-element elementor-element-e2431e6 elementor-widget elementor-widget-heading\" data-id=\"e2431e6\" data-element_type=\"widget\" data-e-type=\"widget\" data-widget_type=\"heading.default\">\n\t\t\t\t<div class=\"elementor-widget-container\">\n\t\t\t\t\t<h2 class=\"elementor-heading-title elementor-size-default\">Rotational-moulded products in town planning\n<\/h2>\t\t\t\t<\/div>\n\t\t\t\t<\/div>\n\t\t\t\t<div class=\"elementor-element elementor-element-8cf64ae elementor-widget elementor-widget-text-editor\" data-id=\"8cf64ae\" data-element_type=\"widget\" data-e-type=\"widget\" data-widget_type=\"text-editor.default\">\n\t\t\t\t<div class=\"elementor-widget-container\">\n\t\t\t\t\t\t\t\t\t<p>Today's street furniture is made up of a wide range of rotomoulded products. The aesthetic qualities of rotational moulding, with its rounded or complex shapes, as well as its durability and resistance to ageing, make it a particularly attractive technique for investment by local authorities.<\/p><p>Street furniture applications take many forms, from simple benches in parks and gardens to recycling containers.<\/p>\t\t\t\t\t\t\t\t<\/div>\n\t\t\t\t<\/div>\n\t\t\t\t<div class=\"elementor-element elementor-element-ee62c70 elementor-widget elementor-widget-text-editor\" data-id=\"ee62c70\" data-element_type=\"widget\" data-e-type=\"widget\" data-widget_type=\"text-editor.default\">\n\t\t\t\t<div class=\"elementor-widget-container\">\n\t\t\t\t\t\t\t\t\t<div class=\"row romain\"><p><strong>Examples of applications:<\/strong><\/p><\/div>\t\t\t\t\t\t\t\t<\/div>\n\t\t\t\t<\/div>\n\t\t\t\t<div class=\"elementor-element elementor-element-9bf42bf elementor-icon-list--layout-traditional elementor-list-item-link-full_width elementor-widget elementor-widget-icon-list\" data-id=\"9bf42bf\" data-element_type=\"widget\" data-e-type=\"widget\" data-widget_type=\"icon-list.default\">\n\t\t\t\t<div class=\"elementor-widget-container\">\n\t\t\t\t\t\t\t<ul class=\"elementor-icon-list-items\">\n\t\t\t\t\t\t\t<li class=\"elementor-icon-list-item\">\n\t\t\t\t\t\t\t\t\t\t\t<span class=\"elementor-icon-list-icon\">\n\t\t\t\t\t\t\t<i aria-hidden=\"true\" class=\"fas fa-chevron-circle-right\"><\/i>\t\t\t\t\t\t<\/span>\n\t\t\t\t\t\t\t\t\t\t<span class=\"elementor-icon-list-text\">Benches and outdoor seating<\/span>\n\t\t\t\t\t\t\t\t\t<\/li>\n\t\t\t\t\t\t\t\t<li class=\"elementor-icon-list-item\">\n\t\t\t\t\t\t\t\t\t\t\t<span class=\"elementor-icon-list-icon\">\n\t\t\t\t\t\t\t<i aria-hidden=\"true\" class=\"fas fa-chevron-circle-right\"><\/i>\t\t\t\t\t\t<\/span>\n\t\t\t\t\t\t\t\t\t\t<span class=\"elementor-icon-list-text\">Bus shelters<\/span>\n\t\t\t\t\t\t\t\t\t<\/li>\n\t\t\t\t\t\t\t\t<li class=\"elementor-icon-list-item\">\n\t\t\t\t\t\t\t\t\t\t\t<span class=\"elementor-icon-list-icon\">\n\t\t\t\t\t\t\t<i aria-hidden=\"true\" class=\"fas fa-chevron-circle-right\"><\/i>\t\t\t\t\t\t<\/span>\n\t\t\t\t\t\t\t\t\t\t<span class=\"elementor-icon-list-text\">Outdoor games<\/span>\n\t\t\t\t\t\t\t\t\t<\/li>\n\t\t\t\t\t\t\t\t<li class=\"elementor-icon-list-item\">\n\t\t\t\t\t\t\t\t\t\t\t<span class=\"elementor-icon-list-icon\">\n\t\t\t\t\t\t\t<i aria-hidden=\"true\" class=\"fas fa-chevron-circle-right\"><\/i>\t\t\t\t\t\t<\/span>\n\t\t\t\t\t\t\t\t\t\t<span class=\"elementor-icon-list-text\">Recycling containers <\/span>\n\t\t\t\t\t\t\t\t\t<\/li>\n\t\t\t\t\t\t<\/ul>\n\t\t\t\t\t\t<\/div>\n\t\t\t\t<\/div>\n\t\t\t\t\t<\/div>\n\t\t\t\t<\/div>\n\t\t<div class=\"elementor-element elementor-element-57a85fe e-flex e-con-boxed e-con e-parent\" data-id=\"57a85fe\" data-element_type=\"container\" data-e-type=\"container\" data-settings=\"{&quot;jet_parallax_layout_list&quot;:[]}\">\n\t\t\t\t\t<div class=\"e-con-inner\">\n\t\t<div class=\"elementor-element elementor-element-41f4d07 e-grid e-con-full e-con e-child\" data-id=\"41f4d07\" data-element_type=\"container\" data-e-type=\"container\" data-settings=\"{&quot;jet_parallax_layout_list&quot;:[]}\">\n\t\t<div class=\"elementor-element elementor-element-6da604f e-con-full e-flex e-con e-child\" data-id=\"6da604f\" data-element_type=\"container\" data-e-type=\"container\" data-settings=\"{&quot;jet_parallax_layout_list&quot;:[]}\">\n\t\t\t\t<div class=\"elementor-element elementor-element-a0eb3b1 dce_masking-none elementor-widget elementor-widget-image\" data-id=\"a0eb3b1\" data-element_type=\"widget\" data-e-type=\"widget\" data-widget_type=\"image.default\">\n\t\t\t\t<div class=\"elementor-widget-container\">\n\t\t\t\t\t\t\t\t\t\t\t\t\t\t\t<img loading=\"lazy\" decoding=\"async\" width=\"375\" height=\"500\" src=\"https:\/\/rotomoulage.org\/wp-content\/uploads\/2025\/06\/collecteur-tri-recup-air.jpg\" class=\"attachment-large size-large wp-image-636\" alt=\"\" srcset=\"https:\/\/rotomoulage.org\/wp-content\/uploads\/2025\/06\/collecteur-tri-recup-air.jpg 375w, https:\/\/rotomoulage.org\/wp-content\/uploads\/2025\/06\/collecteur-tri-recup-air-225x300.jpg 225w, https:\/\/rotomoulage.org\/wp-content\/uploads\/2025\/06\/collecteur-tri-recup-air-9x12.jpg 9w\" sizes=\"(max-width: 375px) 100vw, 375px\" \/>\t\t\t\t\t\t\t\t\t\t\t\t\t\t\t<\/div>\n\t\t\t\t<\/div>\n\t\t\t\t<div class=\"elementor-element elementor-element-3535dff elementor-widget elementor-widget-heading\" data-id=\"3535dff\" data-element_type=\"widget\" data-e-type=\"widget\" data-widget_type=\"heading.default\">\n\t\t\t\t<div class=\"elementor-widget-container\">\n\t\t\t\t\t<h2 class=\"elementor-heading-title elementor-size-default\">PET sorting collector\n<\/h2>\t\t\t\t<\/div>\n\t\t\t\t<\/div>\n\t\t\t\t<div class=\"elementor-element elementor-element-c1fa3c6 elementor-widget elementor-widget-text-editor\" data-id=\"c1fa3c6\" data-element_type=\"widget\" data-e-type=\"widget\" data-widget_type=\"text-editor.default\">\n\t\t\t\t<div class=\"elementor-widget-container\">\n\t\t\t\t\t\t\t\t\t<p>ID Roto Solution | Recup 'Air<\/p>\t\t\t\t\t\t\t\t<\/div>\n\t\t\t\t<\/div>\n\t\t\t\t<\/div>\n\t\t\t\t<\/div>\n\t\t\t\t\t<\/div>\n\t\t\t\t<\/div>\n\t\t\t\t<\/div>","protected":false},"excerpt":{"rendered":"<p>Abris de bus APF Parcm\u00e8tre Rotoplus Air de jeux Wesco Produits rotomoul\u00e9s dans l\u2019urbanisme Le mobilier urbain est aujourd&rsquo;hui compos\u00e9 de multiples produits rotomoul\u00e9s. Les qualit\u00e9s esth\u00e9tiques du rotomoulage avec ses formes arrondies et ou complexes ainsi que la durabilit\u00e9 et la r\u00e9sistance aux vieillissements, en font une technique particuli\u00e8rement int\u00e9ressante pour l\u2019investissement des collectivit\u00e9s. [&hellip;]<\/p>\n","protected":false},"author":1,"featured_media":0,"parent":31,"menu_order":0,"comment_status":"closed","ping_status":"closed","template":"elementor_header_footer","meta":{"footnotes":""},"class_list":["post-173","page","type-page","status-publish","hentry"],"yoast_head":"<!-- This site is optimized with the Yoast SEO plugin v27.5 - https:\/\/yoast.com\/product\/yoast-seo-wordpress\/ -->\n<title>Urbanisme - AFR<\/title>\n<meta name=\"robots\" content=\"index, follow, max-snippet:-1, max-image-preview:large, max-video-preview:-1\" \/>\n<link rel=\"canonical\" href=\"https:\/\/rotomoulage.org\/en\/applications\/town-planning\/\" \/>\n<meta property=\"og:locale\" content=\"en_GB\" \/>\n<meta property=\"og:type\" content=\"article\" \/>\n<meta property=\"og:title\" content=\"Urbanisme - AFR\" \/>\n<meta property=\"og:description\" content=\"Abris de bus APF Parcm\u00e8tre Rotoplus Air de jeux Wesco Produits rotomoul\u00e9s dans l\u2019urbanisme Le mobilier urbain est aujourd&rsquo;hui compos\u00e9 de multiples produits rotomoul\u00e9s. Les qualit\u00e9s esth\u00e9tiques du rotomoulage avec ses formes arrondies et ou complexes ainsi que la durabilit\u00e9 et la r\u00e9sistance aux vieillissements, en font une technique particuli\u00e8rement int\u00e9ressante pour l\u2019investissement des collectivit\u00e9s. [&hellip;]\" \/>\n<meta property=\"og:url\" content=\"https:\/\/rotomoulage.org\/en\/applications\/town-planning\/\" \/>\n<meta property=\"og:site_name\" content=\"AFR\" \/>\n<meta property=\"article:modified_time\" content=\"2025-06-17T11:10:26+00:00\" \/>\n<meta property=\"og:image\" content=\"https:\/\/rotomoulage.org\/wp-content\/uploads\/2025\/06\/APF-abris.jpg\" \/>\n\t<meta property=\"og:image:width\" content=\"512\" \/>\n\t<meta property=\"og:image:height\" content=\"341\" \/>\n\t<meta property=\"og:image:type\" content=\"image\/jpeg\" \/>\n<meta name=\"twitter:card\" content=\"summary_large_image\" \/>\n<meta name=\"twitter:label1\" content=\"Estimated reading time\" \/>\n\t<meta name=\"twitter:data1\" content=\"2 minutes\" \/>\n<script type=\"application\/ld+json\" class=\"yoast-schema-graph\">{\"@context\":\"https:\\\/\\\/schema.org\",\"@graph\":[{\"@type\":\"WebPage\",\"@id\":\"https:\\\/\\\/rotomoulage.org\\\/applications\\\/urbanisme\\\/\",\"url\":\"https:\\\/\\\/rotomoulage.org\\\/applications\\\/urbanisme\\\/\",\"name\":\"Urbanisme - AFR\",\"isPartOf\":{\"@id\":\"https:\\\/\\\/rotomoulage.org\\\/#website\"},\"primaryImageOfPage\":{\"@id\":\"https:\\\/\\\/rotomoulage.org\\\/applications\\\/urbanisme\\\/#primaryimage\"},\"image\":{\"@id\":\"https:\\\/\\\/rotomoulage.org\\\/applications\\\/urbanisme\\\/#primaryimage\"},\"thumbnailUrl\":\"https:\\\/\\\/rotomoulage.org\\\/wp-content\\\/uploads\\\/2025\\\/06\\\/APF-abris.jpg\",\"datePublished\":\"2025-06-05T15:12:17+00:00\",\"dateModified\":\"2025-06-17T11:10:26+00:00\",\"breadcrumb\":{\"@id\":\"https:\\\/\\\/rotomoulage.org\\\/applications\\\/urbanisme\\\/#breadcrumb\"},\"inLanguage\":\"en-GB\",\"potentialAction\":[{\"@type\":\"ReadAction\",\"target\":[\"https:\\\/\\\/rotomoulage.org\\\/applications\\\/urbanisme\\\/\"]}]},{\"@type\":\"ImageObject\",\"inLanguage\":\"en-GB\",\"@id\":\"https:\\\/\\\/rotomoulage.org\\\/applications\\\/urbanisme\\\/#primaryimage\",\"url\":\"https:\\\/\\\/rotomoulage.org\\\/wp-content\\\/uploads\\\/2025\\\/06\\\/APF-abris.jpg\",\"contentUrl\":\"https:\\\/\\\/rotomoulage.org\\\/wp-content\\\/uploads\\\/2025\\\/06\\\/APF-abris.jpg\"},{\"@type\":\"BreadcrumbList\",\"@id\":\"https:\\\/\\\/rotomoulage.org\\\/applications\\\/urbanisme\\\/#breadcrumb\",\"itemListElement\":[{\"@type\":\"ListItem\",\"position\":1,\"name\":\"Accueil\",\"item\":\"https:\\\/\\\/rotomoulage.org\\\/\"},{\"@type\":\"ListItem\",\"position\":2,\"name\":\"Applications\",\"item\":\"https:\\\/\\\/rotomoulage.org\\\/applications\\\/\"},{\"@type\":\"ListItem\",\"position\":3,\"name\":\"Urbanisme\"}]},{\"@type\":\"WebSite\",\"@id\":\"https:\\\/\\\/rotomoulage.org\\\/#website\",\"url\":\"https:\\\/\\\/rotomoulage.org\\\/\",\"name\":\"AFR\",\"description\":\"Association Francophone du Rotomoulage\",\"potentialAction\":[{\"@type\":\"SearchAction\",\"target\":{\"@type\":\"EntryPoint\",\"urlTemplate\":\"https:\\\/\\\/rotomoulage.org\\\/?s={search_term_string}\"},\"query-input\":{\"@type\":\"PropertyValueSpecification\",\"valueRequired\":true,\"valueName\":\"search_term_string\"}}],\"inLanguage\":\"en-GB\"}]}<\/script>\n<!-- \/ Yoast SEO plugin. -->","yoast_head_json":{"title":"Town planning - AFR","robots":{"index":"index","follow":"follow","max-snippet":"max-snippet:-1","max-image-preview":"max-image-preview:large","max-video-preview":"max-video-preview:-1"},"canonical":"https:\/\/rotomoulage.org\/en\/applications\/town-planning\/","og_locale":"en_GB","og_type":"article","og_title":"Urbanisme - AFR","og_description":"Abris de bus APF Parcm\u00e8tre Rotoplus Air de jeux Wesco Produits rotomoul\u00e9s dans l\u2019urbanisme Le mobilier urbain est aujourd&rsquo;hui compos\u00e9 de multiples produits rotomoul\u00e9s. Les qualit\u00e9s esth\u00e9tiques du rotomoulage avec ses formes arrondies et ou complexes ainsi que la durabilit\u00e9 et la r\u00e9sistance aux vieillissements, en font une technique particuli\u00e8rement int\u00e9ressante pour l\u2019investissement des collectivit\u00e9s. [&hellip;]","og_url":"https:\/\/rotomoulage.org\/en\/applications\/town-planning\/","og_site_name":"AFR","article_modified_time":"2025-06-17T11:10:26+00:00","og_image":[{"width":512,"height":341,"url":"https:\/\/rotomoulage.org\/wp-content\/uploads\/2025\/06\/APF-abris.jpg","type":"image\/jpeg"}],"twitter_card":"summary_large_image","twitter_misc":{"Estimated reading time":"2 minutes"},"schema":{"@context":"https:\/\/schema.org","@graph":[{"@type":"WebPage","@id":"https:\/\/rotomoulage.org\/applications\/urbanisme\/","url":"https:\/\/rotomoulage.org\/applications\/urbanisme\/","name":"Town planning - AFR","isPartOf":{"@id":"https:\/\/rotomoulage.org\/#website"},"primaryImageOfPage":{"@id":"https:\/\/rotomoulage.org\/applications\/urbanisme\/#primaryimage"},"image":{"@id":"https:\/\/rotomoulage.org\/applications\/urbanisme\/#primaryimage"},"thumbnailUrl":"https:\/\/rotomoulage.org\/wp-content\/uploads\/2025\/06\/APF-abris.jpg","datePublished":"2025-06-05T15:12:17+00:00","dateModified":"2025-06-17T11:10:26+00:00","breadcrumb":{"@id":"https:\/\/rotomoulage.org\/applications\/urbanisme\/#breadcrumb"},"inLanguage":"en-GB","potentialAction":[{"@type":"ReadAction","target":["https:\/\/rotomoulage.org\/applications\/urbanisme\/"]}]},{"@type":"ImageObject","inLanguage":"en-GB","@id":"https:\/\/rotomoulage.org\/applications\/urbanisme\/#primaryimage","url":"https:\/\/rotomoulage.org\/wp-content\/uploads\/2025\/06\/APF-abris.jpg","contentUrl":"https:\/\/rotomoulage.org\/wp-content\/uploads\/2025\/06\/APF-abris.jpg"},{"@type":"BreadcrumbList","@id":"https:\/\/rotomoulage.org\/applications\/urbanisme\/#breadcrumb","itemListElement":[{"@type":"ListItem","position":1,"name":"Accueil","item":"https:\/\/rotomoulage.org\/"},{"@type":"ListItem","position":2,"name":"Applications","item":"https:\/\/rotomoulage.org\/applications\/"},{"@type":"ListItem","position":3,"name":"Urbanisme"}]},{"@type":"WebSite","@id":"https:\/\/rotomoulage.org\/#website","url":"https:\/\/rotomoulage.org\/","name":"AFR","description":"Association Francophone du Rotomoulage","potentialAction":[{"@type":"SearchAction","target":{"@type":"EntryPoint","urlTemplate":"https:\/\/rotomoulage.org\/?s={search_term_string}"},"query-input":{"@type":"PropertyValueSpecification","valueRequired":true,"valueName":"search_term_string"}}],"inLanguage":"en-GB"}]}},"_links":{"self":[{"href":"https:\/\/rotomoulage.org\/en\/wp-json\/wp\/v2\/pages\/173","targetHints":{"allow":["GET"]}}],"collection":[{"href":"https:\/\/rotomoulage.org\/en\/wp-json\/wp\/v2\/pages"}],"about":[{"href":"https:\/\/rotomoulage.org\/en\/wp-json\/wp\/v2\/types\/page"}],"author":[{"embeddable":true,"href":"https:\/\/rotomoulage.org\/en\/wp-json\/wp\/v2\/users\/1"}],"replies":[{"embeddable":true,"href":"https:\/\/rotomoulage.org\/en\/wp-json\/wp\/v2\/comments?post=173"}],"version-history":[{"count":10,"href":"https:\/\/rotomoulage.org\/en\/wp-json\/wp\/v2\/pages\/173\/revisions"}],"predecessor-version":[{"id":643,"href":"https:\/\/rotomoulage.org\/en\/wp-json\/wp\/v2\/pages\/173\/revisions\/643"}],"up":[{"embeddable":true,"href":"https:\/\/rotomoulage.org\/en\/wp-json\/wp\/v2\/pages\/31"}],"wp:attachment":[{"href":"https:\/\/rotomoulage.org\/en\/wp-json\/wp\/v2\/media?parent=173"}],"curies":[{"name":"wp","href":"https:\/\/api.w.org\/{rel}","templated":true}]}}