{"id":31,"date":"2025-04-21T22:20:23","date_gmt":"2025-04-21T20:20:23","guid":{"rendered":"https:\/\/rotomoulage.yohanndeprez.com\/?page_id=31"},"modified":"2025-07-07T23:45:34","modified_gmt":"2025-07-07T21:45:34","slug":"applications","status":"publish","type":"page","link":"https:\/\/rotomoulage.org\/en\/applications\/","title":{"rendered":"Applications"},"content":{"rendered":"<div data-elementor-type=\"wp-page\" data-elementor-id=\"31\" class=\"elementor elementor-31\" data-elementor-post-type=\"page\">\n\t\t\t\t<div class=\"elementor-element elementor-element-6b3fada e-flex e-con-boxed e-con e-parent\" data-id=\"6b3fada\" data-element_type=\"container\" data-e-type=\"container\" data-settings=\"{&quot;jet_parallax_layout_list&quot;:[]}\">\n\t\t\t\t\t<div class=\"e-con-inner\">\n\t\t\t\t<div class=\"elementor-element elementor-element-63a3816 elementor-widget elementor-widget-heading\" data-id=\"63a3816\" data-element_type=\"widget\" data-e-type=\"widget\" data-widget_type=\"heading.default\">\n\t\t\t\t<div class=\"elementor-widget-container\">\n\t\t\t\t\t<h1 class=\"elementor-heading-title elementor-size-default\">Applications<\/h1>\t\t\t\t<\/div>\n\t\t\t\t<\/div>\n\t\t\t\t<div class=\"elementor-element elementor-element-d8b84fa elementor-widget-divider--view-line elementor-widget elementor-widget-divider\" data-id=\"d8b84fa\" data-element_type=\"widget\" data-e-type=\"widget\" data-widget_type=\"divider.default\">\n\t\t\t\t<div class=\"elementor-widget-container\">\n\t\t\t\t\t\t\t<div class=\"elementor-divider\">\n\t\t\t<span class=\"elementor-divider-separator\">\n\t\t\t\t\t\t<\/span>\n\t\t<\/div>\n\t\t\t\t\t\t<\/div>\n\t\t\t\t<\/div>\n\t\t\t\t\t<\/div>\n\t\t\t\t<\/div>\n\t\t<div class=\"elementor-element elementor-element-4ae54d8 e-flex e-con-boxed e-con e-parent\" data-id=\"4ae54d8\" data-element_type=\"container\" data-e-type=\"container\" data-settings=\"{&quot;jet_parallax_layout_list&quot;:[]}\">\n\t\t\t\t\t<div class=\"e-con-inner\">\n\t\t\t\t<div class=\"elementor-element elementor-element-e5cf13a elementor-widget elementor-widget-text-editor\" data-id=\"e5cf13a\" data-element_type=\"widget\" data-e-type=\"widget\" data-widget_type=\"text-editor.default\">\n\t\t\t\t<div class=\"elementor-widget-container\">\n\t\t\t\t\t\t\t\t\t<p data-start=\"72\" data-end=\"121\"><strong data-start=\"72\" data-end=\"121\">Bring your projects to life with rotational moulding<\/strong><\/p><p data-start=\"123\" data-end=\"746\">For over twenty years, advances in processable materials and process control tools have made rotational moulding a genuine alternative to traditional manufacturing methods. Developments in recent years have been particularly noteworthy, with new technologies, the latest generation of machines, innovative moulds and increasingly high-performance materials now making it possible to design a wide range of parts, from the simplest shapes to the most complex geometries.<br data-start=\"636\" data-end=\"639\" \/>Discover the wide range of possibilities offered by this technique by exploring our many projects.<\/p>\t\t\t\t\t\t\t\t<\/div>\n\t\t\t\t<\/div>\n\t\t\t\t\t<\/div>\n\t\t\t\t<\/div>\n\t\t<div class=\"elementor-element elementor-element-e18092a e-flex e-con-boxed e-con e-parent\" data-id=\"e18092a\" data-element_type=\"container\" data-e-type=\"container\" data-settings=\"{&quot;jet_parallax_layout_list&quot;:[]}\">\n\t\t\t\t\t<div class=\"e-con-inner\">\n\t\t<div class=\"elementor-element elementor-element-78075d2 e-grid e-con-full e-con e-child\" data-id=\"78075d2\" data-element_type=\"container\" data-e-type=\"container\" data-settings=\"{&quot;jet_parallax_layout_list&quot;:[]}\">\n\t\t<div data-dce-background-overlay-color=\"#29292900\" data-dce-background-image-url=\"https:\/\/rotomoulage.org\/wp-content\/uploads\/2025\/05\/agriculture1.jpg\" class=\"elementor-element elementor-element-acc3190 e-con-full e-flex e-con e-child\" data-id=\"acc3190\" data-element_type=\"container\" data-e-type=\"container\" data-settings=\"{&quot;background_background&quot;:&quot;classic&quot;,&quot;jet_parallax_layout_list&quot;:[]}\">\n\t\t\t\t<div data-dce-title-color=\"#FFFFFF\" class=\"elementor-element elementor-element-7367c14 elementor-widget elementor-widget-heading\" data-id=\"7367c14\" data-element_type=\"widget\" data-e-type=\"widget\" data-widget_type=\"heading.default\">\n\t\t\t\t<div class=\"elementor-widget-container\">\n\t\t\t\t\t<h2 class=\"elementor-heading-title elementor-size-default\"><a href=\"https:\/\/rotomoulage.org\/en\/applications\/agriculture\/\">Agriculture<\/a><\/h2>\t\t\t\t<\/div>\n\t\t\t\t<\/div>\n\t\t\t\t<div class=\"elementor-element elementor-element-3e3473c elementor-widget elementor-widget-button\" data-id=\"3e3473c\" data-element_type=\"widget\" data-e-type=\"widget\" data-widget_type=\"button.default\">\n\t\t\t\t<div class=\"elementor-widget-container\">\n\t\t\t\t\t\t\t\t\t<div class=\"elementor-button-wrapper\">\n\t\t\t\t\t<a class=\"elementor-button elementor-button-link elementor-size-sm\" href=\"https:\/\/rotomoulage.org\/en\/applications\/agriculture\/\">\n\t\t\t\t\t\t<span class=\"elementor-button-content-wrapper\">\n\t\t\t\t\t\t\t\t\t<span class=\"elementor-button-text\">Discover<\/span>\n\t\t\t\t\t<\/span>\n\t\t\t\t\t<\/a>\n\t\t\t\t<\/div>\n\t\t\t\t\t\t\t\t<\/div>\n\t\t\t\t<\/div>\n\t\t\t\t<\/div>\n\t\t<div data-dce-background-overlay-color=\"#29292900\" data-dce-background-image-url=\"https:\/\/rotomoulage.org\/wp-content\/uploads\/2025\/05\/assainissement-v2-rotomade.jpg\" class=\"elementor-element elementor-element-912d7bb e-con-full e-flex e-con e-child\" data-id=\"912d7bb\" data-element_type=\"container\" data-e-type=\"container\" data-settings=\"{&quot;background_background&quot;:&quot;classic&quot;,&quot;jet_parallax_layout_list&quot;:[]}\">\n\t\t\t\t<div data-dce-title-color=\"#FFFFFF\" class=\"elementor-element elementor-element-7021efb elementor-widget elementor-widget-heading\" data-id=\"7021efb\" data-element_type=\"widget\" data-e-type=\"widget\" data-widget_type=\"heading.default\">\n\t\t\t\t<div class=\"elementor-widget-container\">\n\t\t\t\t\t<h2 class=\"elementor-heading-title elementor-size-default\"><a href=\"https:\/\/rotomoulage.org\/en\/applications\/sanitation\/\">Sanitation<\/a><\/h2>\t\t\t\t<\/div>\n\t\t\t\t<\/div>\n\t\t\t\t<div class=\"elementor-element elementor-element-358b61a elementor-widget elementor-widget-button\" data-id=\"358b61a\" data-element_type=\"widget\" data-e-type=\"widget\" data-widget_type=\"button.default\">\n\t\t\t\t<div class=\"elementor-widget-container\">\n\t\t\t\t\t\t\t\t\t<div class=\"elementor-button-wrapper\">\n\t\t\t\t\t<a class=\"elementor-button elementor-button-link elementor-size-sm\" href=\"https:\/\/rotomoulage.org\/en\/applications\/sanitation\/\">\n\t\t\t\t\t\t<span class=\"elementor-button-content-wrapper\">\n\t\t\t\t\t\t\t\t\t<span class=\"elementor-button-text\">Discover<\/span>\n\t\t\t\t\t<\/span>\n\t\t\t\t\t<\/a>\n\t\t\t\t<\/div>\n\t\t\t\t\t\t\t\t<\/div>\n\t\t\t\t<\/div>\n\t\t\t\t<\/div>\n\t\t<div data-dce-background-overlay-color=\"#29292900\" data-dce-background-image-url=\"https:\/\/rotomoulage.org\/wp-content\/uploads\/2025\/05\/jeux1.jpg\" class=\"elementor-element elementor-element-7d9d867 e-con-full e-flex e-con e-child\" data-id=\"7d9d867\" data-element_type=\"container\" data-e-type=\"container\" data-settings=\"{&quot;background_background&quot;:&quot;classic&quot;,&quot;jet_parallax_layout_list&quot;:[]}\">\n\t\t\t\t<div data-dce-title-color=\"#FFFFFF\" class=\"elementor-element elementor-element-a0366fd elementor-widget elementor-widget-heading\" data-id=\"a0366fd\" data-element_type=\"widget\" data-e-type=\"widget\" data-widget_type=\"heading.default\">\n\t\t\t\t<div class=\"elementor-widget-container\">\n\t\t\t\t\t<h2 class=\"elementor-heading-title elementor-size-default\"><a href=\"https:\/\/rotomoulage.org\/en\/applications\/education-and-toys\/\">Education &amp; Toys<\/a><\/h2>\t\t\t\t<\/div>\n\t\t\t\t<\/div>\n\t\t\t\t<div class=\"elementor-element elementor-element-63791b7 elementor-widget elementor-widget-button\" data-id=\"63791b7\" data-element_type=\"widget\" data-e-type=\"widget\" data-widget_type=\"button.default\">\n\t\t\t\t<div class=\"elementor-widget-container\">\n\t\t\t\t\t\t\t\t\t<div class=\"elementor-button-wrapper\">\n\t\t\t\t\t<a class=\"elementor-button elementor-button-link elementor-size-sm\" href=\"https:\/\/rotomoulage.org\/en\/applications\/education-and-toys\/\">\n\t\t\t\t\t\t<span class=\"elementor-button-content-wrapper\">\n\t\t\t\t\t\t\t\t\t<span class=\"elementor-button-text\">Discover<\/span>\n\t\t\t\t\t<\/span>\n\t\t\t\t\t<\/a>\n\t\t\t\t<\/div>\n\t\t\t\t\t\t\t\t<\/div>\n\t\t\t\t<\/div>\n\t\t\t\t<\/div>\n\t\t<div data-dce-background-overlay-color=\"#29292900\" data-dce-background-image-url=\"https:\/\/rotomoulage.org\/wp-content\/uploads\/2025\/05\/environnement1.jpg\" class=\"elementor-element elementor-element-59570b6 e-con-full e-flex e-con e-child\" data-id=\"59570b6\" data-element_type=\"container\" data-e-type=\"container\" data-settings=\"{&quot;background_background&quot;:&quot;classic&quot;,&quot;jet_parallax_layout_list&quot;:[]}\">\n\t\t\t\t<div data-dce-title-color=\"#FFFFFF\" class=\"elementor-element elementor-element-cc700f6 elementor-widget elementor-widget-heading\" data-id=\"cc700f6\" data-element_type=\"widget\" data-e-type=\"widget\" data-widget_type=\"heading.default\">\n\t\t\t\t<div class=\"elementor-widget-container\">\n\t\t\t\t\t<h2 class=\"elementor-heading-title elementor-size-default\"><a href=\"https:\/\/rotomoulage.org\/en\/applications\/environment\/\">Environment<\/a><\/h2>\t\t\t\t<\/div>\n\t\t\t\t<\/div>\n\t\t\t\t<div class=\"elementor-element elementor-element-db24a89 elementor-widget elementor-widget-button\" data-id=\"db24a89\" data-element_type=\"widget\" data-e-type=\"widget\" data-widget_type=\"button.default\">\n\t\t\t\t<div class=\"elementor-widget-container\">\n\t\t\t\t\t\t\t\t\t<div class=\"elementor-button-wrapper\">\n\t\t\t\t\t<a class=\"elementor-button elementor-button-link elementor-size-sm\" href=\"https:\/\/rotomoulage.org\/en\/applications\/environment\/\">\n\t\t\t\t\t\t<span class=\"elementor-button-content-wrapper\">\n\t\t\t\t\t\t\t\t\t<span class=\"elementor-button-text\">Discover<\/span>\n\t\t\t\t\t<\/span>\n\t\t\t\t\t<\/a>\n\t\t\t\t<\/div>\n\t\t\t\t\t\t\t\t<\/div>\n\t\t\t\t<\/div>\n\t\t\t\t<\/div>\n\t\t<div data-dce-background-overlay-color=\"#29292900\" data-dce-background-image-url=\"https:\/\/rotomoulage.org\/wp-content\/uploads\/2025\/05\/industrie1.jpg\" class=\"elementor-element elementor-element-cd54f7b e-con-full e-flex e-con e-child\" data-id=\"cd54f7b\" data-element_type=\"container\" data-e-type=\"container\" data-settings=\"{&quot;background_background&quot;:&quot;classic&quot;,&quot;jet_parallax_layout_list&quot;:[]}\">\n\t\t\t\t<div data-dce-title-color=\"#FFFFFF\" class=\"elementor-element elementor-element-e5f13fe elementor-widget elementor-widget-heading\" data-id=\"e5f13fe\" data-element_type=\"widget\" data-e-type=\"widget\" data-widget_type=\"heading.default\">\n\t\t\t\t<div class=\"elementor-widget-container\">\n\t\t\t\t\t<h2 class=\"elementor-heading-title elementor-size-default\"><a href=\"https:\/\/rotomoulage.org\/en\/applications\/industry\/\">Industry<\/a><\/h2>\t\t\t\t<\/div>\n\t\t\t\t<\/div>\n\t\t\t\t<div class=\"elementor-element elementor-element-d36dc5f elementor-widget elementor-widget-button\" data-id=\"d36dc5f\" data-element_type=\"widget\" data-e-type=\"widget\" data-widget_type=\"button.default\">\n\t\t\t\t<div class=\"elementor-widget-container\">\n\t\t\t\t\t\t\t\t\t<div class=\"elementor-button-wrapper\">\n\t\t\t\t\t<a class=\"elementor-button elementor-button-link elementor-size-sm\" href=\"https:\/\/rotomoulage.org\/en\/applications\/industry\/\">\n\t\t\t\t\t\t<span class=\"elementor-button-content-wrapper\">\n\t\t\t\t\t\t\t\t\t<span class=\"elementor-button-text\">Discover<\/span>\n\t\t\t\t\t<\/span>\n\t\t\t\t\t<\/a>\n\t\t\t\t<\/div>\n\t\t\t\t\t\t\t\t<\/div>\n\t\t\t\t<\/div>\n\t\t\t\t<\/div>\n\t\t<div data-dce-background-overlay-color=\"#29292900\" data-dce-background-image-url=\"https:\/\/rotomoulage.org\/wp-content\/uploads\/2025\/05\/mobilier1.jpg\" class=\"elementor-element elementor-element-9e60315 e-con-full e-flex e-con e-child\" data-id=\"9e60315\" data-element_type=\"container\" data-e-type=\"container\" data-settings=\"{&quot;background_background&quot;:&quot;classic&quot;,&quot;jet_parallax_layout_list&quot;:[]}\">\n\t\t\t\t<div data-dce-title-color=\"#FFFFFF\" class=\"elementor-element elementor-element-42eddc1 elementor-widget elementor-widget-heading\" data-id=\"42eddc1\" data-element_type=\"widget\" data-e-type=\"widget\" data-widget_type=\"heading.default\">\n\t\t\t\t<div class=\"elementor-widget-container\">\n\t\t\t\t\t<h2 class=\"elementor-heading-title elementor-size-default\"><a href=\"https:\/\/rotomoulage.org\/en\/applications\/furniture-and-decoration\/\">Furniture &amp; Decoration<\/a><\/h2>\t\t\t\t<\/div>\n\t\t\t\t<\/div>\n\t\t\t\t<div class=\"elementor-element elementor-element-88b4e0a elementor-widget elementor-widget-button\" data-id=\"88b4e0a\" data-element_type=\"widget\" data-e-type=\"widget\" data-widget_type=\"button.default\">\n\t\t\t\t<div class=\"elementor-widget-container\">\n\t\t\t\t\t\t\t\t\t<div class=\"elementor-button-wrapper\">\n\t\t\t\t\t<a class=\"elementor-button elementor-button-link elementor-size-sm\" href=\"https:\/\/rotomoulage.org\/en\/applications\/furniture-and-decoration\/\">\n\t\t\t\t\t\t<span class=\"elementor-button-content-wrapper\">\n\t\t\t\t\t\t\t\t\t<span class=\"elementor-button-text\">Discover<\/span>\n\t\t\t\t\t<\/span>\n\t\t\t\t\t<\/a>\n\t\t\t\t<\/div>\n\t\t\t\t\t\t\t\t<\/div>\n\t\t\t\t<\/div>\n\t\t\t\t<\/div>\n\t\t<div data-dce-background-overlay-color=\"#29292900\" data-dce-background-image-url=\"https:\/\/rotomoulage.org\/wp-content\/uploads\/2025\/05\/sante1.jpg\" class=\"elementor-element elementor-element-ee54864 e-con-full e-flex e-con e-child\" data-id=\"ee54864\" data-element_type=\"container\" data-e-type=\"container\" data-settings=\"{&quot;background_background&quot;:&quot;classic&quot;,&quot;jet_parallax_layout_list&quot;:[]}\">\n\t\t\t\t<div data-dce-title-color=\"#FFFFFF\" class=\"elementor-element elementor-element-8dd793d elementor-widget elementor-widget-heading\" data-id=\"8dd793d\" data-element_type=\"widget\" data-e-type=\"widget\" data-widget_type=\"heading.default\">\n\t\t\t\t<div class=\"elementor-widget-container\">\n\t\t\t\t\t<h2 class=\"elementor-heading-title elementor-size-default\"><a href=\"https:\/\/rotomoulage.org\/en\/applications\/health-and-safety\/\">Health &amp; Safety<\/a><\/h2>\t\t\t\t<\/div>\n\t\t\t\t<\/div>\n\t\t\t\t<div class=\"elementor-element elementor-element-3499d0a elementor-widget elementor-widget-button\" data-id=\"3499d0a\" data-element_type=\"widget\" data-e-type=\"widget\" data-widget_type=\"button.default\">\n\t\t\t\t<div class=\"elementor-widget-container\">\n\t\t\t\t\t\t\t\t\t<div class=\"elementor-button-wrapper\">\n\t\t\t\t\t<a class=\"elementor-button elementor-button-link elementor-size-sm\" href=\"https:\/\/rotomoulage.org\/en\/applications\/health-and-safety\/\">\n\t\t\t\t\t\t<span class=\"elementor-button-content-wrapper\">\n\t\t\t\t\t\t\t\t\t<span class=\"elementor-button-text\">Discover<\/span>\n\t\t\t\t\t<\/span>\n\t\t\t\t\t<\/a>\n\t\t\t\t<\/div>\n\t\t\t\t\t\t\t\t<\/div>\n\t\t\t\t<\/div>\n\t\t\t\t<\/div>\n\t\t<div data-dce-background-overlay-color=\"#29292900\" data-dce-background-image-url=\"https:\/\/rotomoulage.org\/wp-content\/uploads\/2025\/05\/Sport1.jpg\" class=\"elementor-element elementor-element-436423f e-con-full e-flex e-con e-child\" data-id=\"436423f\" data-element_type=\"container\" data-e-type=\"container\" data-settings=\"{&quot;background_background&quot;:&quot;classic&quot;,&quot;jet_parallax_layout_list&quot;:[]}\">\n\t\t\t\t<div data-dce-title-color=\"#FFFFFF\" class=\"elementor-element elementor-element-e34e692 elementor-widget elementor-widget-heading\" data-id=\"e34e692\" data-element_type=\"widget\" data-e-type=\"widget\" data-widget_type=\"heading.default\">\n\t\t\t\t<div class=\"elementor-widget-container\">\n\t\t\t\t\t<h2 class=\"elementor-heading-title elementor-size-default\"><a href=\"https:\/\/rotomoulage.org\/en\/applications\/sport-and-leisure\/\">Sport &amp; Leisure<\/a><\/h2>\t\t\t\t<\/div>\n\t\t\t\t<\/div>\n\t\t\t\t<div class=\"elementor-element elementor-element-8affb65 elementor-widget elementor-widget-button\" data-id=\"8affb65\" data-element_type=\"widget\" data-e-type=\"widget\" data-widget_type=\"button.default\">\n\t\t\t\t<div class=\"elementor-widget-container\">\n\t\t\t\t\t\t\t\t\t<div class=\"elementor-button-wrapper\">\n\t\t\t\t\t<a class=\"elementor-button elementor-button-link elementor-size-sm\" href=\"https:\/\/rotomoulage.org\/en\/applications\/sport-and-leisure\/\">\n\t\t\t\t\t\t<span class=\"elementor-button-content-wrapper\">\n\t\t\t\t\t\t\t\t\t<span class=\"elementor-button-text\">Discover<\/span>\n\t\t\t\t\t<\/span>\n\t\t\t\t\t<\/a>\n\t\t\t\t<\/div>\n\t\t\t\t\t\t\t\t<\/div>\n\t\t\t\t<\/div>\n\t\t\t\t<\/div>\n\t\t<div data-dce-background-overlay-color=\"#29292900\" data-dce-background-image-url=\"https:\/\/rotomoulage.org\/wp-content\/uploads\/2025\/05\/transport1.jpg\" class=\"elementor-element elementor-element-835071d e-con-full e-flex e-con e-child\" data-id=\"835071d\" data-element_type=\"container\" data-e-type=\"container\" data-settings=\"{&quot;background_background&quot;:&quot;classic&quot;,&quot;jet_parallax_layout_list&quot;:[]}\">\n\t\t\t\t<div data-dce-title-color=\"#FFFFFF\" class=\"elementor-element elementor-element-3fe5a66 elementor-widget elementor-widget-heading\" data-id=\"3fe5a66\" data-element_type=\"widget\" data-e-type=\"widget\" data-widget_type=\"heading.default\">\n\t\t\t\t<div class=\"elementor-widget-container\">\n\t\t\t\t\t<h2 class=\"elementor-heading-title elementor-size-default\"><a href=\"https:\/\/rotomoulage.org\/en\/applications\/transport\/\">Transport<\/a><\/h2>\t\t\t\t<\/div>\n\t\t\t\t<\/div>\n\t\t\t\t<div class=\"elementor-element elementor-element-0543f97 elementor-widget elementor-widget-button\" data-id=\"0543f97\" data-element_type=\"widget\" data-e-type=\"widget\" data-widget_type=\"button.default\">\n\t\t\t\t<div class=\"elementor-widget-container\">\n\t\t\t\t\t\t\t\t\t<div class=\"elementor-button-wrapper\">\n\t\t\t\t\t<a class=\"elementor-button elementor-button-link elementor-size-sm\" href=\"https:\/\/rotomoulage.org\/en\/applications\/transport\/\">\n\t\t\t\t\t\t<span class=\"elementor-button-content-wrapper\">\n\t\t\t\t\t\t\t\t\t<span class=\"elementor-button-text\">Discover<\/span>\n\t\t\t\t\t<\/span>\n\t\t\t\t\t<\/a>\n\t\t\t\t<\/div>\n\t\t\t\t\t\t\t\t<\/div>\n\t\t\t\t<\/div>\n\t\t\t\t<\/div>\n\t\t<div data-dce-background-overlay-color=\"#29292900\" data-dce-background-image-url=\"https:\/\/rotomoulage.org\/wp-content\/uploads\/2025\/05\/Urbanisme1.jpg\" class=\"elementor-element elementor-element-e805fba e-con-full e-flex e-con e-child\" data-id=\"e805fba\" data-element_type=\"container\" data-e-type=\"container\" data-settings=\"{&quot;background_background&quot;:&quot;classic&quot;,&quot;jet_parallax_layout_list&quot;:[]}\">\n\t\t\t\t<div data-dce-title-color=\"#FFFFFF\" class=\"elementor-element elementor-element-392711a elementor-widget elementor-widget-heading\" data-id=\"392711a\" data-element_type=\"widget\" data-e-type=\"widget\" data-widget_type=\"heading.default\">\n\t\t\t\t<div class=\"elementor-widget-container\">\n\t\t\t\t\t<h2 class=\"elementor-heading-title elementor-size-default\"><a href=\"https:\/\/rotomoulage.org\/en\/applications\/town-planning\/\">Town planning<\/a><\/h2>\t\t\t\t<\/div>\n\t\t\t\t<\/div>\n\t\t\t\t<div class=\"elementor-element elementor-element-d4c0d80 elementor-widget elementor-widget-button\" data-id=\"d4c0d80\" data-element_type=\"widget\" data-e-type=\"widget\" data-widget_type=\"button.default\">\n\t\t\t\t<div class=\"elementor-widget-container\">\n\t\t\t\t\t\t\t\t\t<div class=\"elementor-button-wrapper\">\n\t\t\t\t\t<a class=\"elementor-button elementor-button-link elementor-size-sm\" href=\"https:\/\/rotomoulage.org\/en\/applications\/town-planning\/\">\n\t\t\t\t\t\t<span class=\"elementor-button-content-wrapper\">\n\t\t\t\t\t\t\t\t\t<span class=\"elementor-button-text\">Discover<\/span>\n\t\t\t\t\t<\/span>\n\t\t\t\t\t<\/a>\n\t\t\t\t<\/div>\n\t\t\t\t\t\t\t\t<\/div>\n\t\t\t\t<\/div>\n\t\t\t\t<\/div>\n\t\t\t\t<\/div>\n\t\t\t\t\t<\/div>\n\t\t\t\t<\/div>\n\t\t\t\t<\/div>","protected":false},"excerpt":{"rendered":"<p>Donnez vie \u00e0 vos projets gr\u00e2ce au rotomoulage Depuis plus de vingt ans, les avanc\u00e9es dans les mat\u00e9riaux transformables et les outils de contr\u00f4le du proc\u00e9d\u00e9 ont fait du rotomoulage une v\u00e9ritable alternative aux m\u00e9thodes de fabrication traditionnelles. Ces derni\u00e8res ann\u00e9es, les \u00e9volutions sont particuli\u00e8rement notables : nouvelles technologies, machines de derni\u00e8re g\u00e9n\u00e9ration, moules innovants [&hellip;]<\/p>\n","protected":false},"author":1,"featured_media":0,"parent":0,"menu_order":0,"comment_status":"closed","ping_status":"closed","template":"elementor_header_footer","meta":{"footnotes":""},"class_list":["post-31","page","type-page","status-publish","hentry"],"yoast_head":"<!-- This site is optimized with the Yoast SEO plugin v27.5 - https:\/\/yoast.com\/product\/yoast-seo-wordpress\/ -->\n<title>Applications - AFR<\/title>\n<meta name=\"robots\" content=\"index, follow, max-snippet:-1, max-image-preview:large, max-video-preview:-1\" \/>\n<link rel=\"canonical\" href=\"https:\/\/rotomoulage.org\/en\/applications\/\" \/>\n<meta property=\"og:locale\" content=\"en_GB\" \/>\n<meta property=\"og:type\" content=\"article\" \/>\n<meta property=\"og:title\" content=\"Applications - AFR\" \/>\n<meta property=\"og:description\" content=\"Donnez vie \u00e0 vos projets gr\u00e2ce au rotomoulage Depuis plus de vingt ans, les avanc\u00e9es dans les mat\u00e9riaux transformables et les outils de contr\u00f4le du proc\u00e9d\u00e9 ont fait du rotomoulage une v\u00e9ritable alternative aux m\u00e9thodes de fabrication traditionnelles. Ces derni\u00e8res ann\u00e9es, les \u00e9volutions sont particuli\u00e8rement notables : nouvelles technologies, machines de derni\u00e8re g\u00e9n\u00e9ration, moules innovants [&hellip;]\" \/>\n<meta property=\"og:url\" content=\"https:\/\/rotomoulage.org\/en\/applications\/\" \/>\n<meta property=\"og:site_name\" content=\"AFR\" \/>\n<meta property=\"article:modified_time\" content=\"2025-07-07T21:45:34+00:00\" \/>\n<meta name=\"twitter:card\" content=\"summary_large_image\" \/>\n<meta name=\"twitter:label1\" content=\"Estimated reading time\" \/>\n\t<meta name=\"twitter:data1\" content=\"1 minute\" \/>\n<script type=\"application\/ld+json\" class=\"yoast-schema-graph\">{\"@context\":\"https:\\\/\\\/schema.org\",\"@graph\":[{\"@type\":\"WebPage\",\"@id\":\"https:\\\/\\\/rotomoulage.org\\\/applications\\\/\",\"url\":\"https:\\\/\\\/rotomoulage.org\\\/applications\\\/\",\"name\":\"Applications - AFR\",\"isPartOf\":{\"@id\":\"https:\\\/\\\/rotomoulage.org\\\/#website\"},\"datePublished\":\"2025-04-21T20:20:23+00:00\",\"dateModified\":\"2025-07-07T21:45:34+00:00\",\"breadcrumb\":{\"@id\":\"https:\\\/\\\/rotomoulage.org\\\/applications\\\/#breadcrumb\"},\"inLanguage\":\"en-GB\",\"potentialAction\":[{\"@type\":\"ReadAction\",\"target\":[\"https:\\\/\\\/rotomoulage.org\\\/applications\\\/\"]}]},{\"@type\":\"BreadcrumbList\",\"@id\":\"https:\\\/\\\/rotomoulage.org\\\/applications\\\/#breadcrumb\",\"itemListElement\":[{\"@type\":\"ListItem\",\"position\":1,\"name\":\"Accueil\",\"item\":\"https:\\\/\\\/rotomoulage.org\\\/\"},{\"@type\":\"ListItem\",\"position\":2,\"name\":\"Applications\"}]},{\"@type\":\"WebSite\",\"@id\":\"https:\\\/\\\/rotomoulage.org\\\/#website\",\"url\":\"https:\\\/\\\/rotomoulage.org\\\/\",\"name\":\"AFR\",\"description\":\"Association Francophone du Rotomoulage\",\"potentialAction\":[{\"@type\":\"SearchAction\",\"target\":{\"@type\":\"EntryPoint\",\"urlTemplate\":\"https:\\\/\\\/rotomoulage.org\\\/?s={search_term_string}\"},\"query-input\":{\"@type\":\"PropertyValueSpecification\",\"valueRequired\":true,\"valueName\":\"search_term_string\"}}],\"inLanguage\":\"en-GB\"}]}<\/script>\n<!-- \/ Yoast SEO plugin. -->","yoast_head_json":{"title":"Applications - AFR","robots":{"index":"index","follow":"follow","max-snippet":"max-snippet:-1","max-image-preview":"max-image-preview:large","max-video-preview":"max-video-preview:-1"},"canonical":"https:\/\/rotomoulage.org\/en\/applications\/","og_locale":"en_GB","og_type":"article","og_title":"Applications - AFR","og_description":"Donnez vie \u00e0 vos projets gr\u00e2ce au rotomoulage Depuis plus de vingt ans, les avanc\u00e9es dans les mat\u00e9riaux transformables et les outils de contr\u00f4le du proc\u00e9d\u00e9 ont fait du rotomoulage une v\u00e9ritable alternative aux m\u00e9thodes de fabrication traditionnelles. Ces derni\u00e8res ann\u00e9es, les \u00e9volutions sont particuli\u00e8rement notables : nouvelles technologies, machines de derni\u00e8re g\u00e9n\u00e9ration, moules innovants [&hellip;]","og_url":"https:\/\/rotomoulage.org\/en\/applications\/","og_site_name":"AFR","article_modified_time":"2025-07-07T21:45:34+00:00","twitter_card":"summary_large_image","twitter_misc":{"Estimated reading time":"1 minute"},"schema":{"@context":"https:\/\/schema.org","@graph":[{"@type":"WebPage","@id":"https:\/\/rotomoulage.org\/applications\/","url":"https:\/\/rotomoulage.org\/applications\/","name":"Applications - AFR","isPartOf":{"@id":"https:\/\/rotomoulage.org\/#website"},"datePublished":"2025-04-21T20:20:23+00:00","dateModified":"2025-07-07T21:45:34+00:00","breadcrumb":{"@id":"https:\/\/rotomoulage.org\/applications\/#breadcrumb"},"inLanguage":"en-GB","potentialAction":[{"@type":"ReadAction","target":["https:\/\/rotomoulage.org\/applications\/"]}]},{"@type":"BreadcrumbList","@id":"https:\/\/rotomoulage.org\/applications\/#breadcrumb","itemListElement":[{"@type":"ListItem","position":1,"name":"Accueil","item":"https:\/\/rotomoulage.org\/"},{"@type":"ListItem","position":2,"name":"Applications"}]},{"@type":"WebSite","@id":"https:\/\/rotomoulage.org\/#website","url":"https:\/\/rotomoulage.org\/","name":"AFR","description":"Association Francophone du Rotomoulage","potentialAction":[{"@type":"SearchAction","target":{"@type":"EntryPoint","urlTemplate":"https:\/\/rotomoulage.org\/?s={search_term_string}"},"query-input":{"@type":"PropertyValueSpecification","valueRequired":true,"valueName":"search_term_string"}}],"inLanguage":"en-GB"}]}},"_links":{"self":[{"href":"https:\/\/rotomoulage.org\/en\/wp-json\/wp\/v2\/pages\/31","targetHints":{"allow":["GET"]}}],"collection":[{"href":"https:\/\/rotomoulage.org\/en\/wp-json\/wp\/v2\/pages"}],"about":[{"href":"https:\/\/rotomoulage.org\/en\/wp-json\/wp\/v2\/types\/page"}],"author":[{"embeddable":true,"href":"https:\/\/rotomoulage.org\/en\/wp-json\/wp\/v2\/users\/1"}],"replies":[{"embeddable":true,"href":"https:\/\/rotomoulage.org\/en\/wp-json\/wp\/v2\/comments?post=31"}],"version-history":[{"count":31,"href":"https:\/\/rotomoulage.org\/en\/wp-json\/wp\/v2\/pages\/31\/revisions"}],"predecessor-version":[{"id":1178,"href":"https:\/\/rotomoulage.org\/en\/wp-json\/wp\/v2\/pages\/31\/revisions\/1178"}],"wp:attachment":[{"href":"https:\/\/rotomoulage.org\/en\/wp-json\/wp\/v2\/media?parent=31"}],"curies":[{"name":"wp","href":"https:\/\/api.w.org\/{rel}","templated":true}]}}