{"id":318,"date":"2025-06-05T20:59:38","date_gmt":"2025-06-05T18:59:38","guid":{"rendered":"https:\/\/rotomoulage.yohanndeprez.com\/?page_id=318"},"modified":"2025-06-27T14:02:54","modified_gmt":"2025-06-27T12:02:54","slug":"lere-du-4-0","status":"publish","type":"page","link":"https:\/\/rotomoulage.org\/en\/le-rotomoulage\/lere-du-4-0\/","title":{"rendered":"The 4.0 era"},"content":{"rendered":"<div data-elementor-type=\"wp-page\" data-elementor-id=\"318\" class=\"elementor elementor-318\" data-elementor-post-type=\"page\">\n\t\t\t\t<div class=\"elementor-element elementor-element-146697f e-flex e-con-boxed e-con e-parent\" data-id=\"146697f\" data-element_type=\"container\" data-e-type=\"container\" data-settings=\"{&quot;jet_parallax_layout_list&quot;:[]}\">\n\t\t\t\t\t<div class=\"e-con-inner\">\n\t\t\t\t<div class=\"elementor-element elementor-element-5bcd430 elementor-widget elementor-widget-heading\" data-id=\"5bcd430\" data-element_type=\"widget\" data-e-type=\"widget\" data-widget_type=\"heading.default\">\n\t\t\t\t<div class=\"elementor-widget-container\">\n\t\t\t\t\t<h1 class=\"elementor-heading-title elementor-size-default\">The 4.0 era<\/h1>\t\t\t\t<\/div>\n\t\t\t\t<\/div>\n\t\t\t\t<div class=\"elementor-element elementor-element-f112297 elementor-widget-divider--view-line elementor-widget elementor-widget-divider\" data-id=\"f112297\" data-element_type=\"widget\" data-e-type=\"widget\" data-widget_type=\"divider.default\">\n\t\t\t\t<div class=\"elementor-widget-container\">\n\t\t\t\t\t\t\t<div class=\"elementor-divider\">\n\t\t\t<span class=\"elementor-divider-separator\">\n\t\t\t\t\t\t<\/span>\n\t\t<\/div>\n\t\t\t\t\t\t<\/div>\n\t\t\t\t<\/div>\n\t\t\t\t\t<\/div>\n\t\t\t\t<\/div>\n\t\t<div class=\"elementor-element elementor-element-99b0b1a e-flex e-con-boxed e-con e-parent\" data-id=\"99b0b1a\" data-element_type=\"container\" data-e-type=\"container\" data-settings=\"{&quot;jet_parallax_layout_list&quot;:[]}\">\n\t\t\t\t\t<div class=\"e-con-inner\">\n\t\t\t\t<div class=\"elementor-element elementor-element-c02071c dce_masking-none elementor-widget elementor-widget-image\" data-id=\"c02071c\" data-element_type=\"widget\" data-e-type=\"widget\" data-widget_type=\"image.default\">\n\t\t\t\t<div class=\"elementor-widget-container\">\n\t\t\t\t\t\t\t\t\t\t\t\t\t\t\t<img fetchpriority=\"high\" decoding=\"async\" width=\"800\" height=\"399\" src=\"https:\/\/rotomoulage.org\/wp-content\/uploads\/2025\/06\/Bandeau-Rotomoulage-4.0-1024x511.jpg\" class=\"attachment-large size-large wp-image-1096\" alt=\"\" srcset=\"https:\/\/rotomoulage.org\/wp-content\/uploads\/2025\/06\/Bandeau-Rotomoulage-4.0-1024x511.jpg 1024w, https:\/\/rotomoulage.org\/wp-content\/uploads\/2025\/06\/Bandeau-Rotomoulage-4.0-300x150.jpg 300w, https:\/\/rotomoulage.org\/wp-content\/uploads\/2025\/06\/Bandeau-Rotomoulage-4.0-768x383.jpg 768w, https:\/\/rotomoulage.org\/wp-content\/uploads\/2025\/06\/Bandeau-Rotomoulage-4.0-18x9.jpg 18w, https:\/\/rotomoulage.org\/wp-content\/uploads\/2025\/06\/Bandeau-Rotomoulage-4.0.jpg 1303w\" sizes=\"(max-width: 800px) 100vw, 800px\" \/>\t\t\t\t\t\t\t\t\t\t\t\t\t\t\t<\/div>\n\t\t\t\t<\/div>\n\t\t\t\t\t<\/div>\n\t\t\t\t<\/div>\n\t\t<div class=\"elementor-element elementor-element-766e511 e-flex e-con-boxed e-con e-parent\" data-id=\"766e511\" data-element_type=\"container\" data-e-type=\"container\" data-settings=\"{&quot;jet_parallax_layout_list&quot;:[]}\">\n\t\t\t\t\t<div class=\"e-con-inner\">\n\t\t\t\t<div class=\"elementor-element elementor-element-b5c095f elementor-widget elementor-widget-heading\" data-id=\"b5c095f\" data-element_type=\"widget\" data-e-type=\"widget\" data-widget_type=\"heading.default\">\n\t\t\t\t<div class=\"elementor-widget-container\">\n\t\t\t\t\t<h2 class=\"elementor-heading-title elementor-size-default\">The process is becoming increasingly automated, allowing greater efficiency to meet ever more demanding applications. This development, combined with the use of new polymers, is opening up new markets for rotational moulding.\n\n\n\n\n\n\n\n\n\n<\/h2>\t\t\t\t<\/div>\n\t\t\t\t<\/div>\n\t\t\t\t<div class=\"elementor-element elementor-element-a8774cd elementor-widget-divider--view-line elementor-widget elementor-widget-divider\" data-id=\"a8774cd\" data-element_type=\"widget\" data-e-type=\"widget\" data-widget_type=\"divider.default\">\n\t\t\t\t<div class=\"elementor-widget-container\">\n\t\t\t\t\t\t\t<div class=\"elementor-divider\">\n\t\t\t<span class=\"elementor-divider-separator\">\n\t\t\t\t\t\t<\/span>\n\t\t<\/div>\n\t\t\t\t\t\t<\/div>\n\t\t\t\t<\/div>\n\t\t\t\t<div class=\"elementor-element elementor-element-794da8c elementor-widget elementor-widget-heading\" data-id=\"794da8c\" data-element_type=\"widget\" data-e-type=\"widget\" data-widget_type=\"heading.default\">\n\t\t\t\t<div class=\"elementor-widget-container\">\n\t\t\t\t\t<h2 class=\"elementor-heading-title elementor-size-default\">Automation\n<\/h2>\t\t\t\t<\/div>\n\t\t\t\t<\/div>\n\t\t\t\t<div class=\"elementor-element elementor-element-d272080 elementor-widget elementor-widget-text-editor\" data-id=\"d272080\" data-element_type=\"widget\" data-e-type=\"widget\" data-widget_type=\"text-editor.default\">\n\t\t\t\t<div class=\"elementor-widget-container\">\n\t\t\t\t\t\t\t\t\t<p>Robots are now being added to our production lines, enabling the industry to improve the productivity of their plants and their responsiveness in terms of production times.<\/p>\t\t\t\t\t\t\t\t<\/div>\n\t\t\t\t<\/div>\n\t\t\t\t<div class=\"elementor-element elementor-element-dcd996e elementor-widget-divider--view-line elementor-widget elementor-widget-divider\" data-id=\"dcd996e\" data-element_type=\"widget\" data-e-type=\"widget\" data-widget_type=\"divider.default\">\n\t\t\t\t<div class=\"elementor-widget-container\">\n\t\t\t\t\t\t\t<div class=\"elementor-divider\">\n\t\t\t<span class=\"elementor-divider-separator\">\n\t\t\t\t\t\t<\/span>\n\t\t<\/div>\n\t\t\t\t\t\t<\/div>\n\t\t\t\t<\/div>\n\t\t\t\t<div class=\"elementor-element elementor-element-596f2ea elementor-widget elementor-widget-heading\" data-id=\"596f2ea\" data-element_type=\"widget\" data-e-type=\"widget\" data-widget_type=\"heading.default\">\n\t\t\t\t<div class=\"elementor-widget-container\">\n\t\t\t\t\t<h2 class=\"elementor-heading-title elementor-size-default\">Reproducibility\n<\/h2>\t\t\t\t<\/div>\n\t\t\t\t<\/div>\n\t\t\t\t<div class=\"elementor-element elementor-element-d26be8a elementor-widget elementor-widget-text-editor\" data-id=\"d26be8a\" data-element_type=\"widget\" data-e-type=\"widget\" data-widget_type=\"text-editor.default\">\n\t\t\t\t<div class=\"elementor-widget-container\">\n\t\t\t\t\t\t\t\t\t<p>Traditionally, the 5 phases of the rotational moulding process require longer breaks than other techniques. Rotational moulding has been given a new impetus by the reproducibility of production systems.<\/p>\t\t\t\t\t\t\t\t<\/div>\n\t\t\t\t<\/div>\n\t\t\t\t<div class=\"elementor-element elementor-element-2949a66 elementor-widget-divider--view-line elementor-widget elementor-widget-divider\" data-id=\"2949a66\" data-element_type=\"widget\" data-e-type=\"widget\" data-widget_type=\"divider.default\">\n\t\t\t\t<div class=\"elementor-widget-container\">\n\t\t\t\t\t\t\t<div class=\"elementor-divider\">\n\t\t\t<span class=\"elementor-divider-separator\">\n\t\t\t\t\t\t<\/span>\n\t\t<\/div>\n\t\t\t\t\t\t<\/div>\n\t\t\t\t<\/div>\n\t\t\t\t<div class=\"elementor-element elementor-element-edfd60e elementor-widget elementor-widget-heading\" data-id=\"edfd60e\" data-element_type=\"widget\" data-e-type=\"widget\" data-widget_type=\"heading.default\">\n\t\t\t\t<div class=\"elementor-widget-container\">\n\t\t\t\t\t<h2 class=\"elementor-heading-title elementor-size-default\">Markets<\/h2>\t\t\t\t<\/div>\n\t\t\t\t<\/div>\n\t\t\t\t<div class=\"elementor-element elementor-element-9d49a05 elementor-widget elementor-widget-text-editor\" data-id=\"9d49a05\" data-element_type=\"widget\" data-e-type=\"widget\" data-widget_type=\"text-editor.default\">\n\t\t\t\t<div class=\"elementor-widget-container\">\n\t\t\t\t\t\t\t\t\t<p>Robotisation and automation of production lines enable us to become more competitive than other techniques, and thus to conquer new markets.<\/p>\t\t\t\t\t\t\t\t<\/div>\n\t\t\t\t<\/div>\n\t\t\t\t\t<\/div>\n\t\t\t\t<\/div>\n\t\t\t\t<\/div>","protected":false},"excerpt":{"rendered":"<p>Le proc\u00e9d\u00e9 s\u2019automatise, permettant une efficience accrue pour r\u00e9pondre \u00e0 des applications toujours plus exigeantes. Cette \u00e9volution, associ\u00e9e \u00e0 l\u2019utilisation de nouveaux polym\u00e8res, ouvre la voie \u00e0 de nouveaux march\u00e9s pour le rotomoulage. Automatisation Aujourd\u2019hui des robots viennent compl\u00e9ter nos lignes de production ce qui permet \u00e0 la fili\u00e8re d&rsquo;am\u00e9liorer la productivit\u00e9 de leur usine [&hellip;]<\/p>\n","protected":false},"author":1,"featured_media":0,"parent":29,"menu_order":0,"comment_status":"closed","ping_status":"closed","template":"elementor_header_footer","meta":{"footnotes":""},"class_list":["post-318","page","type-page","status-publish","hentry"],"yoast_head":"<!-- This site is optimized with the Yoast SEO plugin v27.5 - https:\/\/yoast.com\/product\/yoast-seo-wordpress\/ -->\n<title>L\u2019\u00e8re du 4.0 - AFR<\/title>\n<meta name=\"robots\" content=\"index, follow, max-snippet:-1, max-image-preview:large, max-video-preview:-1\" \/>\n<link rel=\"canonical\" href=\"https:\/\/rotomoulage.org\/en\/rotational-moulding\/lere-du-4-0\/\" \/>\n<meta property=\"og:locale\" content=\"en_GB\" \/>\n<meta property=\"og:type\" content=\"article\" \/>\n<meta property=\"og:title\" content=\"L\u2019\u00e8re du 4.0 - AFR\" \/>\n<meta property=\"og:description\" content=\"Le proc\u00e9d\u00e9 s\u2019automatise, permettant une efficience accrue pour r\u00e9pondre \u00e0 des applications toujours plus exigeantes. Cette \u00e9volution, associ\u00e9e \u00e0 l\u2019utilisation de nouveaux polym\u00e8res, ouvre la voie \u00e0 de nouveaux march\u00e9s pour le rotomoulage. Automatisation Aujourd\u2019hui des robots viennent compl\u00e9ter nos lignes de production ce qui permet \u00e0 la fili\u00e8re d&rsquo;am\u00e9liorer la productivit\u00e9 de leur usine [&hellip;]\" \/>\n<meta property=\"og:url\" content=\"https:\/\/rotomoulage.org\/en\/rotational-moulding\/lere-du-4-0\/\" \/>\n<meta property=\"og:site_name\" content=\"AFR\" \/>\n<meta property=\"article:modified_time\" content=\"2025-06-27T12:02:54+00:00\" \/>\n<meta property=\"og:image\" content=\"https:\/\/rotomoulage.org\/wp-content\/uploads\/2025\/06\/Bandeau-Rotomoulage-4.0.jpg\" \/>\n\t<meta property=\"og:image:width\" content=\"1303\" \/>\n\t<meta property=\"og:image:height\" content=\"650\" \/>\n\t<meta property=\"og:image:type\" content=\"image\/jpeg\" \/>\n<meta name=\"twitter:card\" content=\"summary_large_image\" \/>\n<meta name=\"twitter:label1\" content=\"Estimated reading time\" \/>\n\t<meta name=\"twitter:data1\" content=\"1 minute\" \/>\n<script type=\"application\/ld+json\" class=\"yoast-schema-graph\">{\"@context\":\"https:\\\/\\\/schema.org\",\"@graph\":[{\"@type\":\"WebPage\",\"@id\":\"https:\\\/\\\/rotomoulage.org\\\/le-rotomoulage\\\/lere-du-4-0\\\/\",\"url\":\"https:\\\/\\\/rotomoulage.org\\\/le-rotomoulage\\\/lere-du-4-0\\\/\",\"name\":\"L\u2019\u00e8re du 4.0 - AFR\",\"isPartOf\":{\"@id\":\"https:\\\/\\\/rotomoulage.org\\\/#website\"},\"primaryImageOfPage\":{\"@id\":\"https:\\\/\\\/rotomoulage.org\\\/le-rotomoulage\\\/lere-du-4-0\\\/#primaryimage\"},\"image\":{\"@id\":\"https:\\\/\\\/rotomoulage.org\\\/le-rotomoulage\\\/lere-du-4-0\\\/#primaryimage\"},\"thumbnailUrl\":\"https:\\\/\\\/rotomoulage.org\\\/wp-content\\\/uploads\\\/2025\\\/06\\\/Bandeau-Rotomoulage-4.0-1024x511.jpg\",\"datePublished\":\"2025-06-05T18:59:38+00:00\",\"dateModified\":\"2025-06-27T12:02:54+00:00\",\"breadcrumb\":{\"@id\":\"https:\\\/\\\/rotomoulage.org\\\/le-rotomoulage\\\/lere-du-4-0\\\/#breadcrumb\"},\"inLanguage\":\"en-GB\",\"potentialAction\":[{\"@type\":\"ReadAction\",\"target\":[\"https:\\\/\\\/rotomoulage.org\\\/le-rotomoulage\\\/lere-du-4-0\\\/\"]}]},{\"@type\":\"ImageObject\",\"inLanguage\":\"en-GB\",\"@id\":\"https:\\\/\\\/rotomoulage.org\\\/le-rotomoulage\\\/lere-du-4-0\\\/#primaryimage\",\"url\":\"https:\\\/\\\/rotomoulage.org\\\/wp-content\\\/uploads\\\/2025\\\/06\\\/Bandeau-Rotomoulage-4.0-1024x511.jpg\",\"contentUrl\":\"https:\\\/\\\/rotomoulage.org\\\/wp-content\\\/uploads\\\/2025\\\/06\\\/Bandeau-Rotomoulage-4.0-1024x511.jpg\"},{\"@type\":\"BreadcrumbList\",\"@id\":\"https:\\\/\\\/rotomoulage.org\\\/le-rotomoulage\\\/lere-du-4-0\\\/#breadcrumb\",\"itemListElement\":[{\"@type\":\"ListItem\",\"position\":1,\"name\":\"Accueil\",\"item\":\"https:\\\/\\\/rotomoulage.org\\\/\"},{\"@type\":\"ListItem\",\"position\":2,\"name\":\"Le rotomoulage\",\"item\":\"https:\\\/\\\/rotomoulage.org\\\/le-rotomoulage\\\/\"},{\"@type\":\"ListItem\",\"position\":3,\"name\":\"L\u2019\u00e8re du 4.0\"}]},{\"@type\":\"WebSite\",\"@id\":\"https:\\\/\\\/rotomoulage.org\\\/#website\",\"url\":\"https:\\\/\\\/rotomoulage.org\\\/\",\"name\":\"AFR\",\"description\":\"Association Francophone du Rotomoulage\",\"potentialAction\":[{\"@type\":\"SearchAction\",\"target\":{\"@type\":\"EntryPoint\",\"urlTemplate\":\"https:\\\/\\\/rotomoulage.org\\\/?s={search_term_string}\"},\"query-input\":{\"@type\":\"PropertyValueSpecification\",\"valueRequired\":true,\"valueName\":\"search_term_string\"}}],\"inLanguage\":\"en-GB\"}]}<\/script>\n<!-- \/ Yoast SEO plugin. -->","yoast_head_json":{"title":"The 4.0 era - AFR","robots":{"index":"index","follow":"follow","max-snippet":"max-snippet:-1","max-image-preview":"max-image-preview:large","max-video-preview":"max-video-preview:-1"},"canonical":"https:\/\/rotomoulage.org\/en\/rotational-moulding\/lere-du-4-0\/","og_locale":"en_GB","og_type":"article","og_title":"L\u2019\u00e8re du 4.0 - AFR","og_description":"Le proc\u00e9d\u00e9 s\u2019automatise, permettant une efficience accrue pour r\u00e9pondre \u00e0 des applications toujours plus exigeantes. Cette \u00e9volution, associ\u00e9e \u00e0 l\u2019utilisation de nouveaux polym\u00e8res, ouvre la voie \u00e0 de nouveaux march\u00e9s pour le rotomoulage. Automatisation Aujourd\u2019hui des robots viennent compl\u00e9ter nos lignes de production ce qui permet \u00e0 la fili\u00e8re d&rsquo;am\u00e9liorer la productivit\u00e9 de leur usine [&hellip;]","og_url":"https:\/\/rotomoulage.org\/en\/rotational-moulding\/lere-du-4-0\/","og_site_name":"AFR","article_modified_time":"2025-06-27T12:02:54+00:00","og_image":[{"width":1303,"height":650,"url":"https:\/\/rotomoulage.org\/wp-content\/uploads\/2025\/06\/Bandeau-Rotomoulage-4.0.jpg","type":"image\/jpeg"}],"twitter_card":"summary_large_image","twitter_misc":{"Estimated reading time":"1 minute"},"schema":{"@context":"https:\/\/schema.org","@graph":[{"@type":"WebPage","@id":"https:\/\/rotomoulage.org\/le-rotomoulage\/lere-du-4-0\/","url":"https:\/\/rotomoulage.org\/le-rotomoulage\/lere-du-4-0\/","name":"The 4.0 era - AFR","isPartOf":{"@id":"https:\/\/rotomoulage.org\/#website"},"primaryImageOfPage":{"@id":"https:\/\/rotomoulage.org\/le-rotomoulage\/lere-du-4-0\/#primaryimage"},"image":{"@id":"https:\/\/rotomoulage.org\/le-rotomoulage\/lere-du-4-0\/#primaryimage"},"thumbnailUrl":"https:\/\/rotomoulage.org\/wp-content\/uploads\/2025\/06\/Bandeau-Rotomoulage-4.0-1024x511.jpg","datePublished":"2025-06-05T18:59:38+00:00","dateModified":"2025-06-27T12:02:54+00:00","breadcrumb":{"@id":"https:\/\/rotomoulage.org\/le-rotomoulage\/lere-du-4-0\/#breadcrumb"},"inLanguage":"en-GB","potentialAction":[{"@type":"ReadAction","target":["https:\/\/rotomoulage.org\/le-rotomoulage\/lere-du-4-0\/"]}]},{"@type":"ImageObject","inLanguage":"en-GB","@id":"https:\/\/rotomoulage.org\/le-rotomoulage\/lere-du-4-0\/#primaryimage","url":"https:\/\/rotomoulage.org\/wp-content\/uploads\/2025\/06\/Bandeau-Rotomoulage-4.0-1024x511.jpg","contentUrl":"https:\/\/rotomoulage.org\/wp-content\/uploads\/2025\/06\/Bandeau-Rotomoulage-4.0-1024x511.jpg"},{"@type":"BreadcrumbList","@id":"https:\/\/rotomoulage.org\/le-rotomoulage\/lere-du-4-0\/#breadcrumb","itemListElement":[{"@type":"ListItem","position":1,"name":"Accueil","item":"https:\/\/rotomoulage.org\/"},{"@type":"ListItem","position":2,"name":"Le rotomoulage","item":"https:\/\/rotomoulage.org\/le-rotomoulage\/"},{"@type":"ListItem","position":3,"name":"L\u2019\u00e8re du 4.0"}]},{"@type":"WebSite","@id":"https:\/\/rotomoulage.org\/#website","url":"https:\/\/rotomoulage.org\/","name":"AFR","description":"Association Francophone du Rotomoulage","potentialAction":[{"@type":"SearchAction","target":{"@type":"EntryPoint","urlTemplate":"https:\/\/rotomoulage.org\/?s={search_term_string}"},"query-input":{"@type":"PropertyValueSpecification","valueRequired":true,"valueName":"search_term_string"}}],"inLanguage":"en-GB"}]}},"_links":{"self":[{"href":"https:\/\/rotomoulage.org\/en\/wp-json\/wp\/v2\/pages\/318","targetHints":{"allow":["GET"]}}],"collection":[{"href":"https:\/\/rotomoulage.org\/en\/wp-json\/wp\/v2\/pages"}],"about":[{"href":"https:\/\/rotomoulage.org\/en\/wp-json\/wp\/v2\/types\/page"}],"author":[{"embeddable":true,"href":"https:\/\/rotomoulage.org\/en\/wp-json\/wp\/v2\/users\/1"}],"replies":[{"embeddable":true,"href":"https:\/\/rotomoulage.org\/en\/wp-json\/wp\/v2\/comments?post=318"}],"version-history":[{"count":4,"href":"https:\/\/rotomoulage.org\/en\/wp-json\/wp\/v2\/pages\/318\/revisions"}],"predecessor-version":[{"id":1099,"href":"https:\/\/rotomoulage.org\/en\/wp-json\/wp\/v2\/pages\/318\/revisions\/1099"}],"up":[{"embeddable":true,"href":"https:\/\/rotomoulage.org\/en\/wp-json\/wp\/v2\/pages\/29"}],"wp:attachment":[{"href":"https:\/\/rotomoulage.org\/en\/wp-json\/wp\/v2\/media?parent=318"}],"curies":[{"name":"wp","href":"https:\/\/api.w.org\/{rel}","templated":true}]}}