{"id":320,"date":"2025-06-05T20:59:55","date_gmt":"2025-06-05T18:59:55","guid":{"rendered":"https:\/\/rotomoulage.yohanndeprez.com\/?page_id=320"},"modified":"2025-07-07T23:51:02","modified_gmt":"2025-07-07T21:51:02","slug":"design","status":"publish","type":"page","link":"https:\/\/rotomoulage.org\/en\/le-rotomoulage\/le-design\/","title":{"rendered":"The design"},"content":{"rendered":"<div data-elementor-type=\"wp-page\" data-elementor-id=\"320\" class=\"elementor elementor-320\" data-elementor-post-type=\"page\">\n\t\t\t\t<div class=\"elementor-element elementor-element-a5419f3 e-flex e-con-boxed e-con e-parent\" data-id=\"a5419f3\" data-element_type=\"container\" data-e-type=\"container\" data-settings=\"{&quot;jet_parallax_layout_list&quot;:[]}\">\n\t\t\t\t\t<div class=\"e-con-inner\">\n\t\t\t\t<div class=\"elementor-element elementor-element-6a9600e elementor-widget elementor-widget-heading\" data-id=\"6a9600e\" data-element_type=\"widget\" data-e-type=\"widget\" data-widget_type=\"heading.default\">\n\t\t\t\t<div class=\"elementor-widget-container\">\n\t\t\t\t\t<h1 class=\"elementor-heading-title elementor-size-default\">The design<\/h1>\t\t\t\t<\/div>\n\t\t\t\t<\/div>\n\t\t\t\t<div class=\"elementor-element elementor-element-201f93d elementor-widget-divider--view-line elementor-widget elementor-widget-divider\" data-id=\"201f93d\" data-element_type=\"widget\" data-e-type=\"widget\" data-widget_type=\"divider.default\">\n\t\t\t\t<div class=\"elementor-widget-container\">\n\t\t\t\t\t\t\t<div class=\"elementor-divider\">\n\t\t\t<span class=\"elementor-divider-separator\">\n\t\t\t\t\t\t<\/span>\n\t\t<\/div>\n\t\t\t\t\t\t<\/div>\n\t\t\t\t<\/div>\n\t\t\t\t\t<\/div>\n\t\t\t\t<\/div>\n\t\t<div class=\"elementor-element elementor-element-3b8db33 e-flex e-con-boxed e-con e-parent\" data-id=\"3b8db33\" data-element_type=\"container\" data-e-type=\"container\" data-settings=\"{&quot;jet_parallax_layout_list&quot;:[]}\">\n\t\t\t\t\t<div class=\"e-con-inner\">\n\t\t\t\t<div class=\"elementor-element elementor-element-708ff99 dce_masking-none elementor-widget elementor-widget-image\" data-id=\"708ff99\" data-element_type=\"widget\" data-e-type=\"widget\" data-widget_type=\"image.default\">\n\t\t\t\t<div class=\"elementor-widget-container\">\n\t\t\t\t\t\t\t\t\t\t\t\t\t\t\t<img fetchpriority=\"high\" decoding=\"async\" width=\"800\" height=\"399\" src=\"https:\/\/rotomoulage.org\/wp-content\/uploads\/2025\/06\/Bandeau-Design-1024x511.jpg\" class=\"attachment-large size-large wp-image-1105\" alt=\"\" srcset=\"https:\/\/rotomoulage.org\/wp-content\/uploads\/2025\/06\/Bandeau-Design-1024x511.jpg 1024w, https:\/\/rotomoulage.org\/wp-content\/uploads\/2025\/06\/Bandeau-Design-300x150.jpg 300w, https:\/\/rotomoulage.org\/wp-content\/uploads\/2025\/06\/Bandeau-Design-768x383.jpg 768w, https:\/\/rotomoulage.org\/wp-content\/uploads\/2025\/06\/Bandeau-Design-18x9.jpg 18w, https:\/\/rotomoulage.org\/wp-content\/uploads\/2025\/06\/Bandeau-Design.jpg 1303w\" sizes=\"(max-width: 800px) 100vw, 800px\" \/>\t\t\t\t\t\t\t\t\t\t\t\t\t\t\t<\/div>\n\t\t\t\t<\/div>\n\t\t\t\t\t<\/div>\n\t\t\t\t<\/div>\n\t\t<div class=\"elementor-element elementor-element-7fad202 e-flex e-con-boxed e-con e-parent\" data-id=\"7fad202\" data-element_type=\"container\" data-e-type=\"container\" data-settings=\"{&quot;jet_parallax_layout_list&quot;:[]}\">\n\t\t\t\t\t<div class=\"e-con-inner\">\n\t\t\t\t<div class=\"elementor-element elementor-element-0401fec elementor-widget elementor-widget-heading\" data-id=\"0401fec\" data-element_type=\"widget\" data-e-type=\"widget\" data-widget_type=\"heading.default\">\n\t\t\t\t<div class=\"elementor-widget-container\">\n\t\t\t\t\t<h2 class=\"elementor-heading-title elementor-size-default\">Rotational moulding offers great freedom of design, which appeals to many designers. They adopt it for its ability to give life to varied and innovative shapes, adapted to a multitude of applications.\n\n\n\n\n\n\n\n\n\n<\/h2>\t\t\t\t<\/div>\n\t\t\t\t<\/div>\n\t\t\t\t<div class=\"elementor-element elementor-element-ac6253a elementor-widget-divider--view-line elementor-widget elementor-widget-divider\" data-id=\"ac6253a\" data-element_type=\"widget\" data-e-type=\"widget\" data-widget_type=\"divider.default\">\n\t\t\t\t<div class=\"elementor-widget-container\">\n\t\t\t\t\t\t\t<div class=\"elementor-divider\">\n\t\t\t<span class=\"elementor-divider-separator\">\n\t\t\t\t\t\t<\/span>\n\t\t<\/div>\n\t\t\t\t\t\t<\/div>\n\t\t\t\t<\/div>\n\t\t\t\t<div class=\"elementor-element elementor-element-e45d4a9 elementor-widget elementor-widget-heading\" data-id=\"e45d4a9\" data-element_type=\"widget\" data-e-type=\"widget\" data-widget_type=\"heading.default\">\n\t\t\t\t<div class=\"elementor-widget-container\">\n\t\t\t\t\t<h2 class=\"elementor-heading-title elementor-size-default\">Colours\n<\/h2>\t\t\t\t<\/div>\n\t\t\t\t<\/div>\n\t\t\t\t<div class=\"elementor-element elementor-element-fcf9536 elementor-widget elementor-widget-text-editor\" data-id=\"fcf9536\" data-element_type=\"widget\" data-e-type=\"widget\" data-widget_type=\"text-editor.default\">\n\t\t\t\t<div class=\"elementor-widget-container\">\n\t\t\t\t\t\t\t\t\t<p>Colour is an essential aspect of any object's aesthetic appeal. The many colours available in rotational moulding bring projects to life and open up new creative possibilities. Rotomoulders can bring uniformity to all finished products, guaranteeing the aesthetic quality of the finished product.<\/p>\t\t\t\t\t\t\t\t<\/div>\n\t\t\t\t<\/div>\n\t\t\t\t<div class=\"elementor-element elementor-element-b4be455 elementor-widget-divider--view-line elementor-widget elementor-widget-divider\" data-id=\"b4be455\" data-element_type=\"widget\" data-e-type=\"widget\" data-widget_type=\"divider.default\">\n\t\t\t\t<div class=\"elementor-widget-container\">\n\t\t\t\t\t\t\t<div class=\"elementor-divider\">\n\t\t\t<span class=\"elementor-divider-separator\">\n\t\t\t\t\t\t<\/span>\n\t\t<\/div>\n\t\t\t\t\t\t<\/div>\n\t\t\t\t<\/div>\n\t\t\t\t<div class=\"elementor-element elementor-element-bd970be elementor-widget elementor-widget-heading\" data-id=\"bd970be\" data-element_type=\"widget\" data-e-type=\"widget\" data-widget_type=\"heading.default\">\n\t\t\t\t<div class=\"elementor-widget-container\">\n\t\t\t\t\t<h2 class=\"elementor-heading-title elementor-size-default\">Shapes<\/h2>\t\t\t\t<\/div>\n\t\t\t\t<\/div>\n\t\t\t\t<div class=\"elementor-element elementor-element-3114407 elementor-widget elementor-widget-text-editor\" data-id=\"3114407\" data-element_type=\"widget\" data-e-type=\"widget\" data-widget_type=\"text-editor.default\">\n\t\t\t\t<div class=\"elementor-widget-container\">\n\t\t\t\t\t\t\t\t\t<p>The use of rounded shapes, which is one of the specific characteristics of the rotational moulding technique, results in sleek designs and lines. Because the hollow parts are rotomoulded in one piece, there are no unsightly seams on the finished product.<\/p>\t\t\t\t\t\t\t\t<\/div>\n\t\t\t\t<\/div>\n\t\t\t\t<div class=\"elementor-element elementor-element-75fb83f elementor-widget-divider--view-line elementor-widget elementor-widget-divider\" data-id=\"75fb83f\" data-element_type=\"widget\" data-e-type=\"widget\" data-widget_type=\"divider.default\">\n\t\t\t\t<div class=\"elementor-widget-container\">\n\t\t\t\t\t\t\t<div class=\"elementor-divider\">\n\t\t\t<span class=\"elementor-divider-separator\">\n\t\t\t\t\t\t<\/span>\n\t\t<\/div>\n\t\t\t\t\t\t<\/div>\n\t\t\t\t<\/div>\n\t\t\t\t<div class=\"elementor-element elementor-element-a102afc elementor-widget elementor-widget-heading\" data-id=\"a102afc\" data-element_type=\"widget\" data-e-type=\"widget\" data-widget_type=\"heading.default\">\n\t\t\t\t<div class=\"elementor-widget-container\">\n\t\t\t\t\t<h2 class=\"elementor-heading-title elementor-size-default\">Creativity<\/h2>\t\t\t\t<\/div>\n\t\t\t\t<\/div>\n\t\t\t\t<div class=\"elementor-element elementor-element-a438c8e elementor-widget elementor-widget-text-editor\" data-id=\"a438c8e\" data-element_type=\"widget\" data-e-type=\"widget\" data-widget_type=\"text-editor.default\">\n\t\t\t\t<div class=\"elementor-widget-container\">\n\t\t\t\t\t\t\t\t\t<p>Rotational moulding gives free rein to the imagination and opens up new creative possibilities. The rotational moulding technique opens up a whole new world of possibilities, with complex shapes or the combination of several techniques:<\/p>\t\t\t\t\t\t\t\t<\/div>\n\t\t\t\t<\/div>\n\t\t\t\t\t<\/div>\n\t\t\t\t<\/div>\n\t\t\t\t<\/div>","protected":false},"excerpt":{"rendered":"<p>Le rotomoulage offre une grande libert\u00e9 de conception, ce qui s\u00e9duit de nombreux designers. Ils l\u2019adoptent pour sa capacit\u00e9 \u00e0 donner vie \u00e0 des formes vari\u00e9es et innovantes, adapt\u00e9es \u00e0 une multitude d\u2019applications. Couleurs La couleur est un aspect essentiel pour donner de l\u2019esth\u00e9tique \u00e0 un objet. Les multiples couleurs propos\u00e9es en rotomoulage donnent vie [&hellip;]<\/p>\n","protected":false},"author":1,"featured_media":0,"parent":29,"menu_order":0,"comment_status":"closed","ping_status":"closed","template":"elementor_header_footer","meta":{"footnotes":""},"class_list":["post-320","page","type-page","status-publish","hentry"],"yoast_head":"<!-- This site is optimized with the Yoast SEO plugin v27.5 - https:\/\/yoast.com\/product\/yoast-seo-wordpress\/ -->\n<title>Le design - AFR<\/title>\n<meta name=\"robots\" content=\"index, follow, max-snippet:-1, max-image-preview:large, max-video-preview:-1\" \/>\n<link rel=\"canonical\" href=\"https:\/\/rotomoulage.org\/en\/rotational-moulding\/design\/\" \/>\n<meta property=\"og:locale\" content=\"en_GB\" \/>\n<meta property=\"og:type\" content=\"article\" \/>\n<meta property=\"og:title\" content=\"Le design - AFR\" \/>\n<meta property=\"og:description\" content=\"Le rotomoulage offre une grande libert\u00e9 de conception, ce qui s\u00e9duit de nombreux designers. Ils l\u2019adoptent pour sa capacit\u00e9 \u00e0 donner vie \u00e0 des formes vari\u00e9es et innovantes, adapt\u00e9es \u00e0 une multitude d\u2019applications. Couleurs La couleur est un aspect essentiel pour donner de l\u2019esth\u00e9tique \u00e0 un objet. Les multiples couleurs propos\u00e9es en rotomoulage donnent vie [&hellip;]\" \/>\n<meta property=\"og:url\" content=\"https:\/\/rotomoulage.org\/en\/rotational-moulding\/design\/\" \/>\n<meta property=\"og:site_name\" content=\"AFR\" \/>\n<meta property=\"article:modified_time\" content=\"2025-07-07T21:51:02+00:00\" \/>\n<meta property=\"og:image\" content=\"https:\/\/rotomoulage.org\/wp-content\/uploads\/2025\/06\/Bandeau-Design.jpg\" \/>\n\t<meta property=\"og:image:width\" content=\"1303\" \/>\n\t<meta property=\"og:image:height\" content=\"650\" \/>\n\t<meta property=\"og:image:type\" content=\"image\/jpeg\" \/>\n<meta name=\"twitter:card\" content=\"summary_large_image\" \/>\n<meta name=\"twitter:label1\" content=\"Estimated reading time\" \/>\n\t<meta name=\"twitter:data1\" content=\"2 minutes\" \/>\n<script type=\"application\/ld+json\" class=\"yoast-schema-graph\">{\"@context\":\"https:\\\/\\\/schema.org\",\"@graph\":[{\"@type\":\"WebPage\",\"@id\":\"https:\\\/\\\/rotomoulage.org\\\/le-rotomoulage\\\/le-design\\\/\",\"url\":\"https:\\\/\\\/rotomoulage.org\\\/le-rotomoulage\\\/le-design\\\/\",\"name\":\"Le design - AFR\",\"isPartOf\":{\"@id\":\"https:\\\/\\\/rotomoulage.org\\\/#website\"},\"primaryImageOfPage\":{\"@id\":\"https:\\\/\\\/rotomoulage.org\\\/le-rotomoulage\\\/le-design\\\/#primaryimage\"},\"image\":{\"@id\":\"https:\\\/\\\/rotomoulage.org\\\/le-rotomoulage\\\/le-design\\\/#primaryimage\"},\"thumbnailUrl\":\"https:\\\/\\\/rotomoulage.org\\\/wp-content\\\/uploads\\\/2025\\\/06\\\/Bandeau-Design-1024x511.jpg\",\"datePublished\":\"2025-06-05T18:59:55+00:00\",\"dateModified\":\"2025-07-07T21:51:02+00:00\",\"breadcrumb\":{\"@id\":\"https:\\\/\\\/rotomoulage.org\\\/le-rotomoulage\\\/le-design\\\/#breadcrumb\"},\"inLanguage\":\"en-GB\",\"potentialAction\":[{\"@type\":\"ReadAction\",\"target\":[\"https:\\\/\\\/rotomoulage.org\\\/le-rotomoulage\\\/le-design\\\/\"]}]},{\"@type\":\"ImageObject\",\"inLanguage\":\"en-GB\",\"@id\":\"https:\\\/\\\/rotomoulage.org\\\/le-rotomoulage\\\/le-design\\\/#primaryimage\",\"url\":\"https:\\\/\\\/rotomoulage.org\\\/wp-content\\\/uploads\\\/2025\\\/06\\\/Bandeau-Design-1024x511.jpg\",\"contentUrl\":\"https:\\\/\\\/rotomoulage.org\\\/wp-content\\\/uploads\\\/2025\\\/06\\\/Bandeau-Design-1024x511.jpg\"},{\"@type\":\"BreadcrumbList\",\"@id\":\"https:\\\/\\\/rotomoulage.org\\\/le-rotomoulage\\\/le-design\\\/#breadcrumb\",\"itemListElement\":[{\"@type\":\"ListItem\",\"position\":1,\"name\":\"Accueil\",\"item\":\"https:\\\/\\\/rotomoulage.org\\\/\"},{\"@type\":\"ListItem\",\"position\":2,\"name\":\"Le rotomoulage\",\"item\":\"https:\\\/\\\/rotomoulage.org\\\/le-rotomoulage\\\/\"},{\"@type\":\"ListItem\",\"position\":3,\"name\":\"Le design\"}]},{\"@type\":\"WebSite\",\"@id\":\"https:\\\/\\\/rotomoulage.org\\\/#website\",\"url\":\"https:\\\/\\\/rotomoulage.org\\\/\",\"name\":\"AFR\",\"description\":\"Association Francophone du Rotomoulage\",\"potentialAction\":[{\"@type\":\"SearchAction\",\"target\":{\"@type\":\"EntryPoint\",\"urlTemplate\":\"https:\\\/\\\/rotomoulage.org\\\/?s={search_term_string}\"},\"query-input\":{\"@type\":\"PropertyValueSpecification\",\"valueRequired\":true,\"valueName\":\"search_term_string\"}}],\"inLanguage\":\"en-GB\"}]}<\/script>\n<!-- \/ Yoast SEO plugin. -->","yoast_head_json":{"title":"Design - AFR","robots":{"index":"index","follow":"follow","max-snippet":"max-snippet:-1","max-image-preview":"max-image-preview:large","max-video-preview":"max-video-preview:-1"},"canonical":"https:\/\/rotomoulage.org\/en\/rotational-moulding\/design\/","og_locale":"en_GB","og_type":"article","og_title":"Le design - AFR","og_description":"Le rotomoulage offre une grande libert\u00e9 de conception, ce qui s\u00e9duit de nombreux designers. Ils l\u2019adoptent pour sa capacit\u00e9 \u00e0 donner vie \u00e0 des formes vari\u00e9es et innovantes, adapt\u00e9es \u00e0 une multitude d\u2019applications. Couleurs La couleur est un aspect essentiel pour donner de l\u2019esth\u00e9tique \u00e0 un objet. Les multiples couleurs propos\u00e9es en rotomoulage donnent vie [&hellip;]","og_url":"https:\/\/rotomoulage.org\/en\/rotational-moulding\/design\/","og_site_name":"AFR","article_modified_time":"2025-07-07T21:51:02+00:00","og_image":[{"width":1303,"height":650,"url":"https:\/\/rotomoulage.org\/wp-content\/uploads\/2025\/06\/Bandeau-Design.jpg","type":"image\/jpeg"}],"twitter_card":"summary_large_image","twitter_misc":{"Estimated reading time":"2 minutes"},"schema":{"@context":"https:\/\/schema.org","@graph":[{"@type":"WebPage","@id":"https:\/\/rotomoulage.org\/le-rotomoulage\/le-design\/","url":"https:\/\/rotomoulage.org\/le-rotomoulage\/le-design\/","name":"Design - AFR","isPartOf":{"@id":"https:\/\/rotomoulage.org\/#website"},"primaryImageOfPage":{"@id":"https:\/\/rotomoulage.org\/le-rotomoulage\/le-design\/#primaryimage"},"image":{"@id":"https:\/\/rotomoulage.org\/le-rotomoulage\/le-design\/#primaryimage"},"thumbnailUrl":"https:\/\/rotomoulage.org\/wp-content\/uploads\/2025\/06\/Bandeau-Design-1024x511.jpg","datePublished":"2025-06-05T18:59:55+00:00","dateModified":"2025-07-07T21:51:02+00:00","breadcrumb":{"@id":"https:\/\/rotomoulage.org\/le-rotomoulage\/le-design\/#breadcrumb"},"inLanguage":"en-GB","potentialAction":[{"@type":"ReadAction","target":["https:\/\/rotomoulage.org\/le-rotomoulage\/le-design\/"]}]},{"@type":"ImageObject","inLanguage":"en-GB","@id":"https:\/\/rotomoulage.org\/le-rotomoulage\/le-design\/#primaryimage","url":"https:\/\/rotomoulage.org\/wp-content\/uploads\/2025\/06\/Bandeau-Design-1024x511.jpg","contentUrl":"https:\/\/rotomoulage.org\/wp-content\/uploads\/2025\/06\/Bandeau-Design-1024x511.jpg"},{"@type":"BreadcrumbList","@id":"https:\/\/rotomoulage.org\/le-rotomoulage\/le-design\/#breadcrumb","itemListElement":[{"@type":"ListItem","position":1,"name":"Accueil","item":"https:\/\/rotomoulage.org\/"},{"@type":"ListItem","position":2,"name":"Le rotomoulage","item":"https:\/\/rotomoulage.org\/le-rotomoulage\/"},{"@type":"ListItem","position":3,"name":"Le design"}]},{"@type":"WebSite","@id":"https:\/\/rotomoulage.org\/#website","url":"https:\/\/rotomoulage.org\/","name":"AFR","description":"Association Francophone du Rotomoulage","potentialAction":[{"@type":"SearchAction","target":{"@type":"EntryPoint","urlTemplate":"https:\/\/rotomoulage.org\/?s={search_term_string}"},"query-input":{"@type":"PropertyValueSpecification","valueRequired":true,"valueName":"search_term_string"}}],"inLanguage":"en-GB"}]}},"_links":{"self":[{"href":"https:\/\/rotomoulage.org\/en\/wp-json\/wp\/v2\/pages\/320","targetHints":{"allow":["GET"]}}],"collection":[{"href":"https:\/\/rotomoulage.org\/en\/wp-json\/wp\/v2\/pages"}],"about":[{"href":"https:\/\/rotomoulage.org\/en\/wp-json\/wp\/v2\/types\/page"}],"author":[{"embeddable":true,"href":"https:\/\/rotomoulage.org\/en\/wp-json\/wp\/v2\/users\/1"}],"replies":[{"embeddable":true,"href":"https:\/\/rotomoulage.org\/en\/wp-json\/wp\/v2\/comments?post=320"}],"version-history":[{"count":7,"href":"https:\/\/rotomoulage.org\/en\/wp-json\/wp\/v2\/pages\/320\/revisions"}],"predecessor-version":[{"id":1187,"href":"https:\/\/rotomoulage.org\/en\/wp-json\/wp\/v2\/pages\/320\/revisions\/1187"}],"up":[{"embeddable":true,"href":"https:\/\/rotomoulage.org\/en\/wp-json\/wp\/v2\/pages\/29"}],"wp:attachment":[{"href":"https:\/\/rotomoulage.org\/en\/wp-json\/wp\/v2\/media?parent=320"}],"curies":[{"name":"wp","href":"https:\/\/api.w.org\/{rel}","templated":true}]}}