{"id":681,"date":"2025-06-17T14:16:13","date_gmt":"2025-06-17T12:16:13","guid":{"rendered":"https:\/\/rotomoulage.yohanndeprez.com\/?page_id=681"},"modified":"2025-10-08T10:07:03","modified_gmt":"2025-10-08T08:07:03","slug":"rotational-moulding-memento","status":"publish","type":"page","link":"https:\/\/rotomoulage.org\/en\/le-rotomoulage\/memento-du-rotomoulage\/","title":{"rendered":"Rotational moulding guide"},"content":{"rendered":"\t\t<div data-elementor-type=\"wp-page\" data-elementor-id=\"681\" class=\"elementor elementor-681\" data-elementor-post-type=\"page\">\n\t\t\t\t<div class=\"elementor-element elementor-element-fd20849 e-flex e-con-boxed e-con e-parent\" data-id=\"fd20849\" data-element_type=\"container\" data-e-type=\"container\" data-settings=\"{&quot;jet_parallax_layout_list&quot;:[]}\">\n\t\t\t\t\t<div class=\"e-con-inner\">\n\t\t\t\t<div class=\"elementor-element elementor-element-f13f8ef elementor-widget elementor-widget-heading\" data-id=\"f13f8ef\" data-element_type=\"widget\" data-e-type=\"widget\" data-widget_type=\"heading.default\">\n\t\t\t\t<div class=\"elementor-widget-container\">\n\t\t\t\t\t<h1 class=\"elementor-heading-title elementor-size-default\">M\u00e9mento du rotomoulage<\/h1>\t\t\t\t<\/div>\n\t\t\t\t<\/div>\n\t\t\t\t<div class=\"elementor-element elementor-element-93316d3 elementor-widget-divider--view-line elementor-widget elementor-widget-divider\" data-id=\"93316d3\" data-element_type=\"widget\" data-e-type=\"widget\" data-widget_type=\"divider.default\">\n\t\t\t\t<div class=\"elementor-widget-container\">\n\t\t\t\t\t\t\t<div class=\"elementor-divider\">\n\t\t\t<span class=\"elementor-divider-separator\">\n\t\t\t\t\t\t<\/span>\n\t\t<\/div>\n\t\t\t\t\t\t<\/div>\n\t\t\t\t<\/div>\n\t\t\t\t\t<\/div>\n\t\t\t\t<\/div>\n\t\t<div class=\"elementor-element elementor-element-565e396 e-flex e-con-boxed e-con e-parent\" data-id=\"565e396\" data-element_type=\"container\" data-e-type=\"container\" data-settings=\"{&quot;jet_parallax_layout_list&quot;:[]}\">\n\t\t\t\t\t<div class=\"e-con-inner\">\n\t\t\t\t<div class=\"elementor-element elementor-element-8e17abd elementor-widget elementor-widget-text-editor\" data-id=\"8e17abd\" data-element_type=\"widget\" data-e-type=\"widget\" data-widget_type=\"text-editor.default\">\n\t\t\t\t<div class=\"elementor-widget-container\">\n\t\t\t\t\t\t\t\t\t<p>Le m\u00e9mento vous offre les cl\u00e9s pour bien comprendre les qualit\u00e9s et les capacit\u00e9s offertes par le rotomoulage. Il vous apprendra les subtilit\u00e9s de ce proc\u00e9d\u00e9. Vous comprendrez les contraintes des industriels rotomouleurs, et vous parlerez avec eux le m\u00eame langage, le beau langage de la conception de produits rotomoul\u00e9s.<\/p>\t\t\t\t\t\t\t\t<\/div>\n\t\t\t\t<\/div>\n\t\t\t\t\t<\/div>\n\t\t\t\t<\/div>\n\t\t<div class=\"elementor-element elementor-element-fe92474 e-flex e-con-boxed e-con e-parent\" data-id=\"fe92474\" data-element_type=\"container\" data-e-type=\"container\" data-settings=\"{&quot;jet_parallax_layout_list&quot;:[],&quot;background_background&quot;:&quot;classic&quot;}\">\n\t\t\t\t\t<div class=\"e-con-inner\">\n\t\t\t\t<div class=\"elementor-element elementor-element-13cc514 elementor-widget elementor-widget-heading\" data-id=\"13cc514\" data-element_type=\"widget\" data-e-type=\"widget\" data-widget_type=\"heading.default\">\n\t\t\t\t<div class=\"elementor-widget-container\">\n\t\t\t\t\t<h2 class=\"elementor-heading-title elementor-size-default\">Contenu du m\u00e9mento\n<\/h2>\t\t\t\t<\/div>\n\t\t\t\t<\/div>\n\t\t\t\t<div class=\"elementor-element elementor-element-c968952 elementor-widget elementor-widget-text-editor\" data-id=\"c968952\" data-element_type=\"widget\" data-e-type=\"widget\" data-widget_type=\"text-editor.default\">\n\t\t\t\t<div class=\"elementor-widget-container\">\n\t\t\t\t\t\t\t\t\t<p><strong>I. Les march\u00e9s \u2013 p. 6<\/strong><\/p><p><strong>II. Principes g\u00e9n\u00e9raux<\/strong><\/p><p>2.1 Ma\u00eetrise de la mati\u00e8re \u2013 p. 11<br \/>2.2 \u00c9l\u00e9ments sp\u00e9cifiques de design \u2013 p. 12<br \/>2.3 Conception et ma\u00eetrise de l\u2019outillage \u2013 p. 13<br \/>2.4 Machine \u2013 p. 15<br \/>2.5 Ma\u00eetrise des param\u00e8tres \u2013 p. 16<br \/>2.6 Ma\u00eetrise des d\u00e9fauts \u2013 p. 17<br \/>2.7 Contr\u00f4le qualit\u00e9 \u2013 p. 18<\/p><p><strong>III. Annexes<\/strong><\/p><p>3.1 Mat\u00e9riaux \u2013 p. 21<br \/>3.2 Design \u2013 p. 25<br \/>3.3 Moules, machines et proc\u00e9d\u00e9s \u2013 p. 33<br \/>3.4 Le rotomoulage r\u00e9actif \u2013 p. 36<br \/>3.5 Guide de mise au point \u2013 p. 38<\/p><p><strong>IV. R\u00e9f\u00e9rences et bibliographie \u2013 p. 44<\/strong><\/p>\t\t\t\t\t\t\t\t<\/div>\n\t\t\t\t<\/div>\n\t\t\t\t\t<\/div>\n\t\t\t\t<\/div>\n\t\t<div class=\"elementor-element elementor-element-d175444 e-flex e-con-boxed e-con e-parent\" data-id=\"d175444\" data-element_type=\"container\" data-e-type=\"container\" data-settings=\"{&quot;jet_parallax_layout_list&quot;:[]}\">\n\t\t\t\t\t<div class=\"e-con-inner\">\n\t\t\t\t<div class=\"elementor-element elementor-element-9a95007 elementor-widget elementor-widget-heading\" data-id=\"9a95007\" data-element_type=\"widget\" data-e-type=\"widget\" data-widget_type=\"heading.default\">\n\t\t\t\t<div class=\"elementor-widget-container\">\n\t\t\t\t\t<h2 class=\"elementor-heading-title elementor-size-default\">Int\u00e9ress\u00e9 par le m\u00e9mento du rotomoulage ?<\/h2>\t\t\t\t<\/div>\n\t\t\t\t<\/div>\n\t\t\t\t<div class=\"elementor-element elementor-element-74433fc elementor-widget elementor-widget-text-editor\" data-id=\"74433fc\" data-element_type=\"widget\" data-e-type=\"widget\" data-widget_type=\"text-editor.default\">\n\t\t\t\t<div class=\"elementor-widget-container\">\n\t\t\t\t\t\t\t\t\t<p>Remplissez le formulaire ci-dessous et obtenez le fichier PDF.<\/p>\t\t\t\t\t\t\t\t<\/div>\n\t\t\t\t<\/div>\n\t\t\t\t<div data-pafe-conditional-logic-form=\"[{&quot;_id&quot;:&quot;804133d&quot;,&quot;pafe_conditional_logic_form_show&quot;:&quot;fonction&quot;,&quot;pafe_conditional_logic_form_if&quot;:&quot;vousetes&quot;,&quot;pafe_conditional_logic_form_comparison_operators&quot;:&quot;=&quot;,&quot;pafe_conditional_logic_form_value&quot;:&quot;Professionnel&quot;,&quot;pafe_conditional_logic_form_required_field&quot;:&quot;yes&quot;,&quot;pafe_conditional_logic_form_type&quot;:&quot;string&quot;,&quot;pafe_conditional_logic_form_and_or_operators&quot;:&quot;or&quot;},{&quot;_id&quot;:&quot;07d7abc&quot;,&quot;pafe_conditional_logic_form_show&quot;:&quot;entreprise&quot;,&quot;pafe_conditional_logic_form_if&quot;:&quot;vousetes&quot;,&quot;pafe_conditional_logic_form_comparison_operators&quot;:&quot;=&quot;,&quot;pafe_conditional_logic_form_value&quot;:&quot;Professionnel&quot;,&quot;pafe_conditional_logic_form_required_field&quot;:&quot;yes&quot;,&quot;pafe_conditional_logic_form_type&quot;:&quot;string&quot;,&quot;pafe_conditional_logic_form_and_or_operators&quot;:&quot;or&quot;}]\" data-pafe-conditional-logic-form-speed=\"0\" data-pafe-conditional-logic-form-easing=\"\" data-pafe-conditional-logic-form-mark-required=\"\" class=\"elementor-element elementor-element-f23bfc7 elementor-button-align-start elementor-widget elementor-widget-form\" data-id=\"f23bfc7\" data-element_type=\"widget\" data-e-type=\"widget\" data-settings=\"{&quot;step_next_label&quot;:&quot;Suivant&quot;,&quot;step_previous_label&quot;:&quot;Pr\\u00e9c\\u00e9dent&quot;,&quot;button_width&quot;:&quot;100&quot;,&quot;dce_confirm_dialog_enabled&quot;:&quot;no&quot;,&quot;step_type&quot;:&quot;number_text&quot;,&quot;step_icon_shape&quot;:&quot;circle&quot;,&quot;label_icon_size&quot;:{&quot;unit&quot;:&quot;px&quot;,&quot;size&quot;:&quot;&quot;,&quot;sizes&quot;:[]},&quot;field_icon_size&quot;:{&quot;unit&quot;:&quot;px&quot;,&quot;size&quot;:&quot;&quot;,&quot;sizes&quot;:[]}}\" data-widget_type=\"form.default\">\n\t\t\t\t<div class=\"elementor-widget-container\">\n\t\t\t\t\t\t\t<form class=\"elementor-form\" method=\"post\" name=\"Nouveau formulaire\" aria-label=\"Nouveau formulaire\">\n\t\t\t<input type=\"hidden\" name=\"post_id\" value=\"681\"\/>\n\t\t\t<input type=\"hidden\" name=\"form_id\" value=\"f23bfc7\"\/>\n\t\t\t<input type=\"hidden\" name=\"referer_title\" value=\"M\u00e9mento du rotomoulage - AFR\" \/>\n\n\t\t\t\t\t\t\t<input type=\"hidden\" name=\"queried_id\" value=\"681\"\/>\n\t\t\t\n\t\t\t<div class=\"elementor-form-fields-wrapper elementor-labels-above\">\n\t\t\t\t\t\t\t\t<div class=\"elementor-field-type-radio elementor-field-group elementor-column elementor-field-group-vousetes elementor-col-100 elementor-field-required elementor-mark-required\">\n\t\t\t\t\t\t\t\t\t\t\t\t<label for=\"form-field-vousetes\" class=\"elementor-field-label\">\n\t\t\t\t\t\t\t\tVous \u00eates :\t\t\t\t\t\t\t<\/label>\n\t\t\t\t\t\t<div class=\"elementor-field-subgroup  elementor-subgroup-inline\"><span class=\"elementor-field-option\"><input type=\"radio\" value=\"Particulier\" id=\"form-field-vousetes-0\" name=\"form_fields[vousetes]\" required=\"required\"> <label for=\"form-field-vousetes-0\">Particulier<\/label><\/span><span class=\"elementor-field-option\"><input type=\"radio\" value=\"Professionnel\" id=\"form-field-vousetes-1\" name=\"form_fields[vousetes]\" required=\"required\"> <label for=\"form-field-vousetes-1\">Professionnel<\/label><\/span><\/div>\t\t\t\t<\/div>\n\t\t\t\t\t\t\t\t<div class=\"elementor-field-type-text elementor-field-group elementor-column elementor-field-group-prenom elementor-col-50 elementor-field-required elementor-mark-required\">\n\t\t\t\t\t\t\t\t\t\t\t\t<label for=\"form-field-prenom\" class=\"elementor-field-label\">\n\t\t\t\t\t\t\t\tPr\u00e9nom\t\t\t\t\t\t\t<\/label>\n\t\t\t\t\t\t\t\t\t\t\t\t\t\t<input size=\"1\" type=\"text\" name=\"form_fields[prenom]\" id=\"form-field-prenom\" class=\"elementor-field elementor-size-md  elementor-field-textual\" required=\"required\">\n\t\t\t\t\t\t\t\t\t\t\t<\/div>\n\t\t\t\t\t\t\t\t<div class=\"elementor-field-type-text elementor-field-group elementor-column elementor-field-group-nom elementor-col-50 elementor-field-required elementor-mark-required\">\n\t\t\t\t\t\t\t\t\t\t\t\t<label for=\"form-field-nom\" class=\"elementor-field-label\">\n\t\t\t\t\t\t\t\tNom\t\t\t\t\t\t\t<\/label>\n\t\t\t\t\t\t\t\t\t\t\t\t\t\t<input size=\"1\" type=\"text\" name=\"form_fields[nom]\" id=\"form-field-nom\" class=\"elementor-field elementor-size-md  elementor-field-textual\" required=\"required\">\n\t\t\t\t\t\t\t\t\t\t\t<\/div>\n\t\t\t\t\t\t\t\t<div class=\"elementor-field-type-text elementor-field-group elementor-column elementor-field-group-fonction elementor-col-50\">\n\t\t\t\t\t\t\t\t\t\t\t\t<label for=\"form-field-fonction\" class=\"elementor-field-label\">\n\t\t\t\t\t\t\t\tFonction\t\t\t\t\t\t\t<\/label>\n\t\t\t\t\t\t\t\t\t\t\t\t\t\t<input size=\"1\" type=\"text\" name=\"form_fields[fonction]\" id=\"form-field-fonction\" class=\"elementor-field elementor-size-md  elementor-field-textual\">\n\t\t\t\t\t\t\t\t\t\t\t<\/div>\n\t\t\t\t\t\t\t\t<div class=\"elementor-field-type-text elementor-field-group elementor-column elementor-field-group-entreprise elementor-col-50\">\n\t\t\t\t\t\t\t\t\t\t\t\t<label for=\"form-field-entreprise\" class=\"elementor-field-label\">\n\t\t\t\t\t\t\t\tEntreprise\t\t\t\t\t\t\t<\/label>\n\t\t\t\t\t\t\t\t\t\t\t\t\t\t<input size=\"1\" type=\"text\" name=\"form_fields[entreprise]\" id=\"form-field-entreprise\" class=\"elementor-field elementor-size-md  elementor-field-textual\">\n\t\t\t\t\t\t\t\t\t\t\t<\/div>\n\t\t\t\t\t\t\t\t<div class=\"elementor-field-type-tel elementor-field-group elementor-column elementor-field-group-telephone elementor-col-50 elementor-field-required elementor-mark-required\">\n\t\t\t\t\t\t\t\t\t\t\t\t<label for=\"form-field-telephone\" class=\"elementor-field-label\">\n\t\t\t\t\t\t\t\tT\u00e9l\u00e9phone\t\t\t\t\t\t\t<\/label>\n\t\t\t\t\t\t\t\t<input size=\"1\" type=\"tel\" name=\"form_fields[telephone]\" id=\"form-field-telephone\" class=\"elementor-field elementor-size-md  elementor-field-textual\" required=\"required\" pattern=\"[0-9()#&amp;+*-=.]+\" title=\"Seuls les caract\u00e8res de num\u00e9ros de t\u00e9l\u00e9phone (#, -, *, etc.) sont accept\u00e9s.\">\n\n\t\t\t\t\t\t<\/div>\n\t\t\t\t\t\t\t\t<div class=\"elementor-field-type-email elementor-field-group elementor-column elementor-field-group-email elementor-col-50 elementor-field-required elementor-mark-required\">\n\t\t\t\t\t\t\t\t\t\t\t\t<label for=\"form-field-email\" class=\"elementor-field-label\">\n\t\t\t\t\t\t\t\tEmail\t\t\t\t\t\t\t<\/label>\n\t\t\t\t\t\t\t\t\t\t\t\t\t\t<input size=\"1\" type=\"email\" name=\"form_fields[email]\" id=\"form-field-email\" class=\"elementor-field elementor-size-md  elementor-field-textual\" required=\"required\">\n\t\t\t\t\t\t\t\t\t\t\t<\/div>\n\t\t\t\t\t\t\t\t<div class=\"elementor-field-type-textarea elementor-field-group elementor-column elementor-field-group-message elementor-col-100 elementor-field-required elementor-mark-required\">\n\t\t\t\t\t\t\t\t\t\t\t\t<label for=\"form-field-message\" class=\"elementor-field-label\">\n\t\t\t\t\t\t\t\tMessage\t\t\t\t\t\t\t<\/label>\n\t\t\t\t\t\t<textarea class=\"elementor-field-textual elementor-field  elementor-size-md\" name=\"form_fields[message]\" id=\"form-field-message\" rows=\"4\" required=\"required\"><\/textarea>\t\t\t\t<\/div>\n\t\t\t\t\t\t\t\t<div class=\"elementor-field-type-recaptcha_v3 elementor-field-group elementor-column elementor-field-group-field_136ad62 elementor-col-100 recaptcha_v3-inline\">\n\t\t\t\t\t<div class=\"elementor-field\" id=\"form-field-field_136ad62\"><div class=\"elementor-g-recaptcha\" data-sitekey=\"6LfiylYrAAAAAGHkOyz2SooZ5fSIgHbmLgaJpivz\" data-type=\"v3\" data-action=\"Form\" data-badge=\"inline\" data-size=\"invisible\"><\/div><\/div>\t\t\t\t<\/div>\n\t\t\t\t\t\t\t\t<div class=\"elementor-field-type-recaptcha_v3 elementor-field-group elementor-column elementor-field-group-field_8bb68e7 elementor-col-100 recaptcha_v3-inline\">\n\t\t\t\t\t<div class=\"elementor-field\" id=\"form-field-field_8bb68e7\"><div class=\"elementor-g-recaptcha\" data-sitekey=\"6LfiylYrAAAAAGHkOyz2SooZ5fSIgHbmLgaJpivz\" data-type=\"v3\" data-action=\"Form\" data-badge=\"inline\" data-size=\"invisible\"><\/div><\/div>\t\t\t\t<\/div>\n\t\t\t\t\t\t\t\t<div class=\"elementor-field-group elementor-column elementor-field-type-submit elementor-col-100 e-form__buttons\">\n\t\t\t\t\t<button class=\"elementor-button elementor-size-md\" type=\"submit\">\n\t\t\t\t\t\t<span class=\"elementor-button-content-wrapper\">\n\t\t\t\t\t\t\t\t\t\t\t\t\t\t\t\t\t\t\t\t\t\t<span class=\"elementor-button-text\">Envoyer<\/span>\n\t\t\t\t\t\t\t\t\t\t\t\t\t<\/span>\n\t\t\t\t\t<\/button>\n\t\t\t\t<\/div>\n\t\t\t<\/div>\n\t\t<\/form>\n\t\t\t\t\t\t<\/div>\n\t\t\t\t<\/div>\n\t\t\t\t\t<\/div>\n\t\t\t\t<\/div>\n\t\t\t\t<\/div>\n\t\t","protected":false},"excerpt":{"rendered":"<p>Le m\u00e9mento vous offre les cl\u00e9s pour bien comprendre les qualit\u00e9s et les capacit\u00e9s offertes par le rotomoulage. Il vous apprendra les subtilit\u00e9s de ce proc\u00e9d\u00e9. Vous comprendrez les contraintes des industriels rotomouleurs, et vous parlerez avec eux le m\u00eame langage, le beau langage de la conception de produits rotomoul\u00e9s. Contenu du m\u00e9mento I. Les [&hellip;]<\/p>\n","protected":false},"author":1,"featured_media":0,"parent":29,"menu_order":0,"comment_status":"closed","ping_status":"closed","template":"elementor_header_footer","meta":{"footnotes":""},"class_list":["post-681","page","type-page","status-publish","hentry"],"yoast_head":"<!-- This site is optimized with the Yoast SEO plugin v27.5 - https:\/\/yoast.com\/product\/yoast-seo-wordpress\/ -->\n<title>M\u00e9mento du rotomoulage - AFR<\/title>\n<meta name=\"robots\" content=\"index, follow, max-snippet:-1, max-image-preview:large, max-video-preview:-1\" \/>\n<link rel=\"canonical\" href=\"https:\/\/rotomoulage.org\/en\/rotational-moulding\/rotational-moulding-memento\/\" \/>\n<meta property=\"og:locale\" content=\"en_GB\" \/>\n<meta property=\"og:type\" content=\"article\" \/>\n<meta property=\"og:title\" content=\"M\u00e9mento du rotomoulage - AFR\" \/>\n<meta property=\"og:description\" content=\"Le m\u00e9mento vous offre les cl\u00e9s pour bien comprendre les qualit\u00e9s et les capacit\u00e9s offertes par le rotomoulage. Il vous apprendra les subtilit\u00e9s de ce proc\u00e9d\u00e9. Vous comprendrez les contraintes des industriels rotomouleurs, et vous parlerez avec eux le m\u00eame langage, le beau langage de la conception de produits rotomoul\u00e9s. Contenu du m\u00e9mento I. Les [&hellip;]\" \/>\n<meta property=\"og:url\" content=\"https:\/\/rotomoulage.org\/en\/rotational-moulding\/rotational-moulding-memento\/\" \/>\n<meta property=\"og:site_name\" content=\"AFR\" \/>\n<meta property=\"article:modified_time\" content=\"2025-10-08T08:07:03+00:00\" \/>\n<meta name=\"twitter:card\" content=\"summary_large_image\" \/>\n<meta name=\"twitter:label1\" content=\"Estimated reading time\" \/>\n\t<meta name=\"twitter:data1\" content=\"1 minute\" \/>\n<script type=\"application\/ld+json\" class=\"yoast-schema-graph\">{\"@context\":\"https:\\\/\\\/schema.org\",\"@graph\":[{\"@type\":\"WebPage\",\"@id\":\"https:\\\/\\\/rotomoulage.org\\\/le-rotomoulage\\\/memento-du-rotomoulage\\\/\",\"url\":\"https:\\\/\\\/rotomoulage.org\\\/le-rotomoulage\\\/memento-du-rotomoulage\\\/\",\"name\":\"M\u00e9mento du rotomoulage - AFR\",\"isPartOf\":{\"@id\":\"https:\\\/\\\/rotomoulage.org\\\/#website\"},\"datePublished\":\"2025-06-17T12:16:13+00:00\",\"dateModified\":\"2025-10-08T08:07:03+00:00\",\"breadcrumb\":{\"@id\":\"https:\\\/\\\/rotomoulage.org\\\/le-rotomoulage\\\/memento-du-rotomoulage\\\/#breadcrumb\"},\"inLanguage\":\"en-GB\",\"potentialAction\":[{\"@type\":\"ReadAction\",\"target\":[\"https:\\\/\\\/rotomoulage.org\\\/le-rotomoulage\\\/memento-du-rotomoulage\\\/\"]}]},{\"@type\":\"BreadcrumbList\",\"@id\":\"https:\\\/\\\/rotomoulage.org\\\/le-rotomoulage\\\/memento-du-rotomoulage\\\/#breadcrumb\",\"itemListElement\":[{\"@type\":\"ListItem\",\"position\":1,\"name\":\"Accueil\",\"item\":\"https:\\\/\\\/rotomoulage.org\\\/\"},{\"@type\":\"ListItem\",\"position\":2,\"name\":\"Le rotomoulage\",\"item\":\"https:\\\/\\\/rotomoulage.org\\\/le-rotomoulage\\\/\"},{\"@type\":\"ListItem\",\"position\":3,\"name\":\"M\u00e9mento du rotomoulage\"}]},{\"@type\":\"WebSite\",\"@id\":\"https:\\\/\\\/rotomoulage.org\\\/#website\",\"url\":\"https:\\\/\\\/rotomoulage.org\\\/\",\"name\":\"AFR\",\"description\":\"Association Francophone du Rotomoulage\",\"potentialAction\":[{\"@type\":\"SearchAction\",\"target\":{\"@type\":\"EntryPoint\",\"urlTemplate\":\"https:\\\/\\\/rotomoulage.org\\\/?s={search_term_string}\"},\"query-input\":{\"@type\":\"PropertyValueSpecification\",\"valueRequired\":true,\"valueName\":\"search_term_string\"}}],\"inLanguage\":\"en-GB\"}]}<\/script>\n<!-- \/ Yoast SEO plugin. -->","yoast_head_json":{"title":"Rotational moulding handbook - AFR","robots":{"index":"index","follow":"follow","max-snippet":"max-snippet:-1","max-image-preview":"max-image-preview:large","max-video-preview":"max-video-preview:-1"},"canonical":"https:\/\/rotomoulage.org\/en\/rotational-moulding\/rotational-moulding-memento\/","og_locale":"en_GB","og_type":"article","og_title":"M\u00e9mento du rotomoulage - AFR","og_description":"Le m\u00e9mento vous offre les cl\u00e9s pour bien comprendre les qualit\u00e9s et les capacit\u00e9s offertes par le rotomoulage. Il vous apprendra les subtilit\u00e9s de ce proc\u00e9d\u00e9. Vous comprendrez les contraintes des industriels rotomouleurs, et vous parlerez avec eux le m\u00eame langage, le beau langage de la conception de produits rotomoul\u00e9s. Contenu du m\u00e9mento I. Les [&hellip;]","og_url":"https:\/\/rotomoulage.org\/en\/rotational-moulding\/rotational-moulding-memento\/","og_site_name":"AFR","article_modified_time":"2025-10-08T08:07:03+00:00","twitter_card":"summary_large_image","twitter_misc":{"Estimated reading time":"1 minute"},"schema":{"@context":"https:\/\/schema.org","@graph":[{"@type":"WebPage","@id":"https:\/\/rotomoulage.org\/le-rotomoulage\/memento-du-rotomoulage\/","url":"https:\/\/rotomoulage.org\/le-rotomoulage\/memento-du-rotomoulage\/","name":"Rotational moulding handbook - AFR","isPartOf":{"@id":"https:\/\/rotomoulage.org\/#website"},"datePublished":"2025-06-17T12:16:13+00:00","dateModified":"2025-10-08T08:07:03+00:00","breadcrumb":{"@id":"https:\/\/rotomoulage.org\/le-rotomoulage\/memento-du-rotomoulage\/#breadcrumb"},"inLanguage":"en-GB","potentialAction":[{"@type":"ReadAction","target":["https:\/\/rotomoulage.org\/le-rotomoulage\/memento-du-rotomoulage\/"]}]},{"@type":"BreadcrumbList","@id":"https:\/\/rotomoulage.org\/le-rotomoulage\/memento-du-rotomoulage\/#breadcrumb","itemListElement":[{"@type":"ListItem","position":1,"name":"Accueil","item":"https:\/\/rotomoulage.org\/"},{"@type":"ListItem","position":2,"name":"Le rotomoulage","item":"https:\/\/rotomoulage.org\/le-rotomoulage\/"},{"@type":"ListItem","position":3,"name":"M\u00e9mento du rotomoulage"}]},{"@type":"WebSite","@id":"https:\/\/rotomoulage.org\/#website","url":"https:\/\/rotomoulage.org\/","name":"AFR","description":"Association Francophone du Rotomoulage","potentialAction":[{"@type":"SearchAction","target":{"@type":"EntryPoint","urlTemplate":"https:\/\/rotomoulage.org\/?s={search_term_string}"},"query-input":{"@type":"PropertyValueSpecification","valueRequired":true,"valueName":"search_term_string"}}],"inLanguage":"en-GB"}]}},"_links":{"self":[{"href":"https:\/\/rotomoulage.org\/en\/wp-json\/wp\/v2\/pages\/681","targetHints":{"allow":["GET"]}}],"collection":[{"href":"https:\/\/rotomoulage.org\/en\/wp-json\/wp\/v2\/pages"}],"about":[{"href":"https:\/\/rotomoulage.org\/en\/wp-json\/wp\/v2\/types\/page"}],"author":[{"embeddable":true,"href":"https:\/\/rotomoulage.org\/en\/wp-json\/wp\/v2\/users\/1"}],"replies":[{"embeddable":true,"href":"https:\/\/rotomoulage.org\/en\/wp-json\/wp\/v2\/comments?post=681"}],"version-history":[{"count":22,"href":"https:\/\/rotomoulage.org\/en\/wp-json\/wp\/v2\/pages\/681\/revisions"}],"predecessor-version":[{"id":1316,"href":"https:\/\/rotomoulage.org\/en\/wp-json\/wp\/v2\/pages\/681\/revisions\/1316"}],"up":[{"embeddable":true,"href":"https:\/\/rotomoulage.org\/en\/wp-json\/wp\/v2\/pages\/29"}],"wp:attachment":[{"href":"https:\/\/rotomoulage.org\/en\/wp-json\/wp\/v2\/media?parent=681"}],"curies":[{"name":"wp","href":"https:\/\/api.w.org\/{rel}","templated":true}]}}